{"id":7928,"date":"2022-07-17T09:28:24","date_gmt":"2022-07-17T09:28:24","guid":{"rendered":"https:\/\/zetapharma.net\/private-label-eigenmarke\/"},"modified":"2022-10-27T14:12:58","modified_gmt":"2022-10-27T14:12:58","slug":"private-label-eigenmarke","status":"publish","type":"page","link":"https:\/\/zetapharma.net\/de\/private-label-eigenmarke\/","title":{"rendered":"Private Label ( Eigenmarke )"},"content":{"rendered":"\t\t<div data-elementor-type=\"wp-page\" data-elementor-id=\"7928\" class=\"elementor elementor-7928\" data-elementor-post-type=\"page\">\n\t\t\t\t\t\t<section class=\"elementor-section elementor-top-section elementor-element elementor-element-6bbdb646 elementor-section-stretched elementor-section-boxed elementor-section-height-default elementor-section-height-default\" data-id=\"6bbdb646\" data-element_type=\"section\" data-settings=\"{&quot;background_background&quot;:&quot;classic&quot;,&quot;stretch_section&quot;:&quot;section-stretched&quot;,&quot;jet_parallax_layout_list&quot;:[]}\">\r\n\t\t\t\t\t\t<div class=\"elementor-background-overlay\"><\/div>\r\n\t\t\t\r\n\t\t\t\t\t\t\t<div class=\"elementor-container elementor-column-gap-default\">\r\n\t\t\t\t\t\t\t\t\t\t\t<div class=\"elementor-column elementor-col-100 elementor-top-column elementor-element elementor-element-6111819c\" data-id=\"6111819c\" data-element_type=\"column\">\r\n\t\t\t\t\t<div class=\"elementor-widget-wrap elementor-element-populated\">\r\n\t\t\t\t\t\t\t\t<div class=\"elementor-element elementor-element-466eb871 animated-fast elementor-invisible elementor-widget elementor-widget-heading\" data-id=\"466eb871\" data-element_type=\"widget\" data-settings=\"{&quot;_animation_delay&quot;:&quot;200&quot;,&quot;_animation&quot;:&quot;fadeInDown&quot;}\" data-widget_type=\"heading.default\">\n\t\t\t\t\t<h1 class=\"elementor-heading-title elementor-size-default\">Private Label ( Eigenmarke )<\/h1>\t\t\t\t<\/div>\n\t\t\t\t<section class=\"elementor-section elementor-inner-section elementor-element elementor-element-6db792d elementor-section-boxed elementor-section-height-default elementor-section-height-default\" data-id=\"6db792d\" data-element_type=\"section\" data-settings=\"{&quot;jet_parallax_layout_list&quot;:[]}\">\r\n\t\t\r\n\t\t\t\t\t\t\t<div class=\"elementor-container elementor-column-gap-default\">\r\n\t\t\t\t\t\t\t\t\t\t\t<div class=\"elementor-column elementor-col-33 elementor-inner-column elementor-element elementor-element-f7c118f\" data-id=\"f7c118f\" data-element_type=\"column\">\r\n\t\t\t\t\t<div class=\"elementor-widget-wrap elementor-element-populated\">\r\n\t\t\t\t\t\t\t\t<div class=\"elementor-element elementor-element-80f9663 elementor-widget elementor-widget-heading\" data-id=\"80f9663\" data-element_type=\"widget\" data-widget_type=\"heading.default\">\n\t\t\t\t\t<h6 class=\"elementor-heading-title elementor-size-default\"><a href=\"https:\/\/zetapharma.net\/de\/\">Haus<\/a><\/h6>\t\t\t\t<\/div>\n\t\t\t\t\t<\/div>\r\n\t\t\t\t<\/div>\r\n\t\t\t\t<div class=\"elementor-column elementor-col-33 elementor-inner-column elementor-element elementor-element-cecbb77\" data-id=\"cecbb77\" data-element_type=\"column\">\r\n\t\t\t\t\t<div class=\"elementor-widget-wrap elementor-element-populated\">\r\n\t\t\t\t\t\t\t\t<div class=\"elementor-element elementor-element-0665c89 elementor-widget elementor-widget-heading\" data-id=\"0665c89\" data-element_type=\"widget\" data-widget_type=\"heading.default\">\n\t\t\t\t\t<h6 class=\"elementor-heading-title elementor-size-default\"><a href=\"#\">&gt;<\/a><\/h6>\t\t\t\t<\/div>\n\t\t\t\t\t<\/div>\r\n\t\t\t\t<\/div>\r\n\t\t\t\t<div class=\"elementor-column elementor-col-33 elementor-inner-column elementor-element elementor-element-5f99432\" data-id=\"5f99432\" data-element_type=\"column\">\r\n\t\t\t\t\t<div class=\"elementor-widget-wrap elementor-element-populated\">\r\n\t\t\t\t\t\t\t\t<div class=\"elementor-element elementor-element-1d907c8 elementor-widget elementor-widget-heading\" data-id=\"1d907c8\" data-element_type=\"widget\" data-widget_type=\"heading.default\">\n\t\t\t\t\t<h6 class=\"elementor-heading-title elementor-size-default\"><a href=\"https:\/\/zetapharma.net\/de\/private-label-eigenmarke\/\">Private Label ( Eigenmarke )<\/a><\/h6>\t\t\t\t<\/div>\n\t\t\t\t\t<\/div>\r\n\t\t\t\t<\/div>\r\n\t\t\t\t\t<\/div>\r\n\t\t\t\t<\/section>\r\n\t\t\t\t\t<\/div>\r\n\t\t\t\t<\/div>\r\n\t\t\t\t\t<\/div>\r\n\t\t\t\t<\/section>\r\n\t\t\t\t<section class=\"elementor-section elementor-top-section elementor-element elementor-element-ad4e65a elementor-section-boxed elementor-section-height-default elementor-section-height-default\" data-id=\"ad4e65a\" data-element_type=\"section\" data-settings=\"{&quot;jet_parallax_layout_list&quot;:[]}\">\r\n\t\t\r\n\t\t\t\t\t\t\t<div class=\"elementor-container elementor-column-gap-default\">\r\n\t\t\t\t\t\t\t\t\t\t\t<div class=\"elementor-column elementor-col-100 elementor-top-column elementor-element elementor-element-38eaa433\" data-id=\"38eaa433\" data-element_type=\"column\">\r\n\t\t\t\t\t<div class=\"elementor-widget-wrap elementor-element-populated\">\r\n\t\t\t\t\t\t\t\t<div class=\"elementor-element elementor-element-7ab14b54 elementor-widget elementor-widget-heading\" data-id=\"7ab14b54\" data-element_type=\"widget\" data-widget_type=\"heading.default\">\n\t\t\t\t\t<h3 class=\"elementor-heading-title elementor-size-default\">Private Label ( Eigenmarke )<\/h3>\t\t\t\t<\/div>\n\t\t\t\t<section class=\"elementor-section elementor-inner-section elementor-element elementor-element-8b84381 elementor-section-boxed elementor-section-height-default elementor-section-height-default\" data-id=\"8b84381\" data-element_type=\"section\" data-settings=\"{&quot;jet_parallax_layout_list&quot;:[]}\">\r\n\t\t\r\n\t\t\t\t\t\t\t<div class=\"elementor-container elementor-column-gap-default\">\r\n\t\t\t\t\t\t\t\t\t\t\t<div class=\"elementor-column elementor-col-50 elementor-inner-column elementor-element elementor-element-2ac994a\" data-id=\"2ac994a\" data-element_type=\"column\">\r\n\t\t\t\t\t<div class=\"elementor-widget-wrap elementor-element-populated\">\r\n\t\t\t\t\t\t\t\t<div class=\"elementor-element elementor-element-4b435bde elementor-widget elementor-widget-heading\" data-id=\"4b435bde\" data-element_type=\"widget\" data-widget_type=\"heading.default\">\n\t\t\t\t\t<p class=\"elementor-heading-title elementor-size-default\">Private Labeling ist eine der einfachsten M\u00f6glichkeiten, Ihre Marke aufzubauen Unabh\u00e4ngig davon, ob Sie bereits ein angesehenes Pharma- und Nahrungserg\u00e4nzungsmittelunternehmen sind, das Ihre aktuelle Produktlinie erweitern m\u00f6chte, oder ob Sie ein junges Unternehmen sind, das in die Pharma- und Nahrungserg\u00e4nzungsmittelbranche vordringt, wir empfehlen Ihnen, einen Blick auf die Vorteile von Eigenmarken zu werfen.<\/p>\t\t\t\t<\/div>\n\t\t\t\t\t<\/div>\r\n\t\t\t\t<\/div>\r\n\t\t\t\t<div class=\"elementor-column elementor-col-50 elementor-inner-column elementor-element elementor-element-e9ab627\" data-id=\"e9ab627\" data-element_type=\"column\">\r\n\t\t\t\t\t<div class=\"elementor-widget-wrap elementor-element-populated\">\r\n\t\t\t\t\t\t\t\t<div class=\"elementor-element elementor-element-240c67de elementor-widget elementor-widget-heading\" data-id=\"240c67de\" data-element_type=\"widget\" data-widget_type=\"heading.default\">\n\t\t\t\t\t<p class=\"elementor-heading-title elementor-size-default\">Zeta Pharma bietet viele markenfertige Eigenmarken ( Private Label)-Medikamente, Vitamine und Nahrungserg\u00e4nzungsmittel in verschiedenen Dosierungen und Darreichungsformen, um Ihren Bed\u00fcrfnissen gerecht zu werden.\nW\u00e4hlen Sie eines unserer bereits bestehenden Handelsmarkenprodukte oder Formeln aus und verleihen Sie ihnen Ihre pers\u00f6nliche Note, indem Sie Ihren Namen hinzuf\u00fcgen, Ihr Design(Gestaltung) erstellen und Ihre Verpackung ausw\u00e4hlen.<\/p>\t\t\t\t<\/div>\n\t\t\t\t\t<\/div>\r\n\t\t\t\t<\/div>\r\n\t\t\t\t\t<\/div>\r\n\t\t\t\t<\/section>\r\n\t\t\t\t<div class=\"elementor-element elementor-element-37e3de7 elementor-blockquote--skin-border elementor-blockquote--button-color-official elementor-widget elementor-widget-blockquote\" data-id=\"37e3de7\" data-element_type=\"widget\" data-widget_type=\"blockquote.default\">\n\t\t\t\t\t\t\t<blockquote class=\"elementor-blockquote\">\n\t\t\t<p class=\"elementor-blockquote__content\">\n\t\t\t\tZeta Pharma bietet viele markenfertige Eigenmarken ( Private Label)-Medikamente, Vitamine und Nahrungserg\u00e4nzungsmittel in verschiedenen Dosierungen und Darreichungsformen, um Ihren Bed\u00fcrfnissen gerecht zu werden.\nW\u00e4hlen Sie eines unserer bereits bestehenden Handelsmarkenprodukte oder Formeln aus und verleihen Sie ihnen Ihre pers\u00f6nliche Note, indem Sie Ihren Namen hinzuf\u00fcgen, Ihr Design(Gestaltung) erstellen und Ihre Verpackung ausw\u00e4hlen.\nAls Private-Label-Service aus einer Hand stellt Zeta Pharma Ihre Medikamente und erg\u00e4nzen und verpacken sie f\u00fcr Sie, damit sie versandfertig sind. Wir glauben, dass Ihr Handelsmarkenerlebnis sowohl zuverl\u00e4ssig als auch effizient sein sollte. Wenn Sie unsere Private-Label-Services nutzen, erhalten Sie beides.\nWenn Sie Ihre Produkte brandmarken und vermarkten, sollten Sie sich keine Gedanken \u00fcber die Herstellung und regulatorischen Aspekte der Branche machen m\u00fcssen. Unsere Eigenmarkenmedikamente und Nahrungserg\u00e4nzungsmittel wurden bereits auf Sicherheit und regulatorische Bedingungen formuliert, getestet und zertifiziert. F\u00fcgen Sie einfach Ihre pers\u00f6nliche Note hinzu und Ihr neues Produkt ist einsatzbereit.\t\t\t<\/p>\n\t\t\t\t\t<\/blockquote>\n\t\t\t\t\t\t<\/div>\n\t\t\t\t\t<\/div>\r\n\t\t\t\t<\/div>\r\n\t\t\t\t\t<\/div>\r\n\t\t\t\t<\/section>\r\n\t\t\t\t<section class=\"elementor-section elementor-top-section elementor-element elementor-element-43290c5 elementor-section-content-middle elementor-section-stretched elementor-hidden-desktop elementor-hidden-tablet elementor-hidden-mobile elementor-section-boxed elementor-section-height-default elementor-section-height-default\" data-id=\"43290c5\" data-element_type=\"section\" data-settings=\"{&quot;stretch_section&quot;:&quot;section-stretched&quot;,&quot;jet_parallax_layout_list&quot;:[],&quot;background_background&quot;:&quot;classic&quot;}\">\r\n\t\t\r\n\t\t\t\t\t\t\t<div class=\"elementor-container elementor-column-gap-default\">\r\n\t\t\t\t\t\t\t\t\t\t\t<div class=\"elementor-column elementor-col-50 elementor-top-column elementor-element elementor-element-04c840a\" data-id=\"04c840a\" data-element_type=\"column\">\r\n\t\t\t\t\t<div class=\"elementor-widget-wrap elementor-element-populated\">\r\n\t\t\t\t\t\t\t\t<div class=\"elementor-element elementor-element-6a4e1bf elementor-widget elementor-widget-heading\" data-id=\"6a4e1bf\" data-element_type=\"widget\" data-widget_type=\"heading.default\">\n\t\t\t\t\t<h3 class=\"elementor-heading-title elementor-size-default\">Warum eine Partnerschaft mit Zeta Pharma<\/h3>\t\t\t\t<\/div>\n\t\t\t\t<div class=\"elementor-element elementor-element-9d27eee elementor-widget elementor-widget-heading\" data-id=\"9d27eee\" data-element_type=\"widget\" data-widget_type=\"heading.default\">\n\t\t\t\t\t<p class=\"elementor-heading-title elementor-size-default\">Sie arbeiten mit Zeta als einem der am schnellsten wachsenden Pharmaunternehmen auf den \u00e4gyptischen M\u00e4rkten zusammen und nehmen durch seine herausragenden Produkte in diesen drei M\u00e4rkten Marktf\u00fchrerpositionen in den Bereichen GIT, CVS und Diabetes ein.\nZiel ist es, europ\u00e4isches GHP (gute Herstellungspraxis) durch ein Projekt mit der europ\u00e4ischen Bank zu erhalten.<\/p>\t\t\t\t<\/div>\n\t\t\t\t\t<\/div>\r\n\t\t\t\t<\/div>\r\n\t\t\t\t<div class=\"elementor-column elementor-col-50 elementor-top-column elementor-element elementor-element-b586440\" data-id=\"b586440\" data-element_type=\"column\">\r\n\t\t\t\t\t<div class=\"elementor-widget-wrap\">\r\n\t\t\t\t\t\t\t\t\t<\/div>\r\n\t\t\t\t<\/div>\r\n\t\t\t\t\t<\/div>\r\n\t\t\t\t<\/section>\r\n\t\t\t\t<\/div>\n\t\t","protected":false},"excerpt":{"rendered":"<p>Haus &gt; Private Label ( Eigenmarke ) Private Labeling ist eine der einfachsten M\u00f6glichkeiten, Ihre Marke aufzubauen Unabh\u00e4ngig davon, ob Sie bereits ein angesehenes Pharma- und Nahrungserg\u00e4nzungsmittelunternehmen sind, das Ihre aktuelle Produktlinie erweitern m\u00f6chte, oder ob Sie ein junges Unternehmen sind, das in die Pharma- und Nahrungserg\u00e4nzungsmittelbranche vordringt, wir empfehlen Ihnen, einen Blick auf die [&hellip;]<\/p>\n","protected":false},"author":2,"featured_media":0,"parent":0,"menu_order":0,"comment_status":"closed","ping_status":"closed","template":"elementor_theme","meta":{"content-type":"","footnotes":""},"class_list":["post-7928","page","type-page","status-publish","hentry"],"acf":[],"yoast_head":"<!-- This site is optimized with the Yoast SEO plugin v25.6 - https:\/\/yoast.com\/wordpress\/plugins\/seo\/ -->\n<title>Private Label ( Eigenmarke ) - Zeta Pharma<\/title>\n<meta name=\"robots\" content=\"index, follow, max-snippet:-1, max-image-preview:large, max-video-preview:-1\" \/>\n<link rel=\"canonical\" href=\"https:\/\/zetapharma.net\/de\/private-label-eigenmarke\/\" \/>\n<meta property=\"og:locale\" content=\"de_DE\" \/>\n<meta property=\"og:type\" content=\"article\" \/>\n<meta property=\"og:title\" content=\"Private Label ( Eigenmarke ) - Zeta Pharma\" \/>\n<meta property=\"og:description\" content=\"Haus &gt; Private Label ( Eigenmarke ) Private Labeling ist eine der einfachsten M\u00f6glichkeiten, Ihre Marke aufzubauen Unabh\u00e4ngig davon, ob Sie bereits ein angesehenes Pharma- und Nahrungserg\u00e4nzungsmittelunternehmen sind, das Ihre aktuelle Produktlinie erweitern m\u00f6chte, oder ob Sie ein junges Unternehmen sind, das in die Pharma- und Nahrungserg\u00e4nzungsmittelbranche vordringt, wir empfehlen Ihnen, einen Blick auf die [&hellip;]\" \/>\n<meta property=\"og:url\" content=\"https:\/\/zetapharma.net\/de\/private-label-eigenmarke\/\" \/>\n<meta property=\"og:site_name\" content=\"Zeta Pharma\" \/>\n<meta property=\"article:publisher\" content=\"https:\/\/www.facebook.com\/Zetapharma2010\/\" \/>\n<meta property=\"article:modified_time\" content=\"2022-10-27T14:12:58+00:00\" \/>\n<meta name=\"twitter:card\" content=\"summary_large_image\" \/>\n<meta name=\"twitter:label1\" content=\"Gesch\u00e4tzte Lesezeit\" \/>\n\t<meta name=\"twitter:data1\" content=\"2\u00a0Minuten\" \/>\n<script type=\"application\/ld+json\" class=\"yoast-schema-graph\">{\"@context\":\"https:\/\/schema.org\",\"@graph\":[{\"@type\":\"WebPage\",\"@id\":\"https:\/\/zetapharma.net\/de\/private-label-eigenmarke\/\",\"url\":\"https:\/\/zetapharma.net\/de\/private-label-eigenmarke\/\",\"name\":\"Private Label ( Eigenmarke ) - Zeta Pharma\",\"isPartOf\":{\"@id\":\"https:\/\/zetapharma.net\/ar\/#website\"},\"datePublished\":\"2022-07-17T09:28:24+00:00\",\"dateModified\":\"2022-10-27T14:12:58+00:00\",\"breadcrumb\":{\"@id\":\"https:\/\/zetapharma.net\/de\/private-label-eigenmarke\/#breadcrumb\"},\"inLanguage\":\"de\",\"potentialAction\":[{\"@type\":\"ReadAction\",\"target\":[\"https:\/\/zetapharma.net\/de\/private-label-eigenmarke\/\"]}]},{\"@type\":\"BreadcrumbList\",\"@id\":\"https:\/\/zetapharma.net\/de\/private-label-eigenmarke\/#breadcrumb\",\"itemListElement\":[{\"@type\":\"ListItem\",\"position\":1,\"name\":\"Home\",\"item\":\"https:\/\/zetapharma.net\/de\/\"},{\"@type\":\"ListItem\",\"position\":2,\"name\":\"Private Label ( Eigenmarke )\"}]},{\"@type\":\"WebSite\",\"@id\":\"https:\/\/zetapharma.net\/ar\/#website\",\"url\":\"https:\/\/zetapharma.net\/ar\/\",\"name\":\"Zeta Pharma\",\"description\":\"Zeta Pharma\",\"publisher\":{\"@id\":\"https:\/\/zetapharma.net\/ar\/#organization\"},\"potentialAction\":[{\"@type\":\"SearchAction\",\"target\":{\"@type\":\"EntryPoint\",\"urlTemplate\":\"https:\/\/zetapharma.net\/ar\/?s={search_term_string}\"},\"query-input\":{\"@type\":\"PropertyValueSpecification\",\"valueRequired\":true,\"valueName\":\"search_term_string\"}}],\"inLanguage\":\"de\"},{\"@type\":\"Organization\",\"@id\":\"https:\/\/zetapharma.net\/ar\/#organization\",\"name\":\"Zeta Pharma\",\"url\":\"https:\/\/zetapharma.net\/ar\/\",\"logo\":{\"@type\":\"ImageObject\",\"inLanguage\":\"de\",\"@id\":\"https:\/\/zetapharma.net\/ar\/#\/schema\/logo\/image\/\",\"url\":\"https:\/\/zetapharma.net\/wp-content\/uploads\/2022\/07\/zeta-logo.png\",\"contentUrl\":\"https:\/\/zetapharma.net\/wp-content\/uploads\/2022\/07\/zeta-logo.png\",\"width\":274,\"height\":127,\"caption\":\"Zeta Pharma\"},\"image\":{\"@id\":\"https:\/\/zetapharma.net\/ar\/#\/schema\/logo\/image\/\"},\"sameAs\":[\"https:\/\/www.facebook.com\/Zetapharma2010\/\",\"https:\/\/www.youtube.com\/channel\/UCVfxGFbd3PIIMHroJ6NSWjw\/videos\",\"https:\/\/www.linkedin.com\/company\/10077588\",\"https:\/\/www.cphi-online.com\/zeta-pharma-comp282422.html\"]}]}<\/script>\n<!-- \/ Yoast SEO plugin. -->","yoast_head_json":{"title":"Private Label ( Eigenmarke ) - Zeta Pharma","robots":{"index":"index","follow":"follow","max-snippet":"max-snippet:-1","max-image-preview":"max-image-preview:large","max-video-preview":"max-video-preview:-1"},"canonical":"https:\/\/zetapharma.net\/de\/private-label-eigenmarke\/","og_locale":"de_DE","og_type":"article","og_title":"Private Label ( Eigenmarke ) - Zeta Pharma","og_description":"Haus &gt; Private Label ( Eigenmarke ) Private Labeling ist eine der einfachsten M\u00f6glichkeiten, Ihre Marke aufzubauen Unabh\u00e4ngig davon, ob Sie bereits ein angesehenes Pharma- und Nahrungserg\u00e4nzungsmittelunternehmen sind, das Ihre aktuelle Produktlinie erweitern m\u00f6chte, oder ob Sie ein junges Unternehmen sind, das in die Pharma- und Nahrungserg\u00e4nzungsmittelbranche vordringt, wir empfehlen Ihnen, einen Blick auf die [&hellip;]","og_url":"https:\/\/zetapharma.net\/de\/private-label-eigenmarke\/","og_site_name":"Zeta Pharma","article_publisher":"https:\/\/www.facebook.com\/Zetapharma2010\/","article_modified_time":"2022-10-27T14:12:58+00:00","twitter_card":"summary_large_image","twitter_misc":{"Gesch\u00e4tzte Lesezeit":"2\u00a0Minuten"},"schema":{"@context":"https:\/\/schema.org","@graph":[{"@type":"WebPage","@id":"https:\/\/zetapharma.net\/de\/private-label-eigenmarke\/","url":"https:\/\/zetapharma.net\/de\/private-label-eigenmarke\/","name":"Private Label ( Eigenmarke ) - Zeta Pharma","isPartOf":{"@id":"https:\/\/zetapharma.net\/ar\/#website"},"datePublished":"2022-07-17T09:28:24+00:00","dateModified":"2022-10-27T14:12:58+00:00","breadcrumb":{"@id":"https:\/\/zetapharma.net\/de\/private-label-eigenmarke\/#breadcrumb"},"inLanguage":"de","potentialAction":[{"@type":"ReadAction","target":["https:\/\/zetapharma.net\/de\/private-label-eigenmarke\/"]}]},{"@type":"BreadcrumbList","@id":"https:\/\/zetapharma.net\/de\/private-label-eigenmarke\/#breadcrumb","itemListElement":[{"@type":"ListItem","position":1,"name":"Home","item":"https:\/\/zetapharma.net\/de\/"},{"@type":"ListItem","position":2,"name":"Private Label ( Eigenmarke )"}]},{"@type":"WebSite","@id":"https:\/\/zetapharma.net\/ar\/#website","url":"https:\/\/zetapharma.net\/ar\/","name":"Zeta Pharma","description":"Zeta Pharma","publisher":{"@id":"https:\/\/zetapharma.net\/ar\/#organization"},"potentialAction":[{"@type":"SearchAction","target":{"@type":"EntryPoint","urlTemplate":"https:\/\/zetapharma.net\/ar\/?s={search_term_string}"},"query-input":{"@type":"PropertyValueSpecification","valueRequired":true,"valueName":"search_term_string"}}],"inLanguage":"de"},{"@type":"Organization","@id":"https:\/\/zetapharma.net\/ar\/#organization","name":"Zeta Pharma","url":"https:\/\/zetapharma.net\/ar\/","logo":{"@type":"ImageObject","inLanguage":"de","@id":"https:\/\/zetapharma.net\/ar\/#\/schema\/logo\/image\/","url":"https:\/\/zetapharma.net\/wp-content\/uploads\/2022\/07\/zeta-logo.png","contentUrl":"https:\/\/zetapharma.net\/wp-content\/uploads\/2022\/07\/zeta-logo.png","width":274,"height":127,"caption":"Zeta Pharma"},"image":{"@id":"https:\/\/zetapharma.net\/ar\/#\/schema\/logo\/image\/"},"sameAs":["https:\/\/www.facebook.com\/Zetapharma2010\/","https:\/\/www.youtube.com\/channel\/UCVfxGFbd3PIIMHroJ6NSWjw\/videos","https:\/\/www.linkedin.com\/company\/10077588","https:\/\/www.cphi-online.com\/zeta-pharma-comp282422.html"]}]}},"_links":{"self":[{"href":"https:\/\/zetapharma.net\/de\/wp-json\/wp\/v2\/pages\/7928","targetHints":{"allow":["GET"]}}],"collection":[{"href":"https:\/\/zetapharma.net\/de\/wp-json\/wp\/v2\/pages"}],"about":[{"href":"https:\/\/zetapharma.net\/de\/wp-json\/wp\/v2\/types\/page"}],"author":[{"embeddable":true,"href":"https:\/\/zetapharma.net\/de\/wp-json\/wp\/v2\/users\/2"}],"replies":[{"embeddable":true,"href":"https:\/\/zetapharma.net\/de\/wp-json\/wp\/v2\/comments?post=7928"}],"version-history":[{"count":2,"href":"https:\/\/zetapharma.net\/de\/wp-json\/wp\/v2\/pages\/7928\/revisions"}],"predecessor-version":[{"id":7930,"href":"https:\/\/zetapharma.net\/de\/wp-json\/wp\/v2\/pages\/7928\/revisions\/7930"}],"wp:attachment":[{"href":"https:\/\/zetapharma.net\/de\/wp-json\/wp\/v2\/media?parent=7928"}],"curies":[{"name":"wp","href":"https:\/\/api.w.org\/{rel}","templated":true}]}}