{"id":10103,"date":"2022-07-17T09:28:24","date_gmt":"2022-07-17T09:28:24","guid":{"rendered":"https:\/\/zetapharma.net\/etiqueta-privada\/"},"modified":"2022-10-27T19:21:46","modified_gmt":"2022-10-27T19:21:46","slug":"etiqueta-privada","status":"publish","type":"page","link":"https:\/\/zetapharma.net\/es\/etiqueta-privada\/","title":{"rendered":"Etiqueta privada"},"content":{"rendered":"\t\t<div data-elementor-type=\"wp-page\" data-elementor-id=\"10103\" class=\"elementor elementor-10103\" data-elementor-post-type=\"page\">\n\t\t\t\t\t\t<section class=\"elementor-section elementor-top-section elementor-element elementor-element-6bbdb646 elementor-section-stretched elementor-section-boxed elementor-section-height-default elementor-section-height-default\" data-id=\"6bbdb646\" data-element_type=\"section\" data-settings=\"{&quot;background_background&quot;:&quot;classic&quot;,&quot;stretch_section&quot;:&quot;section-stretched&quot;,&quot;jet_parallax_layout_list&quot;:[]}\">\r\n\t\t\t\t\t\t<div class=\"elementor-background-overlay\"><\/div>\r\n\t\t\t\r\n\t\t\t\t\t\t\t<div class=\"elementor-container elementor-column-gap-default\">\r\n\t\t\t\t\t\t\t\t\t\t\t<div class=\"elementor-column elementor-col-100 elementor-top-column elementor-element elementor-element-6111819c\" data-id=\"6111819c\" data-element_type=\"column\">\r\n\t\t\t\t\t<div class=\"elementor-widget-wrap elementor-element-populated\">\r\n\t\t\t\t\t\t\t\t<div class=\"elementor-element elementor-element-466eb871 animated-fast elementor-invisible elementor-widget elementor-widget-heading\" data-id=\"466eb871\" data-element_type=\"widget\" data-settings=\"{&quot;_animation_delay&quot;:&quot;200&quot;,&quot;_animation&quot;:&quot;fadeInDown&quot;}\" data-widget_type=\"heading.default\">\n\t\t\t\t\t<h1 class=\"elementor-heading-title elementor-size-default\">Etiqueta privada<\/h1>\t\t\t\t<\/div>\n\t\t\t\t<section class=\"elementor-section elementor-inner-section elementor-element elementor-element-6db792d elementor-section-boxed elementor-section-height-default elementor-section-height-default\" data-id=\"6db792d\" data-element_type=\"section\" data-settings=\"{&quot;jet_parallax_layout_list&quot;:[]}\">\r\n\t\t\r\n\t\t\t\t\t\t\t<div class=\"elementor-container elementor-column-gap-default\">\r\n\t\t\t\t\t\t\t\t\t\t\t<div class=\"elementor-column elementor-col-33 elementor-inner-column elementor-element elementor-element-f7c118f\" data-id=\"f7c118f\" data-element_type=\"column\">\r\n\t\t\t\t\t<div class=\"elementor-widget-wrap elementor-element-populated\">\r\n\t\t\t\t\t\t\t\t<div class=\"elementor-element elementor-element-80f9663 elementor-widget elementor-widget-heading\" data-id=\"80f9663\" data-element_type=\"widget\" data-widget_type=\"heading.default\">\n\t\t\t\t\t<h6 class=\"elementor-heading-title elementor-size-default\"><a href=\"https:\/\/zetapharma.net\/es\/\">Hogar<\/a><\/h6>\t\t\t\t<\/div>\n\t\t\t\t\t<\/div>\r\n\t\t\t\t<\/div>\r\n\t\t\t\t<div class=\"elementor-column elementor-col-33 elementor-inner-column elementor-element elementor-element-cecbb77\" data-id=\"cecbb77\" data-element_type=\"column\">\r\n\t\t\t\t\t<div class=\"elementor-widget-wrap elementor-element-populated\">\r\n\t\t\t\t\t\t\t\t<div class=\"elementor-element elementor-element-0665c89 elementor-widget elementor-widget-heading\" data-id=\"0665c89\" data-element_type=\"widget\" data-widget_type=\"heading.default\">\n\t\t\t\t\t<h6 class=\"elementor-heading-title elementor-size-default\"><a href=\"#\">&gt;<\/a><\/h6>\t\t\t\t<\/div>\n\t\t\t\t\t<\/div>\r\n\t\t\t\t<\/div>\r\n\t\t\t\t<div class=\"elementor-column elementor-col-33 elementor-inner-column elementor-element elementor-element-5f99432\" data-id=\"5f99432\" data-element_type=\"column\">\r\n\t\t\t\t\t<div class=\"elementor-widget-wrap elementor-element-populated\">\r\n\t\t\t\t\t\t\t\t<div class=\"elementor-element elementor-element-1d907c8 elementor-widget elementor-widget-heading\" data-id=\"1d907c8\" data-element_type=\"widget\" data-widget_type=\"heading.default\">\n\t\t\t\t\t<h6 class=\"elementor-heading-title elementor-size-default\"><a href=\"https:\/\/zetapharma.net\/es\/etiqueta-privada\/\">Etiqueta privada<\/a><\/h6>\t\t\t\t<\/div>\n\t\t\t\t\t<\/div>\r\n\t\t\t\t<\/div>\r\n\t\t\t\t\t<\/div>\r\n\t\t\t\t<\/section>\r\n\t\t\t\t\t<\/div>\r\n\t\t\t\t<\/div>\r\n\t\t\t\t\t<\/div>\r\n\t\t\t\t<\/section>\r\n\t\t\t\t<section class=\"elementor-section elementor-top-section elementor-element elementor-element-ad4e65a elementor-section-boxed elementor-section-height-default elementor-section-height-default\" data-id=\"ad4e65a\" data-element_type=\"section\" data-settings=\"{&quot;jet_parallax_layout_list&quot;:[]}\">\r\n\t\t\r\n\t\t\t\t\t\t\t<div class=\"elementor-container elementor-column-gap-default\">\r\n\t\t\t\t\t\t\t\t\t\t\t<div class=\"elementor-column elementor-col-100 elementor-top-column elementor-element elementor-element-38eaa433\" data-id=\"38eaa433\" data-element_type=\"column\">\r\n\t\t\t\t\t<div class=\"elementor-widget-wrap elementor-element-populated\">\r\n\t\t\t\t\t\t\t\t<div class=\"elementor-element elementor-element-7ab14b54 elementor-widget elementor-widget-heading\" data-id=\"7ab14b54\" data-element_type=\"widget\" data-widget_type=\"heading.default\">\n\t\t\t\t\t<h3 class=\"elementor-heading-title elementor-size-default\">Etiqueta privada<\/h3>\t\t\t\t<\/div>\n\t\t\t\t<section class=\"elementor-section elementor-inner-section elementor-element elementor-element-8b84381 elementor-section-boxed elementor-section-height-default elementor-section-height-default\" data-id=\"8b84381\" data-element_type=\"section\" data-settings=\"{&quot;jet_parallax_layout_list&quot;:[]}\">\r\n\t\t\r\n\t\t\t\t\t\t\t<div class=\"elementor-container elementor-column-gap-default\">\r\n\t\t\t\t\t\t\t\t\t\t\t<div class=\"elementor-column elementor-col-50 elementor-inner-column elementor-element elementor-element-2ac994a\" data-id=\"2ac994a\" data-element_type=\"column\">\r\n\t\t\t\t\t<div class=\"elementor-widget-wrap elementor-element-populated\">\r\n\t\t\t\t\t\t\t\t<div class=\"elementor-element elementor-element-4b435bde elementor-widget elementor-widget-heading\" data-id=\"4b435bde\" data-element_type=\"widget\" data-widget_type=\"heading.default\">\n\t\t\t\t\t<p class=\"elementor-heading-title elementor-size-default\">El etiquetado privado es una de las formas m\u00e1s f\u00e1ciles de construir tu marca. Si usted ya es un farmac\u00e9utico de buena reputaci\u00f3n o empresa de suplementos diet\u00e9ticos que buscan ampliar su actual l\u00ednea de productos; o si usted es una empresa novata que todav\u00eda est\u00e1 empezando el camino en el mundo de las industrias de suplementos farmac\u00e9uticos y nutricionales, le recomendamos echar un vistazo a los beneficios del etiquetado privado.<\/p>\t\t\t\t<\/div>\n\t\t\t\t\t<\/div>\r\n\t\t\t\t<\/div>\r\n\t\t\t\t<div class=\"elementor-column elementor-col-50 elementor-inner-column elementor-element elementor-element-e9ab627\" data-id=\"e9ab627\" data-element_type=\"column\">\r\n\t\t\t\t\t<div class=\"elementor-widget-wrap elementor-element-populated\">\r\n\t\t\t\t\t\t\t\t<div class=\"elementor-element elementor-element-240c67de elementor-widget elementor-widget-heading\" data-id=\"240c67de\" data-element_type=\"widget\" data-widget_type=\"heading.default\">\n\t\t\t\t\t<p class=\"elementor-heading-title elementor-size-default\">Zeta Pharma ofrece muchos medicamentos, que preparados para etiquetarlos la marca privada. As\u00ed como, ofrece vitaminas y f\u00f3rmulas de suplementos en varias dosis y formas de entrega para satisfacer sus necesidades.\nSeleccione cualquiera de nuestros productos o f\u00f3rmulas, de preexistentes etiquetas privadas, y deles su toque personal agregando su nombre, creando su dise\u00f1o y eligiendo su embalaje.<\/p>\t\t\t\t<\/div>\n\t\t\t\t\t<\/div>\r\n\t\t\t\t<\/div>\r\n\t\t\t\t\t<\/div>\r\n\t\t\t\t<\/section>\r\n\t\t\t\t<div class=\"elementor-element elementor-element-37e3de7 elementor-blockquote--skin-border elementor-blockquote--button-color-official elementor-widget elementor-widget-blockquote\" data-id=\"37e3de7\" data-element_type=\"widget\" data-widget_type=\"blockquote.default\">\n\t\t\t\t\t\t\t<blockquote class=\"elementor-blockquote\">\n\t\t\t<p class=\"elementor-blockquote__content\">\n\t\t\t\tZeta Pharma ofrece muchos medicamentos, que preparados para etiquetarlos la marca privada. As\u00ed como, ofrece vitaminas y f\u00f3rmulas de suplementos en varias dosis y formas de entrega para satisfacer sus necesidades.\nSeleccione cualquiera de nuestros productos o f\u00f3rmulas, de preexistentes etiquetas privadas, y deles su toque personal agregando su nombre, creando su dise\u00f1o y eligiendo su embalaje.\nComo un servicio de etiqueta privada integral, Zeta Pharma fabricar\u00e1 sus medicamentos y suplementos; y asimismo, empaquetar\u00e1 los pedidos para prepararlos a ser enviados. Creemos que su experiencia de marca privada ser\u00e1 tan exitosa como eficiente. Lo ver\u00e1 cuando utilice nuestros servicios de marca privada. Cuando usted est\u00e9 inmerso en el negocio del branding y la comercializaci\u00f3n de sus productos\nno deber\u00eda tener que preocuparse por los aspectos de fabricaci\u00f3n y regulaci\u00f3n de la industria Nuestros medicamentos y suplementos de marca privada ya han sido formulados, probados y certificados acorde de las condiciones y normativas de seguridad. Solo tiene que a\u00f1adir su toque personal y su nuevo producto estar\u00e1 listo para salir a la luz.\t\t\t<\/p>\n\t\t\t\t\t<\/blockquote>\n\t\t\t\t\t\t<\/div>\n\t\t\t\t\t<\/div>\r\n\t\t\t\t<\/div>\r\n\t\t\t\t\t<\/div>\r\n\t\t\t\t<\/section>\r\n\t\t\t\t<section class=\"elementor-section elementor-top-section elementor-element elementor-element-43290c5 elementor-section-content-middle elementor-section-stretched elementor-hidden-desktop elementor-hidden-tablet elementor-hidden-mobile elementor-section-boxed elementor-section-height-default elementor-section-height-default\" data-id=\"43290c5\" data-element_type=\"section\" data-settings=\"{&quot;stretch_section&quot;:&quot;section-stretched&quot;,&quot;jet_parallax_layout_list&quot;:[],&quot;background_background&quot;:&quot;classic&quot;}\">\r\n\t\t\r\n\t\t\t\t\t\t\t<div class=\"elementor-container elementor-column-gap-default\">\r\n\t\t\t\t\t\t\t\t\t\t\t<div class=\"elementor-column elementor-col-50 elementor-top-column elementor-element elementor-element-04c840a\" data-id=\"04c840a\" data-element_type=\"column\">\r\n\t\t\t\t\t<div class=\"elementor-widget-wrap elementor-element-populated\">\r\n\t\t\t\t\t\t\t\t<div class=\"elementor-element elementor-element-6a4e1bf elementor-widget elementor-widget-heading\" data-id=\"6a4e1bf\" data-element_type=\"widget\" data-widget_type=\"heading.default\">\n\t\t\t\t\t<h3 class=\"elementor-heading-title elementor-size-default\">Por qu\u00e9 asociarse con Zeta Pharma<\/h3>\t\t\t\t<\/div>\n\t\t\t\t<div class=\"elementor-element elementor-element-9d27eee elementor-widget elementor-widget-heading\" data-id=\"9d27eee\" data-element_type=\"widget\" data-widget_type=\"heading.default\">\n\t\t\t\t\t<p class=\"elementor-heading-title elementor-size-default\">Zeta es una de las compa\u00f1\u00edas farmac\u00e9uticas cuyo crecimiento es m\u00e1s r\u00e1pido en los mercados egipcios, y, adem\u00e1s, tiene posiciones l\u00edderes en el mercado en GIT, CVS y Diabetes a trav\u00e9s de sus distinguidos productos en estos tres mercados.\nCon el objetivo de obtener el reconocimiento del GMP europeo a trav\u00e9s de realizar proyectos con el banco europeo.<\/p>\t\t\t\t<\/div>\n\t\t\t\t\t<\/div>\r\n\t\t\t\t<\/div>\r\n\t\t\t\t<div class=\"elementor-column elementor-col-50 elementor-top-column elementor-element elementor-element-b586440\" data-id=\"b586440\" data-element_type=\"column\">\r\n\t\t\t\t\t<div class=\"elementor-widget-wrap\">\r\n\t\t\t\t\t\t\t\t\t<\/div>\r\n\t\t\t\t<\/div>\r\n\t\t\t\t\t<\/div>\r\n\t\t\t\t<\/section>\r\n\t\t\t\t<\/div>\n\t\t","protected":false},"excerpt":{"rendered":"<p>Hogar &gt; Etiqueta privada El etiquetado privado es una de las formas m\u00e1s f\u00e1ciles de construir tu marca. Si usted ya es un farmac\u00e9utico de buena reputaci\u00f3n o empresa de suplementos diet\u00e9ticos que buscan ampliar su actual l\u00ednea de productos; o si usted es una empresa novata que todav\u00eda est\u00e1 empezando el camino en el [&hellip;]<\/p>\n","protected":false},"author":2,"featured_media":0,"parent":0,"menu_order":0,"comment_status":"closed","ping_status":"closed","template":"elementor_theme","meta":{"content-type":"","footnotes":""},"class_list":["post-10103","page","type-page","status-publish","hentry"],"acf":[],"yoast_head":"<!-- This site is optimized with the Yoast SEO plugin v25.6 - https:\/\/yoast.com\/wordpress\/plugins\/seo\/ -->\n<title>Etiqueta privada - Zeta Pharma<\/title>\n<meta name=\"robots\" content=\"index, follow, max-snippet:-1, max-image-preview:large, max-video-preview:-1\" \/>\n<link rel=\"canonical\" href=\"https:\/\/zetapharma.net\/es\/etiqueta-privada\/\" \/>\n<meta property=\"og:locale\" content=\"es_ES\" \/>\n<meta property=\"og:type\" content=\"article\" \/>\n<meta property=\"og:title\" content=\"Etiqueta privada - Zeta Pharma\" \/>\n<meta property=\"og:description\" content=\"Hogar &gt; Etiqueta privada El etiquetado privado es una de las formas m\u00e1s f\u00e1ciles de construir tu marca. Si usted ya es un farmac\u00e9utico de buena reputaci\u00f3n o empresa de suplementos diet\u00e9ticos que buscan ampliar su actual l\u00ednea de productos; o si usted es una empresa novata que todav\u00eda est\u00e1 empezando el camino en el [&hellip;]\" \/>\n<meta property=\"og:url\" content=\"https:\/\/zetapharma.net\/es\/etiqueta-privada\/\" \/>\n<meta property=\"og:site_name\" content=\"Zeta Pharma\" \/>\n<meta property=\"article:publisher\" content=\"https:\/\/www.facebook.com\/Zetapharma2010\/\" \/>\n<meta property=\"article:modified_time\" content=\"2022-10-27T19:21:46+00:00\" \/>\n<meta name=\"twitter:card\" content=\"summary_large_image\" \/>\n<meta name=\"twitter:label1\" content=\"Tiempo de lectura\" \/>\n\t<meta name=\"twitter:data1\" content=\"2 minutos\" \/>\n<script type=\"application\/ld+json\" class=\"yoast-schema-graph\">{\"@context\":\"https:\/\/schema.org\",\"@graph\":[{\"@type\":\"WebPage\",\"@id\":\"https:\/\/zetapharma.net\/es\/etiqueta-privada\/\",\"url\":\"https:\/\/zetapharma.net\/es\/etiqueta-privada\/\",\"name\":\"Etiqueta privada - Zeta Pharma\",\"isPartOf\":{\"@id\":\"https:\/\/zetapharma.net\/ar\/#website\"},\"datePublished\":\"2022-07-17T09:28:24+00:00\",\"dateModified\":\"2022-10-27T19:21:46+00:00\",\"breadcrumb\":{\"@id\":\"https:\/\/zetapharma.net\/es\/etiqueta-privada\/#breadcrumb\"},\"inLanguage\":\"es\",\"potentialAction\":[{\"@type\":\"ReadAction\",\"target\":[\"https:\/\/zetapharma.net\/es\/etiqueta-privada\/\"]}]},{\"@type\":\"BreadcrumbList\",\"@id\":\"https:\/\/zetapharma.net\/es\/etiqueta-privada\/#breadcrumb\",\"itemListElement\":[{\"@type\":\"ListItem\",\"position\":1,\"name\":\"Home\",\"item\":\"https:\/\/zetapharma.net\/es\/\"},{\"@type\":\"ListItem\",\"position\":2,\"name\":\"Etiqueta privada\"}]},{\"@type\":\"WebSite\",\"@id\":\"https:\/\/zetapharma.net\/ar\/#website\",\"url\":\"https:\/\/zetapharma.net\/ar\/\",\"name\":\"Zeta Pharma\",\"description\":\"Zeta Pharma\",\"publisher\":{\"@id\":\"https:\/\/zetapharma.net\/ar\/#organization\"},\"potentialAction\":[{\"@type\":\"SearchAction\",\"target\":{\"@type\":\"EntryPoint\",\"urlTemplate\":\"https:\/\/zetapharma.net\/ar\/?s={search_term_string}\"},\"query-input\":{\"@type\":\"PropertyValueSpecification\",\"valueRequired\":true,\"valueName\":\"search_term_string\"}}],\"inLanguage\":\"es\"},{\"@type\":\"Organization\",\"@id\":\"https:\/\/zetapharma.net\/ar\/#organization\",\"name\":\"Zeta Pharma\",\"url\":\"https:\/\/zetapharma.net\/ar\/\",\"logo\":{\"@type\":\"ImageObject\",\"inLanguage\":\"es\",\"@id\":\"https:\/\/zetapharma.net\/ar\/#\/schema\/logo\/image\/\",\"url\":\"https:\/\/zetapharma.net\/wp-content\/uploads\/2022\/07\/zeta-logo.png\",\"contentUrl\":\"https:\/\/zetapharma.net\/wp-content\/uploads\/2022\/07\/zeta-logo.png\",\"width\":274,\"height\":127,\"caption\":\"Zeta Pharma\"},\"image\":{\"@id\":\"https:\/\/zetapharma.net\/ar\/#\/schema\/logo\/image\/\"},\"sameAs\":[\"https:\/\/www.facebook.com\/Zetapharma2010\/\",\"https:\/\/www.youtube.com\/channel\/UCVfxGFbd3PIIMHroJ6NSWjw\/videos\",\"https:\/\/www.linkedin.com\/company\/10077588\",\"https:\/\/www.cphi-online.com\/zeta-pharma-comp282422.html\"]}]}<\/script>\n<!-- \/ Yoast SEO plugin. -->","yoast_head_json":{"title":"Etiqueta privada - Zeta Pharma","robots":{"index":"index","follow":"follow","max-snippet":"max-snippet:-1","max-image-preview":"max-image-preview:large","max-video-preview":"max-video-preview:-1"},"canonical":"https:\/\/zetapharma.net\/es\/etiqueta-privada\/","og_locale":"es_ES","og_type":"article","og_title":"Etiqueta privada - Zeta Pharma","og_description":"Hogar &gt; Etiqueta privada El etiquetado privado es una de las formas m\u00e1s f\u00e1ciles de construir tu marca. Si usted ya es un farmac\u00e9utico de buena reputaci\u00f3n o empresa de suplementos diet\u00e9ticos que buscan ampliar su actual l\u00ednea de productos; o si usted es una empresa novata que todav\u00eda est\u00e1 empezando el camino en el [&hellip;]","og_url":"https:\/\/zetapharma.net\/es\/etiqueta-privada\/","og_site_name":"Zeta Pharma","article_publisher":"https:\/\/www.facebook.com\/Zetapharma2010\/","article_modified_time":"2022-10-27T19:21:46+00:00","twitter_card":"summary_large_image","twitter_misc":{"Tiempo de lectura":"2 minutos"},"schema":{"@context":"https:\/\/schema.org","@graph":[{"@type":"WebPage","@id":"https:\/\/zetapharma.net\/es\/etiqueta-privada\/","url":"https:\/\/zetapharma.net\/es\/etiqueta-privada\/","name":"Etiqueta privada - Zeta Pharma","isPartOf":{"@id":"https:\/\/zetapharma.net\/ar\/#website"},"datePublished":"2022-07-17T09:28:24+00:00","dateModified":"2022-10-27T19:21:46+00:00","breadcrumb":{"@id":"https:\/\/zetapharma.net\/es\/etiqueta-privada\/#breadcrumb"},"inLanguage":"es","potentialAction":[{"@type":"ReadAction","target":["https:\/\/zetapharma.net\/es\/etiqueta-privada\/"]}]},{"@type":"BreadcrumbList","@id":"https:\/\/zetapharma.net\/es\/etiqueta-privada\/#breadcrumb","itemListElement":[{"@type":"ListItem","position":1,"name":"Home","item":"https:\/\/zetapharma.net\/es\/"},{"@type":"ListItem","position":2,"name":"Etiqueta privada"}]},{"@type":"WebSite","@id":"https:\/\/zetapharma.net\/ar\/#website","url":"https:\/\/zetapharma.net\/ar\/","name":"Zeta Pharma","description":"Zeta Pharma","publisher":{"@id":"https:\/\/zetapharma.net\/ar\/#organization"},"potentialAction":[{"@type":"SearchAction","target":{"@type":"EntryPoint","urlTemplate":"https:\/\/zetapharma.net\/ar\/?s={search_term_string}"},"query-input":{"@type":"PropertyValueSpecification","valueRequired":true,"valueName":"search_term_string"}}],"inLanguage":"es"},{"@type":"Organization","@id":"https:\/\/zetapharma.net\/ar\/#organization","name":"Zeta Pharma","url":"https:\/\/zetapharma.net\/ar\/","logo":{"@type":"ImageObject","inLanguage":"es","@id":"https:\/\/zetapharma.net\/ar\/#\/schema\/logo\/image\/","url":"https:\/\/zetapharma.net\/wp-content\/uploads\/2022\/07\/zeta-logo.png","contentUrl":"https:\/\/zetapharma.net\/wp-content\/uploads\/2022\/07\/zeta-logo.png","width":274,"height":127,"caption":"Zeta Pharma"},"image":{"@id":"https:\/\/zetapharma.net\/ar\/#\/schema\/logo\/image\/"},"sameAs":["https:\/\/www.facebook.com\/Zetapharma2010\/","https:\/\/www.youtube.com\/channel\/UCVfxGFbd3PIIMHroJ6NSWjw\/videos","https:\/\/www.linkedin.com\/company\/10077588","https:\/\/www.cphi-online.com\/zeta-pharma-comp282422.html"]}]}},"_links":{"self":[{"href":"https:\/\/zetapharma.net\/es\/wp-json\/wp\/v2\/pages\/10103","targetHints":{"allow":["GET"]}}],"collection":[{"href":"https:\/\/zetapharma.net\/es\/wp-json\/wp\/v2\/pages"}],"about":[{"href":"https:\/\/zetapharma.net\/es\/wp-json\/wp\/v2\/types\/page"}],"author":[{"embeddable":true,"href":"https:\/\/zetapharma.net\/es\/wp-json\/wp\/v2\/users\/2"}],"replies":[{"embeddable":true,"href":"https:\/\/zetapharma.net\/es\/wp-json\/wp\/v2\/comments?post=10103"}],"version-history":[{"count":2,"href":"https:\/\/zetapharma.net\/es\/wp-json\/wp\/v2\/pages\/10103\/revisions"}],"predecessor-version":[{"id":10105,"href":"https:\/\/zetapharma.net\/es\/wp-json\/wp\/v2\/pages\/10103\/revisions\/10105"}],"wp:attachment":[{"href":"https:\/\/zetapharma.net\/es\/wp-json\/wp\/v2\/media?parent=10103"}],"curies":[{"name":"wp","href":"https:\/\/api.w.org\/{rel}","templated":true}]}}