{"id":9438,"date":"2022-07-17T09:28:24","date_gmt":"2022-07-17T09:28:24","guid":{"rendered":"https:\/\/zetapharma.net\/label-prive\/"},"modified":"2022-10-27T15:48:42","modified_gmt":"2022-10-27T15:48:42","slug":"label-prive","status":"publish","type":"page","link":"https:\/\/zetapharma.net\/fr\/label-prive\/","title":{"rendered":"Label priv\u00e9"},"content":{"rendered":"\t\t<div data-elementor-type=\"wp-page\" data-elementor-id=\"9438\" class=\"elementor elementor-9438\" data-elementor-post-type=\"page\">\n\t\t\t\t\t\t<section class=\"elementor-section elementor-top-section elementor-element elementor-element-6bbdb646 elementor-section-stretched elementor-section-boxed elementor-section-height-default elementor-section-height-default\" data-id=\"6bbdb646\" data-element_type=\"section\" data-settings=\"{&quot;background_background&quot;:&quot;classic&quot;,&quot;stretch_section&quot;:&quot;section-stretched&quot;,&quot;jet_parallax_layout_list&quot;:[]}\">\r\n\t\t\t\t\t\t<div class=\"elementor-background-overlay\"><\/div>\r\n\t\t\t\r\n\t\t\t\t\t\t\t<div class=\"elementor-container elementor-column-gap-default\">\r\n\t\t\t\t\t\t\t\t\t\t\t<div class=\"elementor-column elementor-col-100 elementor-top-column elementor-element elementor-element-6111819c\" data-id=\"6111819c\" data-element_type=\"column\">\r\n\t\t\t\t\t<div class=\"elementor-widget-wrap elementor-element-populated\">\r\n\t\t\t\t\t\t\t\t<div class=\"elementor-element elementor-element-466eb871 animated-fast elementor-invisible elementor-widget elementor-widget-heading\" data-id=\"466eb871\" data-element_type=\"widget\" data-settings=\"{&quot;_animation_delay&quot;:&quot;200&quot;,&quot;_animation&quot;:&quot;fadeInDown&quot;}\" data-widget_type=\"heading.default\">\n\t\t\t\t\t<h1 class=\"elementor-heading-title elementor-size-default\">Label priv\u00e9<\/h1>\t\t\t\t<\/div>\n\t\t\t\t<section class=\"elementor-section elementor-inner-section elementor-element elementor-element-6db792d elementor-section-boxed elementor-section-height-default elementor-section-height-default\" data-id=\"6db792d\" data-element_type=\"section\" data-settings=\"{&quot;jet_parallax_layout_list&quot;:[]}\">\r\n\t\t\r\n\t\t\t\t\t\t\t<div class=\"elementor-container elementor-column-gap-default\">\r\n\t\t\t\t\t\t\t\t\t\t\t<div class=\"elementor-column elementor-col-33 elementor-inner-column elementor-element elementor-element-f7c118f\" data-id=\"f7c118f\" data-element_type=\"column\">\r\n\t\t\t\t\t<div class=\"elementor-widget-wrap elementor-element-populated\">\r\n\t\t\t\t\t\t\t\t<div class=\"elementor-element elementor-element-80f9663 elementor-widget elementor-widget-heading\" data-id=\"80f9663\" data-element_type=\"widget\" data-widget_type=\"heading.default\">\n\t\t\t\t\t<h6 class=\"elementor-heading-title elementor-size-default\"><a href=\"https:\/\/zetapharma.net\/fr\/\">Accueil<\/a><\/h6>\t\t\t\t<\/div>\n\t\t\t\t\t<\/div>\r\n\t\t\t\t<\/div>\r\n\t\t\t\t<div class=\"elementor-column elementor-col-33 elementor-inner-column elementor-element elementor-element-cecbb77\" data-id=\"cecbb77\" data-element_type=\"column\">\r\n\t\t\t\t\t<div class=\"elementor-widget-wrap elementor-element-populated\">\r\n\t\t\t\t\t\t\t\t<div class=\"elementor-element elementor-element-0665c89 elementor-widget elementor-widget-heading\" data-id=\"0665c89\" data-element_type=\"widget\" data-widget_type=\"heading.default\">\n\t\t\t\t\t<h6 class=\"elementor-heading-title elementor-size-default\"><a href=\"#\">&gt;<\/a><\/h6>\t\t\t\t<\/div>\n\t\t\t\t\t<\/div>\r\n\t\t\t\t<\/div>\r\n\t\t\t\t<div class=\"elementor-column elementor-col-33 elementor-inner-column elementor-element elementor-element-5f99432\" data-id=\"5f99432\" data-element_type=\"column\">\r\n\t\t\t\t\t<div class=\"elementor-widget-wrap elementor-element-populated\">\r\n\t\t\t\t\t\t\t\t<div class=\"elementor-element elementor-element-1d907c8 elementor-widget elementor-widget-heading\" data-id=\"1d907c8\" data-element_type=\"widget\" data-widget_type=\"heading.default\">\n\t\t\t\t\t<h6 class=\"elementor-heading-title elementor-size-default\"><a href=\"https:\/\/zetapharma.net\/fr\/label-prive\/\">Label priv\u00e9<\/a><\/h6>\t\t\t\t<\/div>\n\t\t\t\t\t<\/div>\r\n\t\t\t\t<\/div>\r\n\t\t\t\t\t<\/div>\r\n\t\t\t\t<\/section>\r\n\t\t\t\t\t<\/div>\r\n\t\t\t\t<\/div>\r\n\t\t\t\t\t<\/div>\r\n\t\t\t\t<\/section>\r\n\t\t\t\t<section class=\"elementor-section elementor-top-section elementor-element elementor-element-ad4e65a elementor-section-boxed elementor-section-height-default elementor-section-height-default\" data-id=\"ad4e65a\" data-element_type=\"section\" data-settings=\"{&quot;jet_parallax_layout_list&quot;:[]}\">\r\n\t\t\r\n\t\t\t\t\t\t\t<div class=\"elementor-container elementor-column-gap-default\">\r\n\t\t\t\t\t\t\t\t\t\t\t<div class=\"elementor-column elementor-col-100 elementor-top-column elementor-element elementor-element-38eaa433\" data-id=\"38eaa433\" data-element_type=\"column\">\r\n\t\t\t\t\t<div class=\"elementor-widget-wrap elementor-element-populated\">\r\n\t\t\t\t\t\t\t\t<div class=\"elementor-element elementor-element-7ab14b54 elementor-widget elementor-widget-heading\" data-id=\"7ab14b54\" data-element_type=\"widget\" data-widget_type=\"heading.default\">\n\t\t\t\t\t<h3 class=\"elementor-heading-title elementor-size-default\">Label priv\u00e9<\/h3>\t\t\t\t<\/div>\n\t\t\t\t<section class=\"elementor-section elementor-inner-section elementor-element elementor-element-8b84381 elementor-section-boxed elementor-section-height-default elementor-section-height-default\" data-id=\"8b84381\" data-element_type=\"section\" data-settings=\"{&quot;jet_parallax_layout_list&quot;:[]}\">\r\n\t\t\r\n\t\t\t\t\t\t\t<div class=\"elementor-container elementor-column-gap-default\">\r\n\t\t\t\t\t\t\t\t\t\t\t<div class=\"elementor-column elementor-col-50 elementor-inner-column elementor-element elementor-element-2ac994a\" data-id=\"2ac994a\" data-element_type=\"column\">\r\n\t\t\t\t\t<div class=\"elementor-widget-wrap elementor-element-populated\">\r\n\t\t\t\t\t\t\t\t<div class=\"elementor-element elementor-element-4b435bde elementor-widget elementor-widget-heading\" data-id=\"4b435bde\" data-element_type=\"widget\" data-widget_type=\"heading.default\">\n\t\t\t\t\t<p class=\"elementor-heading-title elementor-size-default\">La labellisation est l'un des meilleurs moyens de renforcer votre marque. Que vous soyez d\u00e9j\u00e0 une entreprise pharmaceutique r\u00e9put\u00e9e, une entreprise de compl\u00e9ments alimentaires cherchant \u00e0 \u00e9largir sa gamme de produits actuelle ou une entreprise qui vient de faire ses premiers pas dans les secteurs de la pharmacie et des compl\u00e9ments alimentaires, nous vous recommandons d'examiner les avantages de la labellisation<\/p>\t\t\t\t<\/div>\n\t\t\t\t\t<\/div>\r\n\t\t\t\t<\/div>\r\n\t\t\t\t<div class=\"elementor-column elementor-col-50 elementor-inner-column elementor-element elementor-element-e9ab627\" data-id=\"e9ab627\" data-element_type=\"column\">\r\n\t\t\t\t\t<div class=\"elementor-widget-wrap elementor-element-populated\">\r\n\t\t\t\t\t\t\t\t<div class=\"elementor-element elementor-element-240c67de elementor-widget elementor-widget-heading\" data-id=\"240c67de\" data-element_type=\"widget\" data-widget_type=\"heading.default\">\n\t\t\t\t\t<p class=\"elementor-heading-title elementor-size-default\">Zeta Pharma offre de nombreux m\u00e9dicaments pr\u00eats \u00e0 l'emploi, vitamines et suppl\u00e9ments en diff\u00e9rentes doses et formes d'administration pour r\u00e9pondre \u00e0 vos besoins.\nS\u00e9lectionnez l'un de nos produits ou formules de marque maison existants et donnez-lui votre touche personnelle en ajoutant votre nom, en cr\u00e9ant votre conception et en choisissant votre emballage.<\/p>\t\t\t\t<\/div>\n\t\t\t\t\t<\/div>\r\n\t\t\t\t<\/div>\r\n\t\t\t\t\t<\/div>\r\n\t\t\t\t<\/section>\r\n\t\t\t\t<div class=\"elementor-element elementor-element-37e3de7 elementor-blockquote--skin-border elementor-blockquote--button-color-official elementor-widget elementor-widget-blockquote\" data-id=\"37e3de7\" data-element_type=\"widget\" data-widget_type=\"blockquote.default\">\n\t\t\t\t\t\t\t<blockquote class=\"elementor-blockquote\">\n\t\t\t<p class=\"elementor-blockquote__content\">\n\t\t\t\tZeta Pharma offre de nombreux m\u00e9dicaments pr\u00eats \u00e0 l'emploi, vitamines et suppl\u00e9ments en diff\u00e9rentes doses et formes d'administration pour r\u00e9pondre \u00e0 vos besoins.\nS\u00e9lectionnez l'un de nos produits ou formules de marque maison existants et donnez-lui votre touche personnelle en ajoutant votre nom, en cr\u00e9ant votre conception et en choisissant votre emballage.\nzeta Pharma propose plusieurs m\u00e9dicaments, vitamines et formules de suppl\u00e9ments pr\u00eats \u00e0 l'emploi dans diff\u00e9rents dosages et formes de livraison pour r\u00e9pondre \u00e0 vos besoins. S\u00e9lectionnez l'un de nos produits ou formulations et donnez-leur votre touche personnelle en ajoutant votre nom, en cr\u00e9ant votre propre design et en choisissant votre emballage En tant que service d'\u00e9tiquetage unique et complet,\nZeta Pharma fabriquera votre m\u00e9dicament Remplissez-les et emballez-les pour vous jusqu'\u00e0 ce qu'ils soient pr\u00eats \u00e0 \u00eatre exp\u00e9di\u00e9s. Nous croyons que l'exp\u00e9rience doit \u00eatre fiable et efficace. Lorsque vous utilisez nos serviceset ainsi que vous creez d l'image de marque et de la commercialisation de vos produits, vous n'avez pas \u00e0 vous soucier des aspects de fabrication et de r\u00e9glementation de l'industrie. Nos m\u00e9dicaments et suppl\u00e9ments sont d\u00e9j\u00e0 formul\u00e9s, test\u00e9s et certifi\u00e9s en termes de s\u00e9curit\u00e9 et de conditions r\u00e9glementaires. Il vous suffit d'y ajouter votre touche personnelle et votre nouveau produit est pr\u00eat.\"\t\t\t<\/p>\n\t\t\t\t\t<\/blockquote>\n\t\t\t\t\t\t<\/div>\n\t\t\t\t\t<\/div>\r\n\t\t\t\t<\/div>\r\n\t\t\t\t\t<\/div>\r\n\t\t\t\t<\/section>\r\n\t\t\t\t<section class=\"elementor-section elementor-top-section elementor-element elementor-element-43290c5 elementor-section-content-middle elementor-section-stretched elementor-hidden-desktop elementor-hidden-tablet elementor-hidden-mobile elementor-section-boxed elementor-section-height-default elementor-section-height-default\" data-id=\"43290c5\" data-element_type=\"section\" data-settings=\"{&quot;stretch_section&quot;:&quot;section-stretched&quot;,&quot;jet_parallax_layout_list&quot;:[],&quot;background_background&quot;:&quot;classic&quot;}\">\r\n\t\t\r\n\t\t\t\t\t\t\t<div class=\"elementor-container elementor-column-gap-default\">\r\n\t\t\t\t\t\t\t\t\t\t\t<div class=\"elementor-column elementor-col-50 elementor-top-column elementor-element elementor-element-04c840a\" data-id=\"04c840a\" data-element_type=\"column\">\r\n\t\t\t\t\t<div class=\"elementor-widget-wrap elementor-element-populated\">\r\n\t\t\t\t\t\t\t\t<div class=\"elementor-element elementor-element-6a4e1bf elementor-widget elementor-widget-heading\" data-id=\"6a4e1bf\" data-element_type=\"widget\" data-widget_type=\"heading.default\">\n\t\t\t\t\t<h3 class=\"elementor-heading-title elementor-size-default\">Pourquoi devennez un partenariat avec Zeta Pharma<\/h3>\t\t\t\t<\/div>\n\t\t\t\t<div class=\"elementor-element elementor-element-9d27eee elementor-widget elementor-widget-heading\" data-id=\"9d27eee\" data-element_type=\"widget\" data-widget_type=\"heading.default\">\n\t\t\t\t\t<p class=\"elementor-heading-title elementor-size-default\">\"Vous vous associez \u00e0 Zeta, qui est l'une des soci\u00e9t\u00e9s pharmaceutiques a une grande croissance sur les march\u00e9s \u00e9gyptiens, et qui occupe une position de leader sur les march\u00e9s du GIT, du CVS et du diab\u00e8te gr\u00e2ce \u00e0 ses produits distingu\u00e9s sur ces trois march\u00e9s.\nL'objectif est d'obtenir des GMP europ\u00e9ennes avec la banque europ\u00e9enne.<\/p>\t\t\t\t<\/div>\n\t\t\t\t\t<\/div>\r\n\t\t\t\t<\/div>\r\n\t\t\t\t<div class=\"elementor-column elementor-col-50 elementor-top-column elementor-element elementor-element-b586440\" data-id=\"b586440\" data-element_type=\"column\">\r\n\t\t\t\t\t<div class=\"elementor-widget-wrap\">\r\n\t\t\t\t\t\t\t\t\t<\/div>\r\n\t\t\t\t<\/div>\r\n\t\t\t\t\t<\/div>\r\n\t\t\t\t<\/section>\r\n\t\t\t\t<\/div>\n\t\t","protected":false},"excerpt":{"rendered":"<p>Accueil &gt; Label priv\u00e9 La labellisation est l&rsquo;un des meilleurs moyens de renforcer votre marque. Que vous soyez d\u00e9j\u00e0 une entreprise pharmaceutique r\u00e9put\u00e9e, une entreprise de compl\u00e9ments alimentaires cherchant \u00e0 \u00e9largir sa gamme de produits actuelle ou une entreprise qui vient de faire ses premiers pas dans les secteurs de la pharmacie et des compl\u00e9ments [&hellip;]<\/p>\n","protected":false},"author":2,"featured_media":0,"parent":0,"menu_order":0,"comment_status":"closed","ping_status":"closed","template":"elementor_theme","meta":{"content-type":"","footnotes":""},"class_list":["post-9438","page","type-page","status-publish","hentry"],"acf":[],"yoast_head":"<!-- This site is optimized with the Yoast SEO plugin v25.6 - https:\/\/yoast.com\/wordpress\/plugins\/seo\/ -->\n<title>Label priv\u00e9 - Zeta Pharma<\/title>\n<meta name=\"robots\" content=\"index, follow, max-snippet:-1, max-image-preview:large, max-video-preview:-1\" \/>\n<link rel=\"canonical\" href=\"https:\/\/zetapharma.net\/fr\/label-prive\/\" \/>\n<meta property=\"og:locale\" content=\"fr_FR\" \/>\n<meta property=\"og:type\" content=\"article\" \/>\n<meta property=\"og:title\" content=\"Label priv\u00e9 - Zeta Pharma\" \/>\n<meta property=\"og:description\" content=\"Accueil &gt; Label priv\u00e9 La labellisation est l&rsquo;un des meilleurs moyens de renforcer votre marque. Que vous soyez d\u00e9j\u00e0 une entreprise pharmaceutique r\u00e9put\u00e9e, une entreprise de compl\u00e9ments alimentaires cherchant \u00e0 \u00e9largir sa gamme de produits actuelle ou une entreprise qui vient de faire ses premiers pas dans les secteurs de la pharmacie et des compl\u00e9ments [&hellip;]\" \/>\n<meta property=\"og:url\" content=\"https:\/\/zetapharma.net\/fr\/label-prive\/\" \/>\n<meta property=\"og:site_name\" content=\"Zeta Pharma\" \/>\n<meta property=\"article:publisher\" content=\"https:\/\/www.facebook.com\/Zetapharma2010\/\" \/>\n<meta property=\"article:modified_time\" content=\"2022-10-27T15:48:42+00:00\" \/>\n<meta name=\"twitter:card\" content=\"summary_large_image\" \/>\n<meta name=\"twitter:label1\" content=\"Dur\u00e9e de lecture estim\u00e9e\" \/>\n\t<meta name=\"twitter:data1\" content=\"2 minutes\" \/>\n<script type=\"application\/ld+json\" class=\"yoast-schema-graph\">{\"@context\":\"https:\/\/schema.org\",\"@graph\":[{\"@type\":\"WebPage\",\"@id\":\"https:\/\/zetapharma.net\/fr\/label-prive\/\",\"url\":\"https:\/\/zetapharma.net\/fr\/label-prive\/\",\"name\":\"Label priv\u00e9 - Zeta Pharma\",\"isPartOf\":{\"@id\":\"https:\/\/zetapharma.net\/ar\/#website\"},\"datePublished\":\"2022-07-17T09:28:24+00:00\",\"dateModified\":\"2022-10-27T15:48:42+00:00\",\"breadcrumb\":{\"@id\":\"https:\/\/zetapharma.net\/fr\/label-prive\/#breadcrumb\"},\"inLanguage\":\"fr-FR\",\"potentialAction\":[{\"@type\":\"ReadAction\",\"target\":[\"https:\/\/zetapharma.net\/fr\/label-prive\/\"]}]},{\"@type\":\"BreadcrumbList\",\"@id\":\"https:\/\/zetapharma.net\/fr\/label-prive\/#breadcrumb\",\"itemListElement\":[{\"@type\":\"ListItem\",\"position\":1,\"name\":\"Home\",\"item\":\"https:\/\/zetapharma.net\/fr\/\"},{\"@type\":\"ListItem\",\"position\":2,\"name\":\"Label priv\u00e9\"}]},{\"@type\":\"WebSite\",\"@id\":\"https:\/\/zetapharma.net\/ar\/#website\",\"url\":\"https:\/\/zetapharma.net\/ar\/\",\"name\":\"Zeta Pharma\",\"description\":\"Zeta Pharma\",\"publisher\":{\"@id\":\"https:\/\/zetapharma.net\/ar\/#organization\"},\"potentialAction\":[{\"@type\":\"SearchAction\",\"target\":{\"@type\":\"EntryPoint\",\"urlTemplate\":\"https:\/\/zetapharma.net\/ar\/?s={search_term_string}\"},\"query-input\":{\"@type\":\"PropertyValueSpecification\",\"valueRequired\":true,\"valueName\":\"search_term_string\"}}],\"inLanguage\":\"fr-FR\"},{\"@type\":\"Organization\",\"@id\":\"https:\/\/zetapharma.net\/ar\/#organization\",\"name\":\"Zeta Pharma\",\"url\":\"https:\/\/zetapharma.net\/ar\/\",\"logo\":{\"@type\":\"ImageObject\",\"inLanguage\":\"fr-FR\",\"@id\":\"https:\/\/zetapharma.net\/ar\/#\/schema\/logo\/image\/\",\"url\":\"https:\/\/zetapharma.net\/wp-content\/uploads\/2022\/07\/zeta-logo.png\",\"contentUrl\":\"https:\/\/zetapharma.net\/wp-content\/uploads\/2022\/07\/zeta-logo.png\",\"width\":274,\"height\":127,\"caption\":\"Zeta Pharma\"},\"image\":{\"@id\":\"https:\/\/zetapharma.net\/ar\/#\/schema\/logo\/image\/\"},\"sameAs\":[\"https:\/\/www.facebook.com\/Zetapharma2010\/\",\"https:\/\/www.youtube.com\/channel\/UCVfxGFbd3PIIMHroJ6NSWjw\/videos\",\"https:\/\/www.linkedin.com\/company\/10077588\",\"https:\/\/www.cphi-online.com\/zeta-pharma-comp282422.html\"]}]}<\/script>\n<!-- \/ Yoast SEO plugin. -->","yoast_head_json":{"title":"Label priv\u00e9 - Zeta Pharma","robots":{"index":"index","follow":"follow","max-snippet":"max-snippet:-1","max-image-preview":"max-image-preview:large","max-video-preview":"max-video-preview:-1"},"canonical":"https:\/\/zetapharma.net\/fr\/label-prive\/","og_locale":"fr_FR","og_type":"article","og_title":"Label priv\u00e9 - Zeta Pharma","og_description":"Accueil &gt; Label priv\u00e9 La labellisation est l&rsquo;un des meilleurs moyens de renforcer votre marque. Que vous soyez d\u00e9j\u00e0 une entreprise pharmaceutique r\u00e9put\u00e9e, une entreprise de compl\u00e9ments alimentaires cherchant \u00e0 \u00e9largir sa gamme de produits actuelle ou une entreprise qui vient de faire ses premiers pas dans les secteurs de la pharmacie et des compl\u00e9ments [&hellip;]","og_url":"https:\/\/zetapharma.net\/fr\/label-prive\/","og_site_name":"Zeta Pharma","article_publisher":"https:\/\/www.facebook.com\/Zetapharma2010\/","article_modified_time":"2022-10-27T15:48:42+00:00","twitter_card":"summary_large_image","twitter_misc":{"Dur\u00e9e de lecture estim\u00e9e":"2 minutes"},"schema":{"@context":"https:\/\/schema.org","@graph":[{"@type":"WebPage","@id":"https:\/\/zetapharma.net\/fr\/label-prive\/","url":"https:\/\/zetapharma.net\/fr\/label-prive\/","name":"Label priv\u00e9 - Zeta Pharma","isPartOf":{"@id":"https:\/\/zetapharma.net\/ar\/#website"},"datePublished":"2022-07-17T09:28:24+00:00","dateModified":"2022-10-27T15:48:42+00:00","breadcrumb":{"@id":"https:\/\/zetapharma.net\/fr\/label-prive\/#breadcrumb"},"inLanguage":"fr-FR","potentialAction":[{"@type":"ReadAction","target":["https:\/\/zetapharma.net\/fr\/label-prive\/"]}]},{"@type":"BreadcrumbList","@id":"https:\/\/zetapharma.net\/fr\/label-prive\/#breadcrumb","itemListElement":[{"@type":"ListItem","position":1,"name":"Home","item":"https:\/\/zetapharma.net\/fr\/"},{"@type":"ListItem","position":2,"name":"Label priv\u00e9"}]},{"@type":"WebSite","@id":"https:\/\/zetapharma.net\/ar\/#website","url":"https:\/\/zetapharma.net\/ar\/","name":"Zeta Pharma","description":"Zeta Pharma","publisher":{"@id":"https:\/\/zetapharma.net\/ar\/#organization"},"potentialAction":[{"@type":"SearchAction","target":{"@type":"EntryPoint","urlTemplate":"https:\/\/zetapharma.net\/ar\/?s={search_term_string}"},"query-input":{"@type":"PropertyValueSpecification","valueRequired":true,"valueName":"search_term_string"}}],"inLanguage":"fr-FR"},{"@type":"Organization","@id":"https:\/\/zetapharma.net\/ar\/#organization","name":"Zeta Pharma","url":"https:\/\/zetapharma.net\/ar\/","logo":{"@type":"ImageObject","inLanguage":"fr-FR","@id":"https:\/\/zetapharma.net\/ar\/#\/schema\/logo\/image\/","url":"https:\/\/zetapharma.net\/wp-content\/uploads\/2022\/07\/zeta-logo.png","contentUrl":"https:\/\/zetapharma.net\/wp-content\/uploads\/2022\/07\/zeta-logo.png","width":274,"height":127,"caption":"Zeta Pharma"},"image":{"@id":"https:\/\/zetapharma.net\/ar\/#\/schema\/logo\/image\/"},"sameAs":["https:\/\/www.facebook.com\/Zetapharma2010\/","https:\/\/www.youtube.com\/channel\/UCVfxGFbd3PIIMHroJ6NSWjw\/videos","https:\/\/www.linkedin.com\/company\/10077588","https:\/\/www.cphi-online.com\/zeta-pharma-comp282422.html"]}]}},"_links":{"self":[{"href":"https:\/\/zetapharma.net\/fr\/wp-json\/wp\/v2\/pages\/9438","targetHints":{"allow":["GET"]}}],"collection":[{"href":"https:\/\/zetapharma.net\/fr\/wp-json\/wp\/v2\/pages"}],"about":[{"href":"https:\/\/zetapharma.net\/fr\/wp-json\/wp\/v2\/types\/page"}],"author":[{"embeddable":true,"href":"https:\/\/zetapharma.net\/fr\/wp-json\/wp\/v2\/users\/2"}],"replies":[{"embeddable":true,"href":"https:\/\/zetapharma.net\/fr\/wp-json\/wp\/v2\/comments?post=9438"}],"version-history":[{"count":2,"href":"https:\/\/zetapharma.net\/fr\/wp-json\/wp\/v2\/pages\/9438\/revisions"}],"predecessor-version":[{"id":9440,"href":"https:\/\/zetapharma.net\/fr\/wp-json\/wp\/v2\/pages\/9438\/revisions\/9440"}],"wp:attachment":[{"href":"https:\/\/zetapharma.net\/fr\/wp-json\/wp\/v2\/media?parent=9438"}],"curies":[{"name":"wp","href":"https:\/\/api.w.org\/{rel}","templated":true}]}}