{"id":9449,"date":"2022-07-21T09:51:46","date_gmt":"2022-07-21T09:51:46","guid":{"rendered":"https:\/\/zetapharma.net\/declaration-des-evenements\/"},"modified":"2022-10-27T17:23:38","modified_gmt":"2022-10-27T17:23:38","slug":"declaration-des-evenements","status":"publish","type":"page","link":"https:\/\/zetapharma.net\/fr\/declaration-des-evenements\/","title":{"rendered":"D\u00e9claration des \u00e9v\u00e9nements"},"content":{"rendered":"\t\t<div data-elementor-type=\"wp-page\" data-elementor-id=\"9449\" class=\"elementor elementor-9449\" data-elementor-post-type=\"page\">\n\t\t\t\t\t\t<section class=\"elementor-section elementor-top-section elementor-element elementor-element-7dc12abc elementor-section-stretched elementor-section-boxed elementor-section-height-default elementor-section-height-default\" data-id=\"7dc12abc\" data-element_type=\"section\" data-settings=\"{&quot;background_background&quot;:&quot;classic&quot;,&quot;stretch_section&quot;:&quot;section-stretched&quot;,&quot;jet_parallax_layout_list&quot;:[]}\">\r\n\t\t\t\t\t\t<div class=\"elementor-background-overlay\"><\/div>\r\n\t\t\t\r\n\t\t\t\t\t\t\t<div class=\"elementor-container elementor-column-gap-default\">\r\n\t\t\t\t\t\t\t\t\t\t\t<div class=\"elementor-column elementor-col-100 elementor-top-column elementor-element elementor-element-390f1392\" data-id=\"390f1392\" data-element_type=\"column\">\r\n\t\t\t\t\t<div class=\"elementor-widget-wrap elementor-element-populated\">\r\n\t\t\t\t\t\t\t\t<div class=\"elementor-element elementor-element-437bead animated-fast elementor-invisible elementor-widget elementor-widget-heading\" data-id=\"437bead\" data-element_type=\"widget\" data-settings=\"{&quot;_animation_delay&quot;:&quot;200&quot;,&quot;_animation&quot;:&quot;fadeInDown&quot;}\" data-widget_type=\"heading.default\">\n\t\t\t\t\t<h1 class=\"elementor-heading-title elementor-size-default\"><a href=\"https:\/\/zetapharma.net\/fr\/declaration-des-evenements\/\">D\u00e9claration des \u00e9v\u00e9nements<\/a><\/h1>\t\t\t\t<\/div>\n\t\t\t\t<section class=\"elementor-section elementor-inner-section elementor-element elementor-element-7d0995c elementor-section-boxed elementor-section-height-default elementor-section-height-default\" data-id=\"7d0995c\" data-element_type=\"section\" data-settings=\"{&quot;jet_parallax_layout_list&quot;:[]}\">\r\n\t\t\r\n\t\t\t\t\t\t\t<div class=\"elementor-container elementor-column-gap-default\">\r\n\t\t\t\t\t\t\t\t\t\t\t<div class=\"elementor-column elementor-col-33 elementor-inner-column elementor-element elementor-element-e56b79a\" data-id=\"e56b79a\" data-element_type=\"column\">\r\n\t\t\t\t\t<div class=\"elementor-widget-wrap elementor-element-populated\">\r\n\t\t\t\t\t\t\t\t<div class=\"elementor-element elementor-element-eba56ce elementor-widget elementor-widget-heading\" data-id=\"eba56ce\" data-element_type=\"widget\" data-widget_type=\"heading.default\">\n\t\t\t\t\t<h6 class=\"elementor-heading-title elementor-size-default\"><a href=\"https:\/\/zetapharma.net\/fr\/\">Accueil<\/a><\/h6>\t\t\t\t<\/div>\n\t\t\t\t\t<\/div>\r\n\t\t\t\t<\/div>\r\n\t\t\t\t<div class=\"elementor-column elementor-col-33 elementor-inner-column elementor-element elementor-element-06d8a01\" data-id=\"06d8a01\" data-element_type=\"column\">\r\n\t\t\t\t\t<div class=\"elementor-widget-wrap elementor-element-populated\">\r\n\t\t\t\t\t\t\t\t<div class=\"elementor-element elementor-element-931182f elementor-widget elementor-widget-heading\" data-id=\"931182f\" data-element_type=\"widget\" data-widget_type=\"heading.default\">\n\t\t\t\t\t<h6 class=\"elementor-heading-title elementor-size-default\"><a href=\"#\">&gt;<\/a><\/h6>\t\t\t\t<\/div>\n\t\t\t\t\t<\/div>\r\n\t\t\t\t<\/div>\r\n\t\t\t\t<div class=\"elementor-column elementor-col-33 elementor-inner-column elementor-element elementor-element-6758d9e\" data-id=\"6758d9e\" data-element_type=\"column\">\r\n\t\t\t\t\t<div class=\"elementor-widget-wrap elementor-element-populated\">\r\n\t\t\t\t\t\t\t\t<div class=\"elementor-element elementor-element-d128fa4 elementor-widget elementor-widget-heading\" data-id=\"d128fa4\" data-element_type=\"widget\" data-widget_type=\"heading.default\">\n\t\t\t\t\t<h6 class=\"elementor-heading-title elementor-size-default\"><a href=\"https:\/\/zetapharma.net\/fr\/declaration-des-evenements\/\">D\u00e9claration des \u00e9v\u00e9nements<\/a><\/h6>\t\t\t\t<\/div>\n\t\t\t\t\t<\/div>\r\n\t\t\t\t<\/div>\r\n\t\t\t\t\t<\/div>\r\n\t\t\t\t<\/section>\r\n\t\t\t\t\t<\/div>\r\n\t\t\t\t<\/div>\r\n\t\t\t\t\t<\/div>\r\n\t\t\t\t<\/section>\r\n\t\t\t\t<section class=\"elementor-section elementor-top-section elementor-element elementor-element-8cf2214 elementor-section-boxed elementor-section-height-default elementor-section-height-default\" data-id=\"8cf2214\" data-element_type=\"section\" data-settings=\"{&quot;jet_parallax_layout_list&quot;:[]}\">\r\n\t\t\r\n\t\t\t\t\t\t\t<div class=\"elementor-container elementor-column-gap-default\">\r\n\t\t\t\t\t\t\t\t\t\t\t<div class=\"elementor-column elementor-col-100 elementor-top-column elementor-element elementor-element-a645aa2\" data-id=\"a645aa2\" data-element_type=\"column\">\r\n\t\t\t\t\t<div class=\"elementor-widget-wrap elementor-element-populated\">\r\n\t\t\t\t\t\t\t\t<div class=\"elementor-element elementor-element-38018ad elementor-blockquote--skin-border elementor-blockquote--button-color-official elementor-widget elementor-widget-blockquote\" data-id=\"38018ad\" data-element_type=\"widget\" data-widget_type=\"blockquote.default\">\n\t\t\t\t\t\t\t<blockquote class=\"elementor-blockquote\">\n\t\t\t<p class=\"elementor-blockquote__content\">\n\t\t\t\tUne partie de la mission de Zeta pour servir les patients inclue la collecte,reviewing and reporting all Adverse Events (AEs), Other Safety Findings (OSFs), and Product Complaints (PCs) associ\u00e9s \u00e0 l'utilisation des produits exp\u00e9rimentaux et commercialis\u00e9s de Zeta. <br><br>\nZeta respecte tous les r\u00e8glements et les lois du monde entier pour signaler les \u00e9v\u00e9nements, la s\u00e9curit\u00e9 et les plaintes (collectivement appel\u00e9s \u00e9v\u00e9nements \u00e0 signaler). Les personnes vis\u00e9es par la pr\u00e9sente politique sont tenues de signaler tous les \u00e9v\u00e9nements au plus tard un jour ouvrable apr\u00e8s en avoir pris connaissance.\n\t\t\t<\/p>\n\t\t\t\t\t<\/blockquote>\n\t\t\t\t\t\t<\/div>\n\t\t\t\t\t<\/div>\r\n\t\t\t\t<\/div>\r\n\t\t\t\t\t<\/div>\r\n\t\t\t\t<\/section>\r\n\t\t\t\t<section class=\"elementor-section elementor-top-section elementor-element elementor-element-45922e6e elementor-section-content-top elementor-section-stretched elementor-section-boxed elementor-section-height-default elementor-section-height-default\" data-id=\"45922e6e\" data-element_type=\"section\" data-settings=\"{&quot;jet_parallax_layout_list&quot;:[],&quot;stretch_section&quot;:&quot;section-stretched&quot;}\">\r\n\t\t\r\n\t\t\t\t\t\t\t<div class=\"elementor-container elementor-column-gap-no\">\r\n\t\t\t\t\t\t\t\t\t\t\t<div class=\"elementor-column elementor-col-50 elementor-top-column elementor-element elementor-element-83a4fc8\" data-id=\"83a4fc8\" data-element_type=\"column\">\r\n\t\t\t\t\t<div class=\"elementor-widget-wrap elementor-element-populated\">\r\n\t\t\t\t\t\t\t\t<div class=\"elementor-element elementor-element-f7f5da4 elementor-widget elementor-widget-porto_ultimate_heading\" data-id=\"f7f5da4\" data-element_type=\"widget\" data-widget_type=\"porto_ultimate_heading.default\">\n\t\t\t\t\t<div class=\"porto-u-heading  porto-u-ad87e2eaf3f9c495180fe0156ddf3eb0\"><div class=\"porto-u-main-heading\"><h2    style=\"margin-bottom: 16px;\">Comment faire un rapport ?<\/h2><\/div><div class=\"porto-u-sub-heading\" style=\"\">\"Toute information doit \u00eatre envoy\u00e9e \u00e0 Zeta pour \u00eatre examin\u00e9e et analys\u00e9e. \npour examen et analyse, le cas \u00e9ch\u00e9ant. Signalez les \u00e9v\u00e9nements  \u00e0 tout produit Zeta \u00e0 Zeta par :\"<\/div><style>.porto-u-ad87e2eaf3f9c495180fe0156ddf3eb0.porto-u-heading{text-align:left}<\/style><\/div>\t\t\t\t<\/div>\n\t\t\t\t<section class=\"elementor-section elementor-inner-section elementor-element elementor-element-46d94c0 elementor-section-boxed elementor-section-height-default elementor-section-height-default\" data-id=\"46d94c0\" data-element_type=\"section\" data-settings=\"{&quot;jet_parallax_layout_list&quot;:[]}\">\r\n\t\t\r\n\t\t\t\t\t\t\t<div class=\"elementor-container elementor-column-gap-default\">\r\n\t\t\t\t\t\t\t\t\t\t\t<div class=\"elementor-column elementor-col-100 elementor-inner-column elementor-element elementor-element-a935e46\" data-id=\"a935e46\" data-element_type=\"column\">\r\n\t\t\t\t\t<div class=\"elementor-widget-wrap elementor-element-populated\">\r\n\t\t\t\t\t\t\t\t<div class=\"elementor-element elementor-element-bf466ac elementor-position-left elementor-view-default elementor-mobile-position-top elementor-widget elementor-widget-icon-box\" data-id=\"bf466ac\" data-element_type=\"widget\" data-widget_type=\"icon-box.default\">\n\t\t\t\t\t\t\t<div class=\"elementor-icon-box-wrapper\">\n\n\t\t\t\t\t\t<div class=\"elementor-icon-box-icon\">\n\t\t\t\t<span  class=\"elementor-icon\">\n\t\t\t\t<i aria-hidden=\"true\" class=\"  porto-icon-callin\"><\/i>\t\t\t\t<\/span>\n\t\t\t<\/div>\n\t\t\t\n\t\t\t\t\t\t<div class=\"elementor-icon-box-content\">\n\n\t\t\t\t\t\t\t\t\t<h3 class=\"elementor-icon-box-title\">\n\t\t\t\t\t\t<span  >\n\t\t\t\t\t\t\tHotline: 17053\t\t\t\t\t\t<\/span>\n\t\t\t\t\t<\/h3>\n\t\t\t\t\n\t\t\t\t\n\t\t\t<\/div>\n\t\t\t\n\t\t<\/div>\n\t\t\t\t\t\t<\/div>\n\t\t\t\t\t<\/div>\r\n\t\t\t\t<\/div>\r\n\t\t\t\t\t<\/div>\r\n\t\t\t\t<\/section>\r\n\t\t\t\t<section class=\"elementor-section elementor-inner-section elementor-element elementor-element-5eac6ad elementor-section-boxed elementor-section-height-default elementor-section-height-default\" data-id=\"5eac6ad\" data-element_type=\"section\" data-settings=\"{&quot;jet_parallax_layout_list&quot;:[]}\">\r\n\t\t\r\n\t\t\t\t\t\t\t<div class=\"elementor-container elementor-column-gap-default\">\r\n\t\t\t\t\t\t\t\t\t\t\t<div class=\"elementor-column elementor-col-100 elementor-inner-column elementor-element elementor-element-3b7f112\" data-id=\"3b7f112\" data-element_type=\"column\">\r\n\t\t\t\t\t<div class=\"elementor-widget-wrap elementor-element-populated\">\r\n\t\t\t\t\t\t\t\t<div class=\"elementor-element elementor-element-c9c6266 elementor-position-left elementor-view-default elementor-mobile-position-top elementor-widget elementor-widget-icon-box\" data-id=\"c9c6266\" data-element_type=\"widget\" data-widget_type=\"icon-box.default\">\n\t\t\t\t\t\t\t<div class=\"elementor-icon-box-wrapper\">\n\n\t\t\t\t\t\t<div class=\"elementor-icon-box-icon\">\n\t\t\t\t<span  class=\"elementor-icon\">\n\t\t\t\t<i aria-hidden=\"true\" class=\"material-icons md-email\" data-md-icon=\"email\"><\/i>\t\t\t\t<\/span>\n\t\t\t<\/div>\n\t\t\t\n\t\t\t\t\t\t<div class=\"elementor-icon-box-content\">\n\n\t\t\t\t\t\t\t\t\t<h3 class=\"elementor-icon-box-title\">\n\t\t\t\t\t\t<span  >\n\t\t\t\t\t\t\tPV@zeta-pharma.com\t\t\t\t\t\t<\/span>\n\t\t\t\t\t<\/h3>\n\t\t\t\t\n\t\t\t\t\n\t\t\t<\/div>\n\t\t\t\n\t\t<\/div>\n\t\t\t\t\t\t<\/div>\n\t\t\t\t\t<\/div>\r\n\t\t\t\t<\/div>\r\n\t\t\t\t\t<\/div>\r\n\t\t\t\t<\/section>\r\n\t\t\t\t<section class=\"elementor-section elementor-inner-section elementor-element elementor-element-1223627 elementor-section-boxed elementor-section-height-default elementor-section-height-default\" data-id=\"1223627\" data-element_type=\"section\" data-settings=\"{&quot;jet_parallax_layout_list&quot;:[]}\">\r\n\t\t\r\n\t\t\t\t\t\t\t<div class=\"elementor-container elementor-column-gap-default\">\r\n\t\t\t\t\t\t\t\t\t\t\t<div class=\"elementor-column elementor-col-100 elementor-inner-column elementor-element elementor-element-6fdf1ab0\" data-id=\"6fdf1ab0\" data-element_type=\"column\">\r\n\t\t\t\t\t<div class=\"elementor-widget-wrap elementor-element-populated\">\r\n\t\t\t\t\t\t\t\t<div class=\"elementor-element elementor-element-35f2629 elementor-widget elementor-widget-porto_ultimate_heading\" data-id=\"35f2629\" data-element_type=\"widget\" data-widget_type=\"porto_ultimate_heading.default\">\n\t\t\t\t\t<div class=\"porto-u-heading  porto-u-ad87e2eaf3f9c495180fe0156ddf3eb0\"><div class=\"porto-u-main-heading\"><h2    style=\"margin-bottom: 16px;\">D\u00e9claration des \u00e9v\u00e9nements <\/h2><\/div><div class=\"porto-u-sub-heading\" style=\"\">Il s'agit de tout \u00e9v\u00e9nement m\u00e9dical ind\u00e9sirable chez un patient qui a re\u00e7u un produit Zeta et qui n'est pas n\u00e9cessairement caus\u00e9 par le produit Zeta.Un effet ind\u00e9sirable peut donc \u00eatre tout signe d\u00e9favorable et non intentionnel (p. ex., une constatation anormale en laboratoire), sympt\u00f4me ou maladie temporellement associ\u00e9 \u00e0 l\u2019utilisation d\u2019un m\u00e9dicament, d\u2019un produit combin\u00e9 ou d\u2019un instrument m\u00e9dical, qu\u2019il soit consid\u00e9r\u00e9 ou non li\u00e9 au produit. Cela comprend\u00a0:\n\ntoute aggravation cliniquement importante d'un probl\u00e8me de sant\u00e9 pr\u00e9existant; ou   nocif associ\u00e9 \u00e0 l'arr\u00eat de l'utilisation d'un produit<\/div><style>.porto-u-ad87e2eaf3f9c495180fe0156ddf3eb0.porto-u-heading{text-align:left}<\/style><\/div>\t\t\t\t<\/div>\n\t\t\t\t\t<\/div>\r\n\t\t\t\t<\/div>\r\n\t\t\t\t\t<\/div>\r\n\t\t\t\t<\/section>\r\n\t\t\t\t\t<\/div>\r\n\t\t\t\t<\/div>\r\n\t\t\t\t<div class=\"elementor-column elementor-col-50 elementor-top-column elementor-element elementor-element-77f76394\" data-id=\"77f76394\" data-element_type=\"column\" data-settings=\"{&quot;background_background&quot;:&quot;classic&quot;}\">\r\n\t\t\t\t\t<div class=\"elementor-widget-wrap elementor-element-populated\">\r\n\t\t\t\t\t\t\t\t<section class=\"elementor-section elementor-inner-section elementor-element elementor-element-9249e3f elementor-section-content-top elementor-section-full_width elementor-section-height-default elementor-section-height-default\" data-id=\"9249e3f\" data-element_type=\"section\" data-settings=\"{&quot;jet_parallax_layout_list&quot;:[]}\">\r\n\t\t\r\n\t\t\t\t\t\t\t<div class=\"elementor-container elementor-column-gap-no\">\r\n\t\t\t\t\t\t\t\t\t\t\t<div class=\"elementor-column elementor-col-100 elementor-inner-column elementor-element elementor-element-5428fba\" data-id=\"5428fba\" data-element_type=\"column\">\r\n\t\t\t\t\t<div class=\"elementor-widget-wrap\">\r\n\t\t\t\t\t\t\t\t\t<\/div>\r\n\t\t\t\t<\/div>\r\n\t\t\t\t\t<\/div>\r\n\t\t\t\t<\/section>\r\n\t\t\t\t\t<\/div>\r\n\t\t\t\t<\/div>\r\n\t\t\t\t\t<\/div>\r\n\t\t\t\t<\/section>\r\n\t\t\t\t<\/div>\n\t\t","protected":false},"excerpt":{"rendered":"<p>Accueil &gt; Une partie de la mission de Zeta pour servir les patients inclue la collecte,reviewing and reporting all Adverse Events (AEs), Other Safety Findings (OSFs), and Product Complaints (PCs) associ\u00e9s \u00e0 l&rsquo;utilisation des produits exp\u00e9rimentaux et commercialis\u00e9s de Zeta. Zeta respecte tous les r\u00e8glements et les lois du monde entier pour signaler les \u00e9v\u00e9nements, [&hellip;]<\/p>\n","protected":false},"author":2,"featured_media":0,"parent":0,"menu_order":0,"comment_status":"closed","ping_status":"closed","template":"elementor_theme","meta":{"content-type":"","footnotes":""},"class_list":["post-9449","page","type-page","status-publish","hentry"],"acf":[],"yoast_head":"<!-- This site is optimized with the Yoast SEO plugin v25.6 - https:\/\/yoast.com\/wordpress\/plugins\/seo\/ -->\n<title>D\u00e9claration des \u00e9v\u00e9nements - Zeta Pharma<\/title>\n<meta name=\"robots\" content=\"index, follow, max-snippet:-1, max-image-preview:large, max-video-preview:-1\" \/>\n<link rel=\"canonical\" href=\"https:\/\/zetapharma.net\/fr\/declaration-des-evenements\/\" \/>\n<meta property=\"og:locale\" content=\"fr_FR\" \/>\n<meta property=\"og:type\" content=\"article\" \/>\n<meta property=\"og:title\" content=\"D\u00e9claration des \u00e9v\u00e9nements - Zeta Pharma\" \/>\n<meta property=\"og:description\" content=\"Accueil &gt; Une partie de la mission de Zeta pour servir les patients inclue la collecte,reviewing and reporting all Adverse Events (AEs), Other Safety Findings (OSFs), and Product Complaints (PCs) associ\u00e9s \u00e0 l&rsquo;utilisation des produits exp\u00e9rimentaux et commercialis\u00e9s de Zeta. Zeta respecte tous les r\u00e8glements et les lois du monde entier pour signaler les \u00e9v\u00e9nements, [&hellip;]\" \/>\n<meta property=\"og:url\" content=\"https:\/\/zetapharma.net\/fr\/declaration-des-evenements\/\" \/>\n<meta property=\"og:site_name\" content=\"Zeta Pharma\" \/>\n<meta property=\"article:publisher\" content=\"https:\/\/www.facebook.com\/Zetapharma2010\/\" \/>\n<meta property=\"article:modified_time\" content=\"2022-10-27T17:23:38+00:00\" \/>\n<meta name=\"twitter:card\" content=\"summary_large_image\" \/>\n<meta name=\"twitter:label1\" content=\"Dur\u00e9e de lecture estim\u00e9e\" \/>\n\t<meta name=\"twitter:data1\" content=\"2 minutes\" \/>\n<script type=\"application\/ld+json\" class=\"yoast-schema-graph\">{\"@context\":\"https:\/\/schema.org\",\"@graph\":[{\"@type\":\"WebPage\",\"@id\":\"https:\/\/zetapharma.net\/fr\/declaration-des-evenements\/\",\"url\":\"https:\/\/zetapharma.net\/fr\/declaration-des-evenements\/\",\"name\":\"D\u00e9claration des \u00e9v\u00e9nements - Zeta Pharma\",\"isPartOf\":{\"@id\":\"https:\/\/zetapharma.net\/ar\/#website\"},\"datePublished\":\"2022-07-21T09:51:46+00:00\",\"dateModified\":\"2022-10-27T17:23:38+00:00\",\"breadcrumb\":{\"@id\":\"https:\/\/zetapharma.net\/fr\/declaration-des-evenements\/#breadcrumb\"},\"inLanguage\":\"fr-FR\",\"potentialAction\":[{\"@type\":\"ReadAction\",\"target\":[\"https:\/\/zetapharma.net\/fr\/declaration-des-evenements\/\"]}]},{\"@type\":\"BreadcrumbList\",\"@id\":\"https:\/\/zetapharma.net\/fr\/declaration-des-evenements\/#breadcrumb\",\"itemListElement\":[{\"@type\":\"ListItem\",\"position\":1,\"name\":\"Home\",\"item\":\"https:\/\/zetapharma.net\/fr\/\"},{\"@type\":\"ListItem\",\"position\":2,\"name\":\"D\u00e9claration des \u00e9v\u00e9nements\"}]},{\"@type\":\"WebSite\",\"@id\":\"https:\/\/zetapharma.net\/ar\/#website\",\"url\":\"https:\/\/zetapharma.net\/ar\/\",\"name\":\"Zeta Pharma\",\"description\":\"Zeta Pharma\",\"publisher\":{\"@id\":\"https:\/\/zetapharma.net\/ar\/#organization\"},\"potentialAction\":[{\"@type\":\"SearchAction\",\"target\":{\"@type\":\"EntryPoint\",\"urlTemplate\":\"https:\/\/zetapharma.net\/ar\/?s={search_term_string}\"},\"query-input\":{\"@type\":\"PropertyValueSpecification\",\"valueRequired\":true,\"valueName\":\"search_term_string\"}}],\"inLanguage\":\"fr-FR\"},{\"@type\":\"Organization\",\"@id\":\"https:\/\/zetapharma.net\/ar\/#organization\",\"name\":\"Zeta Pharma\",\"url\":\"https:\/\/zetapharma.net\/ar\/\",\"logo\":{\"@type\":\"ImageObject\",\"inLanguage\":\"fr-FR\",\"@id\":\"https:\/\/zetapharma.net\/ar\/#\/schema\/logo\/image\/\",\"url\":\"https:\/\/zetapharma.net\/wp-content\/uploads\/2022\/07\/zeta-logo.png\",\"contentUrl\":\"https:\/\/zetapharma.net\/wp-content\/uploads\/2022\/07\/zeta-logo.png\",\"width\":274,\"height\":127,\"caption\":\"Zeta Pharma\"},\"image\":{\"@id\":\"https:\/\/zetapharma.net\/ar\/#\/schema\/logo\/image\/\"},\"sameAs\":[\"https:\/\/www.facebook.com\/Zetapharma2010\/\",\"https:\/\/www.youtube.com\/channel\/UCVfxGFbd3PIIMHroJ6NSWjw\/videos\",\"https:\/\/www.linkedin.com\/company\/10077588\",\"https:\/\/www.cphi-online.com\/zeta-pharma-comp282422.html\"]}]}<\/script>\n<!-- \/ Yoast SEO plugin. -->","yoast_head_json":{"title":"D\u00e9claration des \u00e9v\u00e9nements - Zeta Pharma","robots":{"index":"index","follow":"follow","max-snippet":"max-snippet:-1","max-image-preview":"max-image-preview:large","max-video-preview":"max-video-preview:-1"},"canonical":"https:\/\/zetapharma.net\/fr\/declaration-des-evenements\/","og_locale":"fr_FR","og_type":"article","og_title":"D\u00e9claration des \u00e9v\u00e9nements - Zeta Pharma","og_description":"Accueil &gt; Une partie de la mission de Zeta pour servir les patients inclue la collecte,reviewing and reporting all Adverse Events (AEs), Other Safety Findings (OSFs), and Product Complaints (PCs) associ\u00e9s \u00e0 l&rsquo;utilisation des produits exp\u00e9rimentaux et commercialis\u00e9s de Zeta. Zeta respecte tous les r\u00e8glements et les lois du monde entier pour signaler les \u00e9v\u00e9nements, [&hellip;]","og_url":"https:\/\/zetapharma.net\/fr\/declaration-des-evenements\/","og_site_name":"Zeta Pharma","article_publisher":"https:\/\/www.facebook.com\/Zetapharma2010\/","article_modified_time":"2022-10-27T17:23:38+00:00","twitter_card":"summary_large_image","twitter_misc":{"Dur\u00e9e de lecture estim\u00e9e":"2 minutes"},"schema":{"@context":"https:\/\/schema.org","@graph":[{"@type":"WebPage","@id":"https:\/\/zetapharma.net\/fr\/declaration-des-evenements\/","url":"https:\/\/zetapharma.net\/fr\/declaration-des-evenements\/","name":"D\u00e9claration des \u00e9v\u00e9nements - Zeta Pharma","isPartOf":{"@id":"https:\/\/zetapharma.net\/ar\/#website"},"datePublished":"2022-07-21T09:51:46+00:00","dateModified":"2022-10-27T17:23:38+00:00","breadcrumb":{"@id":"https:\/\/zetapharma.net\/fr\/declaration-des-evenements\/#breadcrumb"},"inLanguage":"fr-FR","potentialAction":[{"@type":"ReadAction","target":["https:\/\/zetapharma.net\/fr\/declaration-des-evenements\/"]}]},{"@type":"BreadcrumbList","@id":"https:\/\/zetapharma.net\/fr\/declaration-des-evenements\/#breadcrumb","itemListElement":[{"@type":"ListItem","position":1,"name":"Home","item":"https:\/\/zetapharma.net\/fr\/"},{"@type":"ListItem","position":2,"name":"D\u00e9claration des \u00e9v\u00e9nements"}]},{"@type":"WebSite","@id":"https:\/\/zetapharma.net\/ar\/#website","url":"https:\/\/zetapharma.net\/ar\/","name":"Zeta Pharma","description":"Zeta Pharma","publisher":{"@id":"https:\/\/zetapharma.net\/ar\/#organization"},"potentialAction":[{"@type":"SearchAction","target":{"@type":"EntryPoint","urlTemplate":"https:\/\/zetapharma.net\/ar\/?s={search_term_string}"},"query-input":{"@type":"PropertyValueSpecification","valueRequired":true,"valueName":"search_term_string"}}],"inLanguage":"fr-FR"},{"@type":"Organization","@id":"https:\/\/zetapharma.net\/ar\/#organization","name":"Zeta Pharma","url":"https:\/\/zetapharma.net\/ar\/","logo":{"@type":"ImageObject","inLanguage":"fr-FR","@id":"https:\/\/zetapharma.net\/ar\/#\/schema\/logo\/image\/","url":"https:\/\/zetapharma.net\/wp-content\/uploads\/2022\/07\/zeta-logo.png","contentUrl":"https:\/\/zetapharma.net\/wp-content\/uploads\/2022\/07\/zeta-logo.png","width":274,"height":127,"caption":"Zeta Pharma"},"image":{"@id":"https:\/\/zetapharma.net\/ar\/#\/schema\/logo\/image\/"},"sameAs":["https:\/\/www.facebook.com\/Zetapharma2010\/","https:\/\/www.youtube.com\/channel\/UCVfxGFbd3PIIMHroJ6NSWjw\/videos","https:\/\/www.linkedin.com\/company\/10077588","https:\/\/www.cphi-online.com\/zeta-pharma-comp282422.html"]}]}},"_links":{"self":[{"href":"https:\/\/zetapharma.net\/fr\/wp-json\/wp\/v2\/pages\/9449","targetHints":{"allow":["GET"]}}],"collection":[{"href":"https:\/\/zetapharma.net\/fr\/wp-json\/wp\/v2\/pages"}],"about":[{"href":"https:\/\/zetapharma.net\/fr\/wp-json\/wp\/v2\/types\/page"}],"author":[{"embeddable":true,"href":"https:\/\/zetapharma.net\/fr\/wp-json\/wp\/v2\/users\/2"}],"replies":[{"embeddable":true,"href":"https:\/\/zetapharma.net\/fr\/wp-json\/wp\/v2\/comments?post=9449"}],"version-history":[{"count":8,"href":"https:\/\/zetapharma.net\/fr\/wp-json\/wp\/v2\/pages\/9449\/revisions"}],"predecessor-version":[{"id":9484,"href":"https:\/\/zetapharma.net\/fr\/wp-json\/wp\/v2\/pages\/9449\/revisions\/9484"}],"wp:attachment":[{"href":"https:\/\/zetapharma.net\/fr\/wp-json\/wp\/v2\/media?parent=9449"}],"curies":[{"name":"wp","href":"https:\/\/api.w.org\/{rel}","templated":true}]}}