{"id":11472,"date":"2022-07-18T13:31:20","date_gmt":"2022-07-18T13:31:20","guid":{"rendered":"https:\/\/zetapharma.net\/fabricacao-de-pedagio\/"},"modified":"2022-10-30T23:39:32","modified_gmt":"2022-10-30T23:39:32","slug":"fabricacao-de-pedagio","status":"publish","type":"page","link":"https:\/\/zetapharma.net\/pt-pt\/fabricacao-de-pedagio\/","title":{"rendered":"Fabrica\u00e7\u00e3o de ped\u00e1gio"},"content":{"rendered":"\t\t<div data-elementor-type=\"wp-page\" data-elementor-id=\"11472\" class=\"elementor elementor-11472\" data-elementor-post-type=\"page\">\n\t\t\t\t\t\t<section class=\"elementor-section elementor-top-section elementor-element elementor-element-1d04686a elementor-section-stretched elementor-section-boxed elementor-section-height-default elementor-section-height-default\" data-id=\"1d04686a\" data-element_type=\"section\" data-settings=\"{&quot;background_background&quot;:&quot;classic&quot;,&quot;stretch_section&quot;:&quot;section-stretched&quot;,&quot;jet_parallax_layout_list&quot;:[]}\">\r\n\t\t\t\t\t\t<div class=\"elementor-background-overlay\"><\/div>\r\n\t\t\t\r\n\t\t\t\t\t\t\t<div class=\"elementor-container elementor-column-gap-default\">\r\n\t\t\t\t\t\t\t\t\t\t\t<div class=\"elementor-column elementor-col-100 elementor-top-column elementor-element elementor-element-39a54ba9\" data-id=\"39a54ba9\" data-element_type=\"column\">\r\n\t\t\t\t\t<div class=\"elementor-widget-wrap elementor-element-populated\">\r\n\t\t\t\t\t\t\t\t<div class=\"elementor-element elementor-element-7f1e45a3 animated-fast elementor-invisible elementor-widget elementor-widget-heading\" data-id=\"7f1e45a3\" data-element_type=\"widget\" data-settings=\"{&quot;_animation_delay&quot;:&quot;200&quot;,&quot;_animation&quot;:&quot;fadeInDown&quot;}\" data-widget_type=\"heading.default\">\n\t\t\t\t\t<h1 class=\"elementor-heading-title elementor-size-default\">Fabrica\u00e7\u00e3o de ped\u00e1gio<\/h1>\t\t\t\t<\/div>\n\t\t\t\t<section class=\"elementor-section elementor-inner-section elementor-element elementor-element-3986fa0 elementor-section-boxed elementor-section-height-default elementor-section-height-default\" data-id=\"3986fa0\" data-element_type=\"section\" data-settings=\"{&quot;jet_parallax_layout_list&quot;:[]}\">\r\n\t\t\r\n\t\t\t\t\t\t\t<div class=\"elementor-container elementor-column-gap-default\">\r\n\t\t\t\t\t\t\t\t\t\t\t<div class=\"elementor-column elementor-col-33 elementor-inner-column elementor-element elementor-element-330be98\" data-id=\"330be98\" data-element_type=\"column\">\r\n\t\t\t\t\t<div class=\"elementor-widget-wrap elementor-element-populated\">\r\n\t\t\t\t\t\t\t\t<div class=\"elementor-element elementor-element-b4fb497 elementor-widget elementor-widget-heading\" data-id=\"b4fb497\" data-element_type=\"widget\" data-widget_type=\"heading.default\">\n\t\t\t\t\t<h6 class=\"elementor-heading-title elementor-size-default\"><a href=\"https:\/\/zetapharma.net\/pt-pt\/\">P\u00e1gina oficial<\/a><\/h6>\t\t\t\t<\/div>\n\t\t\t\t\t<\/div>\r\n\t\t\t\t<\/div>\r\n\t\t\t\t<div class=\"elementor-column elementor-col-33 elementor-inner-column elementor-element elementor-element-7aa911f\" data-id=\"7aa911f\" data-element_type=\"column\">\r\n\t\t\t\t\t<div class=\"elementor-widget-wrap elementor-element-populated\">\r\n\t\t\t\t\t\t\t\t<div class=\"elementor-element elementor-element-83d61c9 elementor-widget elementor-widget-heading\" data-id=\"83d61c9\" data-element_type=\"widget\" data-widget_type=\"heading.default\">\n\t\t\t\t\t<h6 class=\"elementor-heading-title elementor-size-default\"><a href=\"#\">&gt;<\/a><\/h6>\t\t\t\t<\/div>\n\t\t\t\t\t<\/div>\r\n\t\t\t\t<\/div>\r\n\t\t\t\t<div class=\"elementor-column elementor-col-33 elementor-inner-column elementor-element elementor-element-efd85c2\" data-id=\"efd85c2\" data-element_type=\"column\">\r\n\t\t\t\t\t<div class=\"elementor-widget-wrap elementor-element-populated\">\r\n\t\t\t\t\t\t\t\t<div class=\"elementor-element elementor-element-c65bd15 elementor-widget elementor-widget-heading\" data-id=\"c65bd15\" data-element_type=\"widget\" data-widget_type=\"heading.default\">\n\t\t\t\t\t<h6 class=\"elementor-heading-title elementor-size-default\"><a href=\"https:\/\/zetapharma.net\/pt-pt\/fabricacao-de-pedagio\/\">Fabrica\u00e7\u00e3o de ped\u00e1gio<\/a><\/h6>\t\t\t\t<\/div>\n\t\t\t\t\t<\/div>\r\n\t\t\t\t<\/div>\r\n\t\t\t\t\t<\/div>\r\n\t\t\t\t<\/section>\r\n\t\t\t\t\t<\/div>\r\n\t\t\t\t<\/div>\r\n\t\t\t\t\t<\/div>\r\n\t\t\t\t<\/section>\r\n\t\t\t\t<section class=\"elementor-section elementor-top-section elementor-element elementor-element-1da8b8d elementor-section-boxed elementor-section-height-default elementor-section-height-default\" data-id=\"1da8b8d\" data-element_type=\"section\" data-settings=\"{&quot;jet_parallax_layout_list&quot;:[]}\">\r\n\t\t\r\n\t\t\t\t\t\t\t<div class=\"elementor-container elementor-column-gap-default\">\r\n\t\t\t\t\t\t\t\t\t\t\t<div class=\"elementor-column elementor-col-100 elementor-top-column elementor-element elementor-element-a22f806\" data-id=\"a22f806\" data-element_type=\"column\">\r\n\t\t\t\t\t<div class=\"elementor-widget-wrap elementor-element-populated\">\r\n\t\t\t\t\t\t\t\t<div class=\"elementor-element elementor-element-3a180c8 elementor-widget elementor-widget-html\" data-id=\"3a180c8\" data-element_type=\"widget\" data-widget_type=\"html.default\">\n\t\t\t\t\t<p class=\"lead mb-4\">A fabrica\u00e7\u00e3o por contrato farmac\u00eautico\n\u00e9 uma especialidade dentro do termo mais geral da fabrica\u00e7\u00e3o por contrato e \u00e9 o processo pelo qual as empresas farmac\u00eauticas terceirizam as necessidades de fabrica\u00e7\u00e3o deles por contrato para empresas equipadas. Essas organiza\u00e7\u00f5es de fabrica\u00e7\u00e3o por contrato (CMOs) gastam o seu tempo desenvolvendo, formulando e testando produtos, permitindo que a empresa farmac\u00eautica se concentre em marketing, descoberta e escalabilidade. Os fabricantes contratados tamb\u00e9m podem fornecer mat\u00e9rias-primas, m\u00e1quinas e servi\u00e7os de fabrica\u00e7\u00e3o necess\u00e1rios para a produ\u00e7\u00e3o de medicamentos.\n<\/p>\n<p class=\"clearfix\">Os fabricantes contratados de produtos farmac\u00eauticos atendem a muitos prop\u00f3sitos. Eles ajudam a aliviar o fardo da produ\u00e7\u00e3o das empresas farmac\u00eauticas, fornecendo servi\u00e7os como: <\/p>\n\n\n\t\t\t\t<\/div>\n\t\t\t\t<div class=\"elementor-element elementor-element-19fa4b7 elementor-icon-list--layout-traditional elementor-list-item-link-full_width elementor-widget elementor-widget-icon-list\" data-id=\"19fa4b7\" data-element_type=\"widget\" data-widget_type=\"icon-list.default\">\n\t\t\t\t\t\t\t<ul class=\"elementor-icon-list-items\">\n\t\t\t\t\t\t\t<li class=\"elementor-icon-list-item\">\n\t\t\t\t\t\t\t\t\t\t\t<span class=\"elementor-icon-list-icon\">\n\t\t\t\t\t\t\t<svg aria-hidden=\"true\" class=\"e-font-icon-svg e-fas-chevron-right\" viewBox=\"0 0 320 512\" xmlns=\"http:\/\/www.w3.org\/2000\/svg\"><path d=\"M285.476 272.971L91.132 467.314c-9.373 9.373-24.569 9.373-33.941 0l-22.667-22.667c-9.357-9.357-9.375-24.522-.04-33.901L188.505 256 34.484 101.255c-9.335-9.379-9.317-24.544.04-33.901l22.667-22.667c9.373-9.373 24.569-9.373 33.941 0L285.475 239.03c9.373 9.372 9.373 24.568.001 33.941z\"><\/path><\/svg>\t\t\t\t\t\t<\/span>\n\t\t\t\t\t\t\t\t\t\t<span class=\"elementor-icon-list-text\">Desenvolvimento de drogas<\/span>\n\t\t\t\t\t\t\t\t\t<\/li>\n\t\t\t\t\t\t\t\t<li class=\"elementor-icon-list-item\">\n\t\t\t\t\t\t\t\t\t\t\t<span class=\"elementor-icon-list-icon\">\n\t\t\t\t\t\t\t<svg aria-hidden=\"true\" class=\"e-font-icon-svg e-fas-chevron-right\" viewBox=\"0 0 320 512\" xmlns=\"http:\/\/www.w3.org\/2000\/svg\"><path d=\"M285.476 272.971L91.132 467.314c-9.373 9.373-24.569 9.373-33.941 0l-22.667-22.667c-9.357-9.357-9.375-24.522-.04-33.901L188.505 256 34.484 101.255c-9.335-9.379-9.317-24.544.04-33.901l22.667-22.667c9.373-9.373 24.569-9.373 33.941 0L285.475 239.03c9.373 9.372 9.373 24.568.001 33.941z\"><\/path><\/svg>\t\t\t\t\t\t<\/span>\n\t\t\t\t\t\t\t\t\t\t<span class=\"elementor-icon-list-text\">Produ\u00e7\u00e3o industrial e comercial<\/span>\n\t\t\t\t\t\t\t\t\t<\/li>\n\t\t\t\t\t\t\t\t<li class=\"elementor-icon-list-item\">\n\t\t\t\t\t\t\t\t\t\t\t<span class=\"elementor-icon-list-icon\">\n\t\t\t\t\t\t\t<svg aria-hidden=\"true\" class=\"e-font-icon-svg e-fas-chevron-right\" viewBox=\"0 0 320 512\" xmlns=\"http:\/\/www.w3.org\/2000\/svg\"><path d=\"M285.476 272.971L91.132 467.314c-9.373 9.373-24.569 9.373-33.941 0l-22.667-22.667c-9.357-9.357-9.375-24.522-.04-33.901L188.505 256 34.484 101.255c-9.335-9.379-9.317-24.544.04-33.901l22.667-22.667c9.373-9.373 24.569-9.373 33.941 0L285.475 239.03c9.373 9.372 9.373 24.568.001 33.941z\"><\/path><\/svg>\t\t\t\t\t\t<\/span>\n\t\t\t\t\t\t\t\t\t\t<span class=\"elementor-icon-list-text\">Fabrica\u00e7\u00e3o\/configura\u00e7\u00e3o de equipamentos de processo<\/span>\n\t\t\t\t\t\t\t\t\t<\/li>\n\t\t\t\t\t\t\t\t<li class=\"elementor-icon-list-item\">\n\t\t\t\t\t\t\t\t\t\t\t<span class=\"elementor-icon-list-icon\">\n\t\t\t\t\t\t\t<svg aria-hidden=\"true\" class=\"e-font-icon-svg e-fas-chevron-right\" viewBox=\"0 0 320 512\" xmlns=\"http:\/\/www.w3.org\/2000\/svg\"><path d=\"M285.476 272.971L91.132 467.314c-9.373 9.373-24.569 9.373-33.941 0l-22.667-22.667c-9.357-9.357-9.375-24.522-.04-33.901L188.505 256 34.484 101.255c-9.335-9.379-9.317-24.544.04-33.901l22.667-22.667c9.373-9.373 24.569-9.373 33.941 0L285.475 239.03c9.373 9.372 9.373 24.568.001 33.941z\"><\/path><\/svg>\t\t\t\t\t\t<\/span>\n\t\t\t\t\t\t\t\t\t\t<span class=\"elementor-icon-list-text\">Documentar os regulamentos da FDA e obter conformidade<\/span>\n\t\t\t\t\t\t\t\t\t<\/li>\n\t\t\t\t\t\t\t\t<li class=\"elementor-icon-list-item\">\n\t\t\t\t\t\t\t\t\t\t\t<span class=\"elementor-icon-list-icon\">\n\t\t\t\t\t\t\t<svg aria-hidden=\"true\" class=\"e-font-icon-svg e-fas-chevron-right\" viewBox=\"0 0 320 512\" xmlns=\"http:\/\/www.w3.org\/2000\/svg\"><path d=\"M285.476 272.971L91.132 467.314c-9.373 9.373-24.569 9.373-33.941 0l-22.667-22.667c-9.357-9.357-9.375-24.522-.04-33.901L188.505 256 34.484 101.255c-9.335-9.379-9.317-24.544.04-33.901l22.667-22.667c9.373-9.373 24.569-9.373 33.941 0L285.475 239.03c9.373 9.372 9.373 24.568.001 33.941z\"><\/path><\/svg>\t\t\t\t\t\t<\/span>\n\t\t\t\t\t\t\t\t\t\t<span class=\"elementor-icon-list-text\">Pr\u00e9-formula\u00e7\u00e3o<\/span>\n\t\t\t\t\t\t\t\t\t<\/li>\n\t\t\t\t\t\t\t\t<li class=\"elementor-icon-list-item\">\n\t\t\t\t\t\t\t\t\t\t\t<span class=\"elementor-icon-list-icon\">\n\t\t\t\t\t\t\t<svg aria-hidden=\"true\" class=\"e-font-icon-svg e-fas-chevron-right\" viewBox=\"0 0 320 512\" xmlns=\"http:\/\/www.w3.org\/2000\/svg\"><path d=\"M285.476 272.971L91.132 467.314c-9.373 9.373-24.569 9.373-33.941 0l-22.667-22.667c-9.357-9.357-9.375-24.522-.04-33.901L188.505 256 34.484 101.255c-9.335-9.379-9.317-24.544.04-33.901l22.667-22.667c9.373-9.373 24.569-9.373 33.941 0L285.475 239.03c9.373 9.372 9.373 24.568.001 33.941z\"><\/path><\/svg>\t\t\t\t\t\t<\/span>\n\t\t\t\t\t\t\t\t\t\t<span class=\"elementor-icon-list-text\">Estudos de estabilidade\/m\u00e9todoestudos<\/span>\n\t\t\t\t\t\t\t\t\t<\/li>\n\t\t\t\t\t\t\t\t<li class=\"elementor-icon-list-item\">\n\t\t\t\t\t\t\t\t\t\t\t<span class=\"elementor-icon-list-icon\">\n\t\t\t\t\t\t\t<svg aria-hidden=\"true\" class=\"e-font-icon-svg e-fas-chevron-right\" viewBox=\"0 0 320 512\" xmlns=\"http:\/\/www.w3.org\/2000\/svg\"><path d=\"M285.476 272.971L91.132 467.314c-9.373 9.373-24.569 9.373-33.941 0l-22.667-22.667c-9.357-9.357-9.375-24.522-.04-33.901L188.505 256 34.484 101.255c-9.335-9.379-9.317-24.544.04-33.901l22.667-22.667c9.373-9.373 24.569-9.373 33.941 0L285.475 239.03c9.373 9.372 9.373 24.568.001 33.941z\"><\/path><\/svg>\t\t\t\t\t\t<\/span>\n\t\t\t\t\t\t\t\t\t\t<span class=\"elementor-icon-list-text\">Material de ensaio cl\u00ednico e pr\u00e9-cl\u00ednico a est\u00e1gio avan\u00e7ado<\/span>\n\t\t\t\t\t\t\t\t\t<\/li>\n\t\t\t\t\t\t\t\t<li class=\"elementor-icon-list-item\">\n\t\t\t\t\t\t\t\t\t\t\t<span class=\"elementor-icon-list-icon\">\n\t\t\t\t\t\t\t<svg aria-hidden=\"true\" class=\"e-font-icon-svg e-fas-chevron-right\" viewBox=\"0 0 320 512\" xmlns=\"http:\/\/www.w3.org\/2000\/svg\"><path d=\"M285.476 272.971L91.132 467.314c-9.373 9.373-24.569 9.373-33.941 0l-22.667-22.667c-9.357-9.357-9.375-24.522-.04-33.901L188.505 256 34.484 101.255c-9.335-9.379-9.317-24.544.04-33.901l22.667-22.667c9.373-9.373 24.569-9.373 33.941 0L285.475 239.03c9.373 9.372 9.373 24.568.001 33.941z\"><\/path><\/svg>\t\t\t\t\t\t<\/span>\n\t\t\t\t\t\t\t\t\t\t<span class=\"elementor-icon-list-text\">Scale-up, lotes de registro<\/span>\n\t\t\t\t\t\t\t\t\t<\/li>\n\t\t\t\t\t\t<\/ul>\n\t\t\t\t\t\t<\/div>\n\t\t\t\t<div class=\"elementor-element elementor-element-b8013f8 elementor-widget elementor-widget-heading\" data-id=\"b8013f8\" data-element_type=\"widget\" data-widget_type=\"heading.default\">\n\t\t\t\t\t<h4 class=\"elementor-heading-title elementor-size-default\">Por que terceirizar a fabrica\u00e7\u00e3o farmac\u00eautica?<\/h4>\t\t\t\t<\/div>\n\t\t\t\t<div class=\"elementor-element elementor-element-2974a72 elementor-widget elementor-widget-html\" data-id=\"2974a72\" data-element_type=\"widget\" data-widget_type=\"html.default\">\n\t\t\t\t\t<p class=\"lead mb-4\">A fabrica\u00e7\u00e3o de produtos farmac\u00eauticos \u00e9 demorada, dif\u00edcil e repleta de regulamenta\u00e7\u00f5es. Faz sentido para uma empresa farmac\u00eautica terceirizar essa produ\u00e7\u00e3o para terceiros, pois isso n\u00e3o apenas reduz os custos internos, mas tamb\u00e9m permite que a empresa se concentre em itens mais importantes. As empresas farmac\u00eauticas que usam uma CMO t\u00eam uma maior capacidade de:<\/p>\n\n\t\t\t\t<\/div>\n\t\t\t\t<div class=\"elementor-element elementor-element-5652ef9 elementor-icon-list--layout-traditional elementor-list-item-link-full_width elementor-widget elementor-widget-icon-list\" data-id=\"5652ef9\" data-element_type=\"widget\" data-widget_type=\"icon-list.default\">\n\t\t\t\t\t\t\t<ul class=\"elementor-icon-list-items\">\n\t\t\t\t\t\t\t<li class=\"elementor-icon-list-item\">\n\t\t\t\t\t\t\t\t\t\t\t<span class=\"elementor-icon-list-icon\">\n\t\t\t\t\t\t\t<svg aria-hidden=\"true\" class=\"e-font-icon-svg e-fas-chevron-right\" viewBox=\"0 0 320 512\" xmlns=\"http:\/\/www.w3.org\/2000\/svg\"><path d=\"M285.476 272.971L91.132 467.314c-9.373 9.373-24.569 9.373-33.941 0l-22.667-22.667c-9.357-9.357-9.375-24.522-.04-33.901L188.505 256 34.484 101.255c-9.335-9.379-9.317-24.544.04-33.901l22.667-22.667c9.373-9.373 24.569-9.373 33.941 0L285.475 239.03c9.373 9.372 9.373 24.568.001 33.941z\"><\/path><\/svg>\t\t\t\t\t\t<\/span>\n\t\t\t\t\t\t\t\t\t\t<span class=\"elementor-icon-list-text\">Acelerar o tempo de lan\u00e7amento no mercado<\/span>\n\t\t\t\t\t\t\t\t\t<\/li>\n\t\t\t\t\t\t\t\t<li class=\"elementor-icon-list-item\">\n\t\t\t\t\t\t\t\t\t\t\t<span class=\"elementor-icon-list-icon\">\n\t\t\t\t\t\t\t<svg aria-hidden=\"true\" class=\"e-font-icon-svg e-fas-chevron-right\" viewBox=\"0 0 320 512\" xmlns=\"http:\/\/www.w3.org\/2000\/svg\"><path d=\"M285.476 272.971L91.132 467.314c-9.373 9.373-24.569 9.373-33.941 0l-22.667-22.667c-9.357-9.357-9.375-24.522-.04-33.901L188.505 256 34.484 101.255c-9.335-9.379-9.317-24.544.04-33.901l22.667-22.667c9.373-9.373 24.569-9.373 33.941 0L285.475 239.03c9.373 9.372 9.373 24.568.001 33.941z\"><\/path><\/svg>\t\t\t\t\t\t<\/span>\n\t\t\t\t\t\t\t\t\t\t<span class=\"elementor-icon-list-text\">Melhorar a descoberta e o marketing de medicamentos<\/span>\n\t\t\t\t\t\t\t\t\t<\/li>\n\t\t\t\t\t\t\t\t<li class=\"elementor-icon-list-item\">\n\t\t\t\t\t\t\t\t\t\t\t<span class=\"elementor-icon-list-icon\">\n\t\t\t\t\t\t\t<svg aria-hidden=\"true\" class=\"e-font-icon-svg e-fas-chevron-right\" viewBox=\"0 0 320 512\" xmlns=\"http:\/\/www.w3.org\/2000\/svg\"><path d=\"M285.476 272.971L91.132 467.314c-9.373 9.373-24.569 9.373-33.941 0l-22.667-22.667c-9.357-9.357-9.375-24.522-.04-33.901L188.505 256 34.484 101.255c-9.335-9.379-9.317-24.544.04-33.901l22.667-22.667c9.373-9.373 24.569-9.373 33.941 0L285.475 239.03c9.373 9.372 9.373 24.568.001 33.941z\"><\/path><\/svg>\t\t\t\t\t\t<\/span>\n\t\t\t\t\t\t\t\t\t\t<span class=\"elementor-icon-list-text\">Reduza os custos de m\u00e3o de obra e treinamento<\/span>\n\t\t\t\t\t\t\t\t\t<\/li>\n\t\t\t\t\t\t\t\t<li class=\"elementor-icon-list-item\">\n\t\t\t\t\t\t\t\t\t\t\t<span class=\"elementor-icon-list-icon\">\n\t\t\t\t\t\t\t<svg aria-hidden=\"true\" class=\"e-font-icon-svg e-fas-chevron-right\" viewBox=\"0 0 320 512\" xmlns=\"http:\/\/www.w3.org\/2000\/svg\"><path d=\"M285.476 272.971L91.132 467.314c-9.373 9.373-24.569 9.373-33.941 0l-22.667-22.667c-9.357-9.357-9.375-24.522-.04-33.901L188.505 256 34.484 101.255c-9.335-9.379-9.317-24.544.04-33.901l22.667-22.667c9.373-9.373 24.569-9.373 33.941 0L285.475 239.03c9.373 9.372 9.373 24.568.001 33.941z\"><\/path><\/svg>\t\t\t\t\t\t<\/span>\n\t\t\t\t\t\t\t\t\t\t<span class=\"elementor-icon-list-text\">Acompanhe as tend\u00eancias de crescimento<\/span>\n\t\t\t\t\t\t\t\t\t<\/li>\n\t\t\t\t\t\t\t\t<li class=\"elementor-icon-list-item\">\n\t\t\t\t\t\t\t\t\t\t\t<span class=\"elementor-icon-list-icon\">\n\t\t\t\t\t\t\t<svg aria-hidden=\"true\" class=\"e-font-icon-svg e-fas-chevron-right\" viewBox=\"0 0 320 512\" xmlns=\"http:\/\/www.w3.org\/2000\/svg\"><path d=\"M285.476 272.971L91.132 467.314c-9.373 9.373-24.569 9.373-33.941 0l-22.667-22.667c-9.357-9.357-9.375-24.522-.04-33.901L188.505 256 34.484 101.255c-9.335-9.379-9.317-24.544.04-33.901l22.667-22.667c9.373-9.373 24.569-9.373 33.941 0L285.475 239.03c9.373 9.372 9.373 24.568.001 33.941z\"><\/path><\/svg>\t\t\t\t\t\t<\/span>\n\t\t\t\t\t\t\t\t\t\t<span class=\"elementor-icon-list-text\">Limitar o risco financeiro em caso de falha do produto em est\u00e1gio avan\u00e7ado<\/span>\n\t\t\t\t\t\t\t\t\t<\/li>\n\t\t\t\t\t\t<\/ul>\n\t\t\t\t\t\t<\/div>\n\t\t\t\t\t<\/div>\r\n\t\t\t\t<\/div>\r\n\t\t\t\t\t<\/div>\r\n\t\t\t\t<\/section>\r\n\t\t\t\t<\/div>\n\t\t","protected":false},"excerpt":{"rendered":"<p>P\u00e1gina oficial &gt; A fabrica\u00e7\u00e3o por contrato farmac\u00eautico \u00e9 uma especialidade dentro do termo mais geral da fabrica\u00e7\u00e3o por contrato e \u00e9 o processo pelo qual as empresas farmac\u00eauticas terceirizam as necessidades de fabrica\u00e7\u00e3o deles por contrato para empresas equipadas. Essas organiza\u00e7\u00f5es de fabrica\u00e7\u00e3o por contrato (CMOs) gastam o seu tempo desenvolvendo, formulando e testando [&hellip;]<\/p>\n","protected":false},"author":2,"featured_media":0,"parent":0,"menu_order":0,"comment_status":"closed","ping_status":"closed","template":"elementor_theme","meta":{"content-type":"","footnotes":""},"class_list":["post-11472","page","type-page","status-publish","hentry"],"acf":[],"yoast_head":"<!-- This site is optimized with the Yoast SEO plugin v25.6 - https:\/\/yoast.com\/wordpress\/plugins\/seo\/ -->\n<title>Fabrica\u00e7\u00e3o de ped\u00e1gio - Zeta Pharma<\/title>\n<meta name=\"robots\" content=\"index, follow, max-snippet:-1, max-image-preview:large, max-video-preview:-1\" \/>\n<link rel=\"canonical\" href=\"https:\/\/zetapharma.net\/pt-pt\/fabricacao-de-pedagio\/\" \/>\n<meta property=\"og:locale\" content=\"pt_PT\" \/>\n<meta property=\"og:type\" content=\"article\" \/>\n<meta property=\"og:title\" content=\"Fabrica\u00e7\u00e3o de ped\u00e1gio - Zeta Pharma\" \/>\n<meta property=\"og:description\" content=\"P\u00e1gina oficial &gt; A fabrica\u00e7\u00e3o por contrato farmac\u00eautico \u00e9 uma especialidade dentro do termo mais geral da fabrica\u00e7\u00e3o por contrato e \u00e9 o processo pelo qual as empresas farmac\u00eauticas terceirizam as necessidades de fabrica\u00e7\u00e3o deles por contrato para empresas equipadas. Essas organiza\u00e7\u00f5es de fabrica\u00e7\u00e3o por contrato (CMOs) gastam o seu tempo desenvolvendo, formulando e testando [&hellip;]\" \/>\n<meta property=\"og:url\" content=\"https:\/\/zetapharma.net\/pt-pt\/fabricacao-de-pedagio\/\" \/>\n<meta property=\"og:site_name\" content=\"Zeta Pharma\" \/>\n<meta property=\"article:publisher\" content=\"https:\/\/www.facebook.com\/Zetapharma2010\/\" \/>\n<meta property=\"article:modified_time\" content=\"2022-10-30T23:39:32+00:00\" \/>\n<meta name=\"twitter:card\" content=\"summary_large_image\" \/>\n<meta name=\"twitter:label1\" content=\"Tempo estimado de leitura\" \/>\n\t<meta name=\"twitter:data1\" content=\"2 minutos\" \/>\n<script type=\"application\/ld+json\" class=\"yoast-schema-graph\">{\"@context\":\"https:\/\/schema.org\",\"@graph\":[{\"@type\":\"WebPage\",\"@id\":\"https:\/\/zetapharma.net\/pt-pt\/fabricacao-de-pedagio\/\",\"url\":\"https:\/\/zetapharma.net\/pt-pt\/fabricacao-de-pedagio\/\",\"name\":\"Fabrica\u00e7\u00e3o de ped\u00e1gio - Zeta Pharma\",\"isPartOf\":{\"@id\":\"https:\/\/zetapharma.net\/ar\/#website\"},\"datePublished\":\"2022-07-18T13:31:20+00:00\",\"dateModified\":\"2022-10-30T23:39:32+00:00\",\"breadcrumb\":{\"@id\":\"https:\/\/zetapharma.net\/pt-pt\/fabricacao-de-pedagio\/#breadcrumb\"},\"inLanguage\":\"pt-PT\",\"potentialAction\":[{\"@type\":\"ReadAction\",\"target\":[\"https:\/\/zetapharma.net\/pt-pt\/fabricacao-de-pedagio\/\"]}]},{\"@type\":\"BreadcrumbList\",\"@id\":\"https:\/\/zetapharma.net\/pt-pt\/fabricacao-de-pedagio\/#breadcrumb\",\"itemListElement\":[{\"@type\":\"ListItem\",\"position\":1,\"name\":\"Home\",\"item\":\"https:\/\/zetapharma.net\/pt-pt\/\"},{\"@type\":\"ListItem\",\"position\":2,\"name\":\"Fabrica\u00e7\u00e3o de ped\u00e1gio\"}]},{\"@type\":\"WebSite\",\"@id\":\"https:\/\/zetapharma.net\/ar\/#website\",\"url\":\"https:\/\/zetapharma.net\/ar\/\",\"name\":\"Zeta Pharma\",\"description\":\"Zeta Pharma\",\"publisher\":{\"@id\":\"https:\/\/zetapharma.net\/ar\/#organization\"},\"potentialAction\":[{\"@type\":\"SearchAction\",\"target\":{\"@type\":\"EntryPoint\",\"urlTemplate\":\"https:\/\/zetapharma.net\/ar\/?s={search_term_string}\"},\"query-input\":{\"@type\":\"PropertyValueSpecification\",\"valueRequired\":true,\"valueName\":\"search_term_string\"}}],\"inLanguage\":\"pt-PT\"},{\"@type\":\"Organization\",\"@id\":\"https:\/\/zetapharma.net\/ar\/#organization\",\"name\":\"Zeta Pharma\",\"url\":\"https:\/\/zetapharma.net\/ar\/\",\"logo\":{\"@type\":\"ImageObject\",\"inLanguage\":\"pt-PT\",\"@id\":\"https:\/\/zetapharma.net\/ar\/#\/schema\/logo\/image\/\",\"url\":\"https:\/\/zetapharma.net\/wp-content\/uploads\/2022\/07\/zeta-logo.png\",\"contentUrl\":\"https:\/\/zetapharma.net\/wp-content\/uploads\/2022\/07\/zeta-logo.png\",\"width\":274,\"height\":127,\"caption\":\"Zeta Pharma\"},\"image\":{\"@id\":\"https:\/\/zetapharma.net\/ar\/#\/schema\/logo\/image\/\"},\"sameAs\":[\"https:\/\/www.facebook.com\/Zetapharma2010\/\",\"https:\/\/www.youtube.com\/channel\/UCVfxGFbd3PIIMHroJ6NSWjw\/videos\",\"https:\/\/www.linkedin.com\/company\/10077588\",\"https:\/\/www.cphi-online.com\/zeta-pharma-comp282422.html\"]}]}<\/script>\n<!-- \/ Yoast SEO plugin. -->","yoast_head_json":{"title":"Fabrica\u00e7\u00e3o de ped\u00e1gio - Zeta Pharma","robots":{"index":"index","follow":"follow","max-snippet":"max-snippet:-1","max-image-preview":"max-image-preview:large","max-video-preview":"max-video-preview:-1"},"canonical":"https:\/\/zetapharma.net\/pt-pt\/fabricacao-de-pedagio\/","og_locale":"pt_PT","og_type":"article","og_title":"Fabrica\u00e7\u00e3o de ped\u00e1gio - Zeta Pharma","og_description":"P\u00e1gina oficial &gt; A fabrica\u00e7\u00e3o por contrato farmac\u00eautico \u00e9 uma especialidade dentro do termo mais geral da fabrica\u00e7\u00e3o por contrato e \u00e9 o processo pelo qual as empresas farmac\u00eauticas terceirizam as necessidades de fabrica\u00e7\u00e3o deles por contrato para empresas equipadas. Essas organiza\u00e7\u00f5es de fabrica\u00e7\u00e3o por contrato (CMOs) gastam o seu tempo desenvolvendo, formulando e testando [&hellip;]","og_url":"https:\/\/zetapharma.net\/pt-pt\/fabricacao-de-pedagio\/","og_site_name":"Zeta Pharma","article_publisher":"https:\/\/www.facebook.com\/Zetapharma2010\/","article_modified_time":"2022-10-30T23:39:32+00:00","twitter_card":"summary_large_image","twitter_misc":{"Tempo estimado de leitura":"2 minutos"},"schema":{"@context":"https:\/\/schema.org","@graph":[{"@type":"WebPage","@id":"https:\/\/zetapharma.net\/pt-pt\/fabricacao-de-pedagio\/","url":"https:\/\/zetapharma.net\/pt-pt\/fabricacao-de-pedagio\/","name":"Fabrica\u00e7\u00e3o de ped\u00e1gio - Zeta Pharma","isPartOf":{"@id":"https:\/\/zetapharma.net\/ar\/#website"},"datePublished":"2022-07-18T13:31:20+00:00","dateModified":"2022-10-30T23:39:32+00:00","breadcrumb":{"@id":"https:\/\/zetapharma.net\/pt-pt\/fabricacao-de-pedagio\/#breadcrumb"},"inLanguage":"pt-PT","potentialAction":[{"@type":"ReadAction","target":["https:\/\/zetapharma.net\/pt-pt\/fabricacao-de-pedagio\/"]}]},{"@type":"BreadcrumbList","@id":"https:\/\/zetapharma.net\/pt-pt\/fabricacao-de-pedagio\/#breadcrumb","itemListElement":[{"@type":"ListItem","position":1,"name":"Home","item":"https:\/\/zetapharma.net\/pt-pt\/"},{"@type":"ListItem","position":2,"name":"Fabrica\u00e7\u00e3o de ped\u00e1gio"}]},{"@type":"WebSite","@id":"https:\/\/zetapharma.net\/ar\/#website","url":"https:\/\/zetapharma.net\/ar\/","name":"Zeta Pharma","description":"Zeta Pharma","publisher":{"@id":"https:\/\/zetapharma.net\/ar\/#organization"},"potentialAction":[{"@type":"SearchAction","target":{"@type":"EntryPoint","urlTemplate":"https:\/\/zetapharma.net\/ar\/?s={search_term_string}"},"query-input":{"@type":"PropertyValueSpecification","valueRequired":true,"valueName":"search_term_string"}}],"inLanguage":"pt-PT"},{"@type":"Organization","@id":"https:\/\/zetapharma.net\/ar\/#organization","name":"Zeta Pharma","url":"https:\/\/zetapharma.net\/ar\/","logo":{"@type":"ImageObject","inLanguage":"pt-PT","@id":"https:\/\/zetapharma.net\/ar\/#\/schema\/logo\/image\/","url":"https:\/\/zetapharma.net\/wp-content\/uploads\/2022\/07\/zeta-logo.png","contentUrl":"https:\/\/zetapharma.net\/wp-content\/uploads\/2022\/07\/zeta-logo.png","width":274,"height":127,"caption":"Zeta Pharma"},"image":{"@id":"https:\/\/zetapharma.net\/ar\/#\/schema\/logo\/image\/"},"sameAs":["https:\/\/www.facebook.com\/Zetapharma2010\/","https:\/\/www.youtube.com\/channel\/UCVfxGFbd3PIIMHroJ6NSWjw\/videos","https:\/\/www.linkedin.com\/company\/10077588","https:\/\/www.cphi-online.com\/zeta-pharma-comp282422.html"]}]}},"_links":{"self":[{"href":"https:\/\/zetapharma.net\/pt-pt\/wp-json\/wp\/v2\/pages\/11472","targetHints":{"allow":["GET"]}}],"collection":[{"href":"https:\/\/zetapharma.net\/pt-pt\/wp-json\/wp\/v2\/pages"}],"about":[{"href":"https:\/\/zetapharma.net\/pt-pt\/wp-json\/wp\/v2\/types\/page"}],"author":[{"embeddable":true,"href":"https:\/\/zetapharma.net\/pt-pt\/wp-json\/wp\/v2\/users\/2"}],"replies":[{"embeddable":true,"href":"https:\/\/zetapharma.net\/pt-pt\/wp-json\/wp\/v2\/comments?post=11472"}],"version-history":[{"count":2,"href":"https:\/\/zetapharma.net\/pt-pt\/wp-json\/wp\/v2\/pages\/11472\/revisions"}],"predecessor-version":[{"id":11474,"href":"https:\/\/zetapharma.net\/pt-pt\/wp-json\/wp\/v2\/pages\/11472\/revisions\/11474"}],"wp:attachment":[{"href":"https:\/\/zetapharma.net\/pt-pt\/wp-json\/wp\/v2\/media?parent=11472"}],"curies":[{"name":"wp","href":"https:\/\/api.w.org\/{rel}","templated":true}]}}