{"id":11475,"date":"2022-07-17T09:28:24","date_gmt":"2022-07-17T09:28:24","guid":{"rendered":"https:\/\/zetapharma.net\/marca-propria\/"},"modified":"2022-10-30T23:42:35","modified_gmt":"2022-10-30T23:42:35","slug":"marca-propria","status":"publish","type":"page","link":"https:\/\/zetapharma.net\/pt-pt\/marca-propria\/","title":{"rendered":"Marca pr\u00f3pria"},"content":{"rendered":"\t\t<div data-elementor-type=\"wp-page\" data-elementor-id=\"11475\" class=\"elementor elementor-11475\" data-elementor-post-type=\"page\">\n\t\t\t\t\t\t<section class=\"elementor-section elementor-top-section elementor-element elementor-element-6bbdb646 elementor-section-stretched elementor-section-boxed elementor-section-height-default elementor-section-height-default\" data-id=\"6bbdb646\" data-element_type=\"section\" data-settings=\"{&quot;background_background&quot;:&quot;classic&quot;,&quot;stretch_section&quot;:&quot;section-stretched&quot;,&quot;jet_parallax_layout_list&quot;:[]}\">\r\n\t\t\t\t\t\t<div class=\"elementor-background-overlay\"><\/div>\r\n\t\t\t\r\n\t\t\t\t\t\t\t<div class=\"elementor-container elementor-column-gap-default\">\r\n\t\t\t\t\t\t\t\t\t\t\t<div class=\"elementor-column elementor-col-100 elementor-top-column elementor-element elementor-element-6111819c\" data-id=\"6111819c\" data-element_type=\"column\">\r\n\t\t\t\t\t<div class=\"elementor-widget-wrap elementor-element-populated\">\r\n\t\t\t\t\t\t\t\t<div class=\"elementor-element elementor-element-466eb871 animated-fast elementor-invisible elementor-widget elementor-widget-heading\" data-id=\"466eb871\" data-element_type=\"widget\" data-settings=\"{&quot;_animation_delay&quot;:&quot;200&quot;,&quot;_animation&quot;:&quot;fadeInDown&quot;}\" data-widget_type=\"heading.default\">\n\t\t\t\t\t<h1 class=\"elementor-heading-title elementor-size-default\">Marca pr\u00f3pria<\/h1>\t\t\t\t<\/div>\n\t\t\t\t<section class=\"elementor-section elementor-inner-section elementor-element elementor-element-6db792d elementor-section-boxed elementor-section-height-default elementor-section-height-default\" data-id=\"6db792d\" data-element_type=\"section\" data-settings=\"{&quot;jet_parallax_layout_list&quot;:[]}\">\r\n\t\t\r\n\t\t\t\t\t\t\t<div class=\"elementor-container elementor-column-gap-default\">\r\n\t\t\t\t\t\t\t\t\t\t\t<div class=\"elementor-column elementor-col-33 elementor-inner-column elementor-element elementor-element-f7c118f\" data-id=\"f7c118f\" data-element_type=\"column\">\r\n\t\t\t\t\t<div class=\"elementor-widget-wrap elementor-element-populated\">\r\n\t\t\t\t\t\t\t\t<div class=\"elementor-element elementor-element-80f9663 elementor-widget elementor-widget-heading\" data-id=\"80f9663\" data-element_type=\"widget\" data-widget_type=\"heading.default\">\n\t\t\t\t\t<h6 class=\"elementor-heading-title elementor-size-default\"><a href=\"https:\/\/zetapharma.net\/pt-pt\/\">P\u00e1gina oficial<\/a><\/h6>\t\t\t\t<\/div>\n\t\t\t\t\t<\/div>\r\n\t\t\t\t<\/div>\r\n\t\t\t\t<div class=\"elementor-column elementor-col-33 elementor-inner-column elementor-element elementor-element-cecbb77\" data-id=\"cecbb77\" data-element_type=\"column\">\r\n\t\t\t\t\t<div class=\"elementor-widget-wrap elementor-element-populated\">\r\n\t\t\t\t\t\t\t\t<div class=\"elementor-element elementor-element-0665c89 elementor-widget elementor-widget-heading\" data-id=\"0665c89\" data-element_type=\"widget\" data-widget_type=\"heading.default\">\n\t\t\t\t\t<h6 class=\"elementor-heading-title elementor-size-default\"><a href=\"#\">&gt;<\/a><\/h6>\t\t\t\t<\/div>\n\t\t\t\t\t<\/div>\r\n\t\t\t\t<\/div>\r\n\t\t\t\t<div class=\"elementor-column elementor-col-33 elementor-inner-column elementor-element elementor-element-5f99432\" data-id=\"5f99432\" data-element_type=\"column\">\r\n\t\t\t\t\t<div class=\"elementor-widget-wrap elementor-element-populated\">\r\n\t\t\t\t\t\t\t\t<div class=\"elementor-element elementor-element-1d907c8 elementor-widget elementor-widget-heading\" data-id=\"1d907c8\" data-element_type=\"widget\" data-widget_type=\"heading.default\">\n\t\t\t\t\t<h6 class=\"elementor-heading-title elementor-size-default\"><a href=\"https:\/\/zetapharma.net\/pt-pt\/marca-propria\/\">Marca pr\u00f3pria<\/a><\/h6>\t\t\t\t<\/div>\n\t\t\t\t\t<\/div>\r\n\t\t\t\t<\/div>\r\n\t\t\t\t\t<\/div>\r\n\t\t\t\t<\/section>\r\n\t\t\t\t\t<\/div>\r\n\t\t\t\t<\/div>\r\n\t\t\t\t\t<\/div>\r\n\t\t\t\t<\/section>\r\n\t\t\t\t<section class=\"elementor-section elementor-top-section elementor-element elementor-element-ad4e65a elementor-section-boxed elementor-section-height-default elementor-section-height-default\" data-id=\"ad4e65a\" data-element_type=\"section\" data-settings=\"{&quot;jet_parallax_layout_list&quot;:[]}\">\r\n\t\t\r\n\t\t\t\t\t\t\t<div class=\"elementor-container elementor-column-gap-default\">\r\n\t\t\t\t\t\t\t\t\t\t\t<div class=\"elementor-column elementor-col-100 elementor-top-column elementor-element elementor-element-38eaa433\" data-id=\"38eaa433\" data-element_type=\"column\">\r\n\t\t\t\t\t<div class=\"elementor-widget-wrap elementor-element-populated\">\r\n\t\t\t\t\t\t\t\t<div class=\"elementor-element elementor-element-7ab14b54 elementor-widget elementor-widget-heading\" data-id=\"7ab14b54\" data-element_type=\"widget\" data-widget_type=\"heading.default\">\n\t\t\t\t\t<h3 class=\"elementor-heading-title elementor-size-default\">Marca pr\u00f3pria<\/h3>\t\t\t\t<\/div>\n\t\t\t\t<section class=\"elementor-section elementor-inner-section elementor-element elementor-element-8b84381 elementor-section-boxed elementor-section-height-default elementor-section-height-default\" data-id=\"8b84381\" data-element_type=\"section\" data-settings=\"{&quot;jet_parallax_layout_list&quot;:[]}\">\r\n\t\t\r\n\t\t\t\t\t\t\t<div class=\"elementor-container elementor-column-gap-default\">\r\n\t\t\t\t\t\t\t\t\t\t\t<div class=\"elementor-column elementor-col-50 elementor-inner-column elementor-element elementor-element-2ac994a\" data-id=\"2ac994a\" data-element_type=\"column\">\r\n\t\t\t\t\t<div class=\"elementor-widget-wrap elementor-element-populated\">\r\n\t\t\t\t\t\t\t\t<div class=\"elementor-element elementor-element-4b435bde elementor-widget elementor-widget-heading\" data-id=\"4b435bde\" data-element_type=\"widget\" data-widget_type=\"heading.default\">\n\t\t\t\t\t<p class=\"elementor-heading-title elementor-size-default\">A rotulagem privada \u00e9 uma das maneiras mais f\u00e1ceis de construir sua marca. Se voc\u00ea j\u00e1 \u00e9 uma empresa farmac\u00eautica respeit\u00e1vel de suplementos alimentares que busca expandir sua linha de produtos atual ou \u00e9 uma empresa nova que ingressa nas ind\u00fastrias de suplementos farmac\u00eauticos e nutricionais, recomendamos dar uma olhada nos benef\u00edcios da marca privada.<\/p>\t\t\t\t<\/div>\n\t\t\t\t\t<\/div>\r\n\t\t\t\t<\/div>\r\n\t\t\t\t<div class=\"elementor-column elementor-col-50 elementor-inner-column elementor-element elementor-element-e9ab627\" data-id=\"e9ab627\" data-element_type=\"column\">\r\n\t\t\t\t\t<div class=\"elementor-widget-wrap elementor-element-populated\">\r\n\t\t\t\t\t\t\t\t<div class=\"elementor-element elementor-element-240c67de elementor-widget elementor-widget-heading\" data-id=\"240c67de\" data-element_type=\"widget\" data-widget_type=\"heading.default\">\n\t\t\t\t\t<p class=\"elementor-heading-title elementor-size-default\">A Zeta Pharma oferece muitos medicamentos de marca pr\u00f3pria prontos para uso, vitaminas e f\u00f3rmulas de suplementos em v\u00e1rias dosagens e formas de entrega para atender \u00e0s suas necessidades.\nSelecione qualquer um de nossos produtos ou f\u00f3rmulas de marca pr\u00f3pria pr\u00e9-existentes e d\u00ea a eles seu toque pessoal adicionando seu nome, criando seu design e escolhendo sua embalagem.<\/p>\t\t\t\t<\/div>\n\t\t\t\t\t<\/div>\r\n\t\t\t\t<\/div>\r\n\t\t\t\t\t<\/div>\r\n\t\t\t\t<\/section>\r\n\t\t\t\t<div class=\"elementor-element elementor-element-37e3de7 elementor-blockquote--skin-border elementor-blockquote--button-color-official elementor-widget elementor-widget-blockquote\" data-id=\"37e3de7\" data-element_type=\"widget\" data-widget_type=\"blockquote.default\">\n\t\t\t\t\t\t\t<blockquote class=\"elementor-blockquote\">\n\t\t\t<p class=\"elementor-blockquote__content\">\n\t\t\t\tA Zeta Pharma oferece muitos medicamentos de marca pr\u00f3pria prontos para uso, vitaminas e f\u00f3rmulas de suplementos em v\u00e1rias dosagens e formas de entrega para atender \u00e0s suas necessidades.\nSelecione qualquer um de nossos produtos ou f\u00f3rmulas de marca pr\u00f3pria pr\u00e9-existentes e d\u00ea a eles seu toque pessoal adicionando seu nome, criando seu design e escolhendo sua embalagem.\nComo um servi\u00e7o de marca pr\u00f3pria, a Zeta Pharma fabricar\u00e1 seus medicamentos e complement\u00e1-los e embal\u00e1-los para voc\u00ea para que estejam prontos para serem enviados. Acreditamos que sua experi\u00eancia em marca pr\u00f3pria deve ser confi\u00e1vel e eficiente. Quando voc\u00ea usa nossos servi\u00e7os de marca pr\u00f3pria, voc\u00ea obt\u00e9m os dois.\nQuando voc\u00ea est\u00e1 no ramo de branding e marketing de seus produtos, n\u00e3o precisa se preocupar com os aspectos regulat\u00f3rios e de fabrica\u00e7\u00e3o do setor. Nossos medicamentos e suplementos de marca pr\u00f3pria j\u00e1 foram formulados, testados e certificados para seguran\u00e7a e condi\u00e7\u00f5es regulat\u00f3rias. Basta adicionar seu toque pessoal e seu novo produto est\u00e1 pronto para ser usado.\t\t\t<\/p>\n\t\t\t\t\t<\/blockquote>\n\t\t\t\t\t\t<\/div>\n\t\t\t\t\t<\/div>\r\n\t\t\t\t<\/div>\r\n\t\t\t\t\t<\/div>\r\n\t\t\t\t<\/section>\r\n\t\t\t\t<section class=\"elementor-section elementor-top-section elementor-element elementor-element-43290c5 elementor-section-content-middle elementor-section-stretched elementor-hidden-desktop elementor-hidden-tablet elementor-hidden-mobile elementor-section-boxed elementor-section-height-default elementor-section-height-default\" data-id=\"43290c5\" data-element_type=\"section\" data-settings=\"{&quot;stretch_section&quot;:&quot;section-stretched&quot;,&quot;jet_parallax_layout_list&quot;:[],&quot;background_background&quot;:&quot;classic&quot;}\">\r\n\t\t\r\n\t\t\t\t\t\t\t<div class=\"elementor-container elementor-column-gap-default\">\r\n\t\t\t\t\t\t\t\t\t\t\t<div class=\"elementor-column elementor-col-50 elementor-top-column elementor-element elementor-element-04c840a\" data-id=\"04c840a\" data-element_type=\"column\">\r\n\t\t\t\t\t<div class=\"elementor-widget-wrap elementor-element-populated\">\r\n\t\t\t\t\t\t\t\t<div class=\"elementor-element elementor-element-6a4e1bf elementor-widget elementor-widget-heading\" data-id=\"6a4e1bf\" data-element_type=\"widget\" data-widget_type=\"heading.default\">\n\t\t\t\t\t<h3 class=\"elementor-heading-title elementor-size-default\">Por que fazer parceria com a Zeta Pharma<\/h3>\t\t\t\t<\/div>\n\t\t\t\t<div class=\"elementor-element elementor-element-9d27eee elementor-widget elementor-widget-heading\" data-id=\"9d27eee\" data-element_type=\"widget\" data-widget_type=\"heading.default\">\n\t\t\t\t\t<p class=\"elementor-heading-title elementor-size-default\">Voc\u00ea faz parceria com a Zeta como uma das empresas farmac\u00eauticas de mais r\u00e1pido crescimento nos mercados eg\u00edpcios e tem posi\u00e7\u00f5es de l\u00edder de mercado em GIT, CVS e Diabetes por meio de seus produtos diferenciados nesses tr\u00eas mercados.\nCom o objetivo de obter GMP europeu atrav\u00e9s de projeto com o banco europeu.<\/p>\t\t\t\t<\/div>\n\t\t\t\t\t<\/div>\r\n\t\t\t\t<\/div>\r\n\t\t\t\t<div class=\"elementor-column elementor-col-50 elementor-top-column elementor-element elementor-element-b586440\" data-id=\"b586440\" data-element_type=\"column\">\r\n\t\t\t\t\t<div class=\"elementor-widget-wrap\">\r\n\t\t\t\t\t\t\t\t\t<\/div>\r\n\t\t\t\t<\/div>\r\n\t\t\t\t\t<\/div>\r\n\t\t\t\t<\/section>\r\n\t\t\t\t<\/div>\n\t\t","protected":false},"excerpt":{"rendered":"<p>P\u00e1gina oficial &gt; Marca pr\u00f3pria A rotulagem privada \u00e9 uma das maneiras mais f\u00e1ceis de construir sua marca. Se voc\u00ea j\u00e1 \u00e9 uma empresa farmac\u00eautica respeit\u00e1vel de suplementos alimentares que busca expandir sua linha de produtos atual ou \u00e9 uma empresa nova que ingressa nas ind\u00fastrias de suplementos farmac\u00eauticos e nutricionais, recomendamos dar uma olhada [&hellip;]<\/p>\n","protected":false},"author":2,"featured_media":0,"parent":0,"menu_order":0,"comment_status":"closed","ping_status":"closed","template":"elementor_theme","meta":{"content-type":"","footnotes":""},"class_list":["post-11475","page","type-page","status-publish","hentry"],"acf":[],"yoast_head":"<!-- This site is optimized with the Yoast SEO plugin v25.6 - https:\/\/yoast.com\/wordpress\/plugins\/seo\/ -->\n<title>Marca pr\u00f3pria - Zeta Pharma<\/title>\n<meta name=\"robots\" content=\"index, follow, max-snippet:-1, max-image-preview:large, max-video-preview:-1\" \/>\n<link rel=\"canonical\" href=\"https:\/\/zetapharma.net\/pt-pt\/marca-propria\/\" \/>\n<meta property=\"og:locale\" content=\"pt_PT\" \/>\n<meta property=\"og:type\" content=\"article\" \/>\n<meta property=\"og:title\" content=\"Marca pr\u00f3pria - Zeta Pharma\" \/>\n<meta property=\"og:description\" content=\"P\u00e1gina oficial &gt; Marca pr\u00f3pria A rotulagem privada \u00e9 uma das maneiras mais f\u00e1ceis de construir sua marca. Se voc\u00ea j\u00e1 \u00e9 uma empresa farmac\u00eautica respeit\u00e1vel de suplementos alimentares que busca expandir sua linha de produtos atual ou \u00e9 uma empresa nova que ingressa nas ind\u00fastrias de suplementos farmac\u00eauticos e nutricionais, recomendamos dar uma olhada [&hellip;]\" \/>\n<meta property=\"og:url\" content=\"https:\/\/zetapharma.net\/pt-pt\/marca-propria\/\" \/>\n<meta property=\"og:site_name\" content=\"Zeta Pharma\" \/>\n<meta property=\"article:publisher\" content=\"https:\/\/www.facebook.com\/Zetapharma2010\/\" \/>\n<meta property=\"article:modified_time\" content=\"2022-10-30T23:42:35+00:00\" \/>\n<meta name=\"twitter:card\" content=\"summary_large_image\" \/>\n<meta name=\"twitter:label1\" content=\"Tempo estimado de leitura\" \/>\n\t<meta name=\"twitter:data1\" content=\"2 minutos\" \/>\n<script type=\"application\/ld+json\" class=\"yoast-schema-graph\">{\"@context\":\"https:\/\/schema.org\",\"@graph\":[{\"@type\":\"WebPage\",\"@id\":\"https:\/\/zetapharma.net\/pt-pt\/marca-propria\/\",\"url\":\"https:\/\/zetapharma.net\/pt-pt\/marca-propria\/\",\"name\":\"Marca pr\u00f3pria - Zeta Pharma\",\"isPartOf\":{\"@id\":\"https:\/\/zetapharma.net\/ar\/#website\"},\"datePublished\":\"2022-07-17T09:28:24+00:00\",\"dateModified\":\"2022-10-30T23:42:35+00:00\",\"breadcrumb\":{\"@id\":\"https:\/\/zetapharma.net\/pt-pt\/marca-propria\/#breadcrumb\"},\"inLanguage\":\"pt-PT\",\"potentialAction\":[{\"@type\":\"ReadAction\",\"target\":[\"https:\/\/zetapharma.net\/pt-pt\/marca-propria\/\"]}]},{\"@type\":\"BreadcrumbList\",\"@id\":\"https:\/\/zetapharma.net\/pt-pt\/marca-propria\/#breadcrumb\",\"itemListElement\":[{\"@type\":\"ListItem\",\"position\":1,\"name\":\"Home\",\"item\":\"https:\/\/zetapharma.net\/pt-pt\/\"},{\"@type\":\"ListItem\",\"position\":2,\"name\":\"Marca pr\u00f3pria\"}]},{\"@type\":\"WebSite\",\"@id\":\"https:\/\/zetapharma.net\/ar\/#website\",\"url\":\"https:\/\/zetapharma.net\/ar\/\",\"name\":\"Zeta Pharma\",\"description\":\"Zeta Pharma\",\"publisher\":{\"@id\":\"https:\/\/zetapharma.net\/ar\/#organization\"},\"potentialAction\":[{\"@type\":\"SearchAction\",\"target\":{\"@type\":\"EntryPoint\",\"urlTemplate\":\"https:\/\/zetapharma.net\/ar\/?s={search_term_string}\"},\"query-input\":{\"@type\":\"PropertyValueSpecification\",\"valueRequired\":true,\"valueName\":\"search_term_string\"}}],\"inLanguage\":\"pt-PT\"},{\"@type\":\"Organization\",\"@id\":\"https:\/\/zetapharma.net\/ar\/#organization\",\"name\":\"Zeta Pharma\",\"url\":\"https:\/\/zetapharma.net\/ar\/\",\"logo\":{\"@type\":\"ImageObject\",\"inLanguage\":\"pt-PT\",\"@id\":\"https:\/\/zetapharma.net\/ar\/#\/schema\/logo\/image\/\",\"url\":\"https:\/\/zetapharma.net\/wp-content\/uploads\/2022\/07\/zeta-logo.png\",\"contentUrl\":\"https:\/\/zetapharma.net\/wp-content\/uploads\/2022\/07\/zeta-logo.png\",\"width\":274,\"height\":127,\"caption\":\"Zeta Pharma\"},\"image\":{\"@id\":\"https:\/\/zetapharma.net\/ar\/#\/schema\/logo\/image\/\"},\"sameAs\":[\"https:\/\/www.facebook.com\/Zetapharma2010\/\",\"https:\/\/www.youtube.com\/channel\/UCVfxGFbd3PIIMHroJ6NSWjw\/videos\",\"https:\/\/www.linkedin.com\/company\/10077588\",\"https:\/\/www.cphi-online.com\/zeta-pharma-comp282422.html\"]}]}<\/script>\n<!-- \/ Yoast SEO plugin. -->","yoast_head_json":{"title":"Marca pr\u00f3pria - Zeta Pharma","robots":{"index":"index","follow":"follow","max-snippet":"max-snippet:-1","max-image-preview":"max-image-preview:large","max-video-preview":"max-video-preview:-1"},"canonical":"https:\/\/zetapharma.net\/pt-pt\/marca-propria\/","og_locale":"pt_PT","og_type":"article","og_title":"Marca pr\u00f3pria - Zeta Pharma","og_description":"P\u00e1gina oficial &gt; Marca pr\u00f3pria A rotulagem privada \u00e9 uma das maneiras mais f\u00e1ceis de construir sua marca. Se voc\u00ea j\u00e1 \u00e9 uma empresa farmac\u00eautica respeit\u00e1vel de suplementos alimentares que busca expandir sua linha de produtos atual ou \u00e9 uma empresa nova que ingressa nas ind\u00fastrias de suplementos farmac\u00eauticos e nutricionais, recomendamos dar uma olhada [&hellip;]","og_url":"https:\/\/zetapharma.net\/pt-pt\/marca-propria\/","og_site_name":"Zeta Pharma","article_publisher":"https:\/\/www.facebook.com\/Zetapharma2010\/","article_modified_time":"2022-10-30T23:42:35+00:00","twitter_card":"summary_large_image","twitter_misc":{"Tempo estimado de leitura":"2 minutos"},"schema":{"@context":"https:\/\/schema.org","@graph":[{"@type":"WebPage","@id":"https:\/\/zetapharma.net\/pt-pt\/marca-propria\/","url":"https:\/\/zetapharma.net\/pt-pt\/marca-propria\/","name":"Marca pr\u00f3pria - Zeta Pharma","isPartOf":{"@id":"https:\/\/zetapharma.net\/ar\/#website"},"datePublished":"2022-07-17T09:28:24+00:00","dateModified":"2022-10-30T23:42:35+00:00","breadcrumb":{"@id":"https:\/\/zetapharma.net\/pt-pt\/marca-propria\/#breadcrumb"},"inLanguage":"pt-PT","potentialAction":[{"@type":"ReadAction","target":["https:\/\/zetapharma.net\/pt-pt\/marca-propria\/"]}]},{"@type":"BreadcrumbList","@id":"https:\/\/zetapharma.net\/pt-pt\/marca-propria\/#breadcrumb","itemListElement":[{"@type":"ListItem","position":1,"name":"Home","item":"https:\/\/zetapharma.net\/pt-pt\/"},{"@type":"ListItem","position":2,"name":"Marca pr\u00f3pria"}]},{"@type":"WebSite","@id":"https:\/\/zetapharma.net\/ar\/#website","url":"https:\/\/zetapharma.net\/ar\/","name":"Zeta Pharma","description":"Zeta Pharma","publisher":{"@id":"https:\/\/zetapharma.net\/ar\/#organization"},"potentialAction":[{"@type":"SearchAction","target":{"@type":"EntryPoint","urlTemplate":"https:\/\/zetapharma.net\/ar\/?s={search_term_string}"},"query-input":{"@type":"PropertyValueSpecification","valueRequired":true,"valueName":"search_term_string"}}],"inLanguage":"pt-PT"},{"@type":"Organization","@id":"https:\/\/zetapharma.net\/ar\/#organization","name":"Zeta Pharma","url":"https:\/\/zetapharma.net\/ar\/","logo":{"@type":"ImageObject","inLanguage":"pt-PT","@id":"https:\/\/zetapharma.net\/ar\/#\/schema\/logo\/image\/","url":"https:\/\/zetapharma.net\/wp-content\/uploads\/2022\/07\/zeta-logo.png","contentUrl":"https:\/\/zetapharma.net\/wp-content\/uploads\/2022\/07\/zeta-logo.png","width":274,"height":127,"caption":"Zeta Pharma"},"image":{"@id":"https:\/\/zetapharma.net\/ar\/#\/schema\/logo\/image\/"},"sameAs":["https:\/\/www.facebook.com\/Zetapharma2010\/","https:\/\/www.youtube.com\/channel\/UCVfxGFbd3PIIMHroJ6NSWjw\/videos","https:\/\/www.linkedin.com\/company\/10077588","https:\/\/www.cphi-online.com\/zeta-pharma-comp282422.html"]}]}},"_links":{"self":[{"href":"https:\/\/zetapharma.net\/pt-pt\/wp-json\/wp\/v2\/pages\/11475","targetHints":{"allow":["GET"]}}],"collection":[{"href":"https:\/\/zetapharma.net\/pt-pt\/wp-json\/wp\/v2\/pages"}],"about":[{"href":"https:\/\/zetapharma.net\/pt-pt\/wp-json\/wp\/v2\/types\/page"}],"author":[{"embeddable":true,"href":"https:\/\/zetapharma.net\/pt-pt\/wp-json\/wp\/v2\/users\/2"}],"replies":[{"embeddable":true,"href":"https:\/\/zetapharma.net\/pt-pt\/wp-json\/wp\/v2\/comments?post=11475"}],"version-history":[{"count":2,"href":"https:\/\/zetapharma.net\/pt-pt\/wp-json\/wp\/v2\/pages\/11475\/revisions"}],"predecessor-version":[{"id":11477,"href":"https:\/\/zetapharma.net\/pt-pt\/wp-json\/wp\/v2\/pages\/11475\/revisions\/11477"}],"wp:attachment":[{"href":"https:\/\/zetapharma.net\/pt-pt\/wp-json\/wp\/v2\/media?parent=11475"}],"curies":[{"name":"wp","href":"https:\/\/api.w.org\/{rel}","templated":true}]}}