{"id":11480,"date":"2022-07-21T09:51:46","date_gmt":"2022-07-21T09:51:46","guid":{"rendered":"https:\/\/zetapharma.net\/relatorio-de-eventos-adversos\/"},"modified":"2022-10-30T23:56:57","modified_gmt":"2022-10-30T23:56:57","slug":"relatorio-de-eventos-adversos","status":"publish","type":"page","link":"https:\/\/zetapharma.net\/pt-pt\/relatorio-de-eventos-adversos\/","title":{"rendered":"Relat\u00f3rio de eventos adversos"},"content":{"rendered":"\t\t<div data-elementor-type=\"wp-page\" data-elementor-id=\"11480\" class=\"elementor elementor-11480\" data-elementor-post-type=\"page\">\n\t\t\t\t\t\t<section class=\"elementor-section elementor-top-section elementor-element elementor-element-7dc12abc elementor-section-stretched elementor-section-boxed elementor-section-height-default elementor-section-height-default\" data-id=\"7dc12abc\" data-element_type=\"section\" data-settings=\"{&quot;background_background&quot;:&quot;classic&quot;,&quot;stretch_section&quot;:&quot;section-stretched&quot;,&quot;jet_parallax_layout_list&quot;:[]}\">\r\n\t\t\t\t\t\t<div class=\"elementor-background-overlay\"><\/div>\r\n\t\t\t\r\n\t\t\t\t\t\t\t<div class=\"elementor-container elementor-column-gap-default\">\r\n\t\t\t\t\t\t\t\t\t\t\t<div class=\"elementor-column elementor-col-100 elementor-top-column elementor-element elementor-element-390f1392\" data-id=\"390f1392\" data-element_type=\"column\">\r\n\t\t\t\t\t<div class=\"elementor-widget-wrap elementor-element-populated\">\r\n\t\t\t\t\t\t\t\t<div class=\"elementor-element elementor-element-437bead animated-fast elementor-invisible elementor-widget elementor-widget-heading\" data-id=\"437bead\" data-element_type=\"widget\" data-settings=\"{&quot;_animation_delay&quot;:&quot;200&quot;,&quot;_animation&quot;:&quot;fadeInDown&quot;}\" data-widget_type=\"heading.default\">\n\t\t\t\t\t<h1 class=\"elementor-heading-title elementor-size-default\"><a href=\"https:\/\/zetapharma.net\/pt-pt\/relatorio-de-eventos-adversos\/\">Relat\u00f3rio de eventos adversos<\/a><\/h1>\t\t\t\t<\/div>\n\t\t\t\t<section class=\"elementor-section elementor-inner-section elementor-element elementor-element-7d0995c elementor-section-boxed elementor-section-height-default elementor-section-height-default\" data-id=\"7d0995c\" data-element_type=\"section\" data-settings=\"{&quot;jet_parallax_layout_list&quot;:[]}\">\r\n\t\t\r\n\t\t\t\t\t\t\t<div class=\"elementor-container elementor-column-gap-default\">\r\n\t\t\t\t\t\t\t\t\t\t\t<div class=\"elementor-column elementor-col-33 elementor-inner-column elementor-element elementor-element-e56b79a\" data-id=\"e56b79a\" data-element_type=\"column\">\r\n\t\t\t\t\t<div class=\"elementor-widget-wrap elementor-element-populated\">\r\n\t\t\t\t\t\t\t\t<div class=\"elementor-element elementor-element-eba56ce elementor-widget elementor-widget-heading\" data-id=\"eba56ce\" data-element_type=\"widget\" data-widget_type=\"heading.default\">\n\t\t\t\t\t<h6 class=\"elementor-heading-title elementor-size-default\"><a href=\"https:\/\/zetapharma.net\/pt-pt\/\">P\u00e1gina oficial<\/a><\/h6>\t\t\t\t<\/div>\n\t\t\t\t\t<\/div>\r\n\t\t\t\t<\/div>\r\n\t\t\t\t<div class=\"elementor-column elementor-col-33 elementor-inner-column elementor-element elementor-element-06d8a01\" data-id=\"06d8a01\" data-element_type=\"column\">\r\n\t\t\t\t\t<div class=\"elementor-widget-wrap elementor-element-populated\">\r\n\t\t\t\t\t\t\t\t<div class=\"elementor-element elementor-element-931182f elementor-widget elementor-widget-heading\" data-id=\"931182f\" data-element_type=\"widget\" data-widget_type=\"heading.default\">\n\t\t\t\t\t<h6 class=\"elementor-heading-title elementor-size-default\"><a href=\"#\">&gt;<\/a><\/h6>\t\t\t\t<\/div>\n\t\t\t\t\t<\/div>\r\n\t\t\t\t<\/div>\r\n\t\t\t\t<div class=\"elementor-column elementor-col-33 elementor-inner-column elementor-element elementor-element-6758d9e\" data-id=\"6758d9e\" data-element_type=\"column\">\r\n\t\t\t\t\t<div class=\"elementor-widget-wrap elementor-element-populated\">\r\n\t\t\t\t\t\t\t\t<div class=\"elementor-element elementor-element-d128fa4 elementor-widget elementor-widget-heading\" data-id=\"d128fa4\" data-element_type=\"widget\" data-widget_type=\"heading.default\">\n\t\t\t\t\t<h6 class=\"elementor-heading-title elementor-size-default\"><a href=\"https:\/\/zetapharma.net\/pt-pt\/relatorio-de-eventos-adversos\/\">Relat\u00f3rio de eventos adversos<\/a><\/h6>\t\t\t\t<\/div>\n\t\t\t\t\t<\/div>\r\n\t\t\t\t<\/div>\r\n\t\t\t\t\t<\/div>\r\n\t\t\t\t<\/section>\r\n\t\t\t\t\t<\/div>\r\n\t\t\t\t<\/div>\r\n\t\t\t\t\t<\/div>\r\n\t\t\t\t<\/section>\r\n\t\t\t\t<section class=\"elementor-section elementor-top-section elementor-element elementor-element-8cf2214 elementor-section-boxed elementor-section-height-default elementor-section-height-default\" data-id=\"8cf2214\" data-element_type=\"section\" data-settings=\"{&quot;jet_parallax_layout_list&quot;:[]}\">\r\n\t\t\r\n\t\t\t\t\t\t\t<div class=\"elementor-container elementor-column-gap-default\">\r\n\t\t\t\t\t\t\t\t\t\t\t<div class=\"elementor-column elementor-col-100 elementor-top-column elementor-element elementor-element-a645aa2\" data-id=\"a645aa2\" data-element_type=\"column\">\r\n\t\t\t\t\t<div class=\"elementor-widget-wrap elementor-element-populated\">\r\n\t\t\t\t\t\t\t\t<div class=\"elementor-element elementor-element-38018ad elementor-blockquote--skin-border elementor-blockquote--button-color-official elementor-widget elementor-widget-blockquote\" data-id=\"38018ad\" data-element_type=\"widget\" data-widget_type=\"blockquote.default\">\n\t\t\t\t\t\t\t<blockquote class=\"elementor-blockquote\">\n\t\t\t<p class=\"elementor-blockquote__content\">\n\t\t\t\tParte da miss\u00e3o da Zeta de atender os pacientes inclui coletar, revisar e relatar todas as informa\u00e7\u00f5es de Eventos Adversos (EAs), Outras Descobertas de Seguran\u00e7a (OSFs) e Reclama\u00e7\u00f5es de Produtos (PCs) associadas ao uso de produtos sob investiga\u00e7\u00e3o e comercializados da Zeta. <br><br>\n\u00c9 pol\u00edtica da Zeta cumprir todas as regulamenta\u00e7\u00f5es e leis em todo o mundo relacionadas \u00e0 comunica\u00e7\u00e3o de Eventos Adversos, Outras Descobertas de Seguran\u00e7a e Reclama\u00e7\u00f5es de Produtos (coletivamente conhecidos como Eventos Notific\u00e1veis). Indiv\u00edduos sujeitos a esta pol\u00edtica s\u00e3o obrigados a relatar todos os eventos report\u00e1veis \u200b\u200bdentro de um dia \u00fatil ap\u00f3s o conhecimento deles.\n\t\t\t<\/p>\n\t\t\t\t\t<\/blockquote>\n\t\t\t\t\t\t<\/div>\n\t\t\t\t\t<\/div>\r\n\t\t\t\t<\/div>\r\n\t\t\t\t\t<\/div>\r\n\t\t\t\t<\/section>\r\n\t\t\t\t<section class=\"elementor-section elementor-top-section elementor-element elementor-element-45922e6e elementor-section-content-top elementor-section-stretched elementor-section-boxed elementor-section-height-default elementor-section-height-default\" data-id=\"45922e6e\" data-element_type=\"section\" data-settings=\"{&quot;jet_parallax_layout_list&quot;:[],&quot;stretch_section&quot;:&quot;section-stretched&quot;}\">\r\n\t\t\r\n\t\t\t\t\t\t\t<div class=\"elementor-container elementor-column-gap-no\">\r\n\t\t\t\t\t\t\t\t\t\t\t<div class=\"elementor-column elementor-col-50 elementor-top-column elementor-element elementor-element-83a4fc8\" data-id=\"83a4fc8\" data-element_type=\"column\">\r\n\t\t\t\t\t<div class=\"elementor-widget-wrap elementor-element-populated\">\r\n\t\t\t\t\t\t\t\t<div class=\"elementor-element elementor-element-f7f5da4 elementor-widget elementor-widget-porto_ultimate_heading\" data-id=\"f7f5da4\" data-element_type=\"widget\" data-widget_type=\"porto_ultimate_heading.default\">\n\t\t\t\t\t<div class=\"porto-u-heading  porto-u-ad87e2eaf3f9c495180fe0156ddf3eb0\"><div class=\"porto-u-main-heading\"><h2    style=\"margin-bottom: 16px;\">How to Report?<\/h2><\/div><div class=\"porto-u-sub-heading\" style=\"\"><p>All information that pertains to a Reportable Event must be directed to Zeta for review and analysis as appropriate. Report Reportable Events related to any Zeta product to Zeta by:<\/p><\/div><style>.porto-u-ad87e2eaf3f9c495180fe0156ddf3eb0.porto-u-heading{text-align:left}<\/style><\/div>\t\t\t\t<\/div>\n\t\t\t\t<section class=\"elementor-section elementor-inner-section elementor-element elementor-element-46d94c0 elementor-section-boxed elementor-section-height-default elementor-section-height-default\" data-id=\"46d94c0\" data-element_type=\"section\" data-settings=\"{&quot;jet_parallax_layout_list&quot;:[]}\">\r\n\t\t\r\n\t\t\t\t\t\t\t<div class=\"elementor-container elementor-column-gap-default\">\r\n\t\t\t\t\t\t\t\t\t\t\t<div class=\"elementor-column elementor-col-100 elementor-inner-column elementor-element elementor-element-a935e46\" data-id=\"a935e46\" data-element_type=\"column\">\r\n\t\t\t\t\t<div class=\"elementor-widget-wrap elementor-element-populated\">\r\n\t\t\t\t\t\t\t\t<div class=\"elementor-element elementor-element-bf466ac elementor-position-left elementor-view-default elementor-mobile-position-top elementor-widget elementor-widget-icon-box\" data-id=\"bf466ac\" data-element_type=\"widget\" data-widget_type=\"icon-box.default\">\n\t\t\t\t\t\t\t<div class=\"elementor-icon-box-wrapper\">\n\n\t\t\t\t\t\t<div class=\"elementor-icon-box-icon\">\n\t\t\t\t<span  class=\"elementor-icon\">\n\t\t\t\t<i aria-hidden=\"true\" class=\"  porto-icon-callin\"><\/i>\t\t\t\t<\/span>\n\t\t\t<\/div>\n\t\t\t\n\t\t\t\t\t\t<div class=\"elementor-icon-box-content\">\n\n\t\t\t\t\t\t\t\t\t<h3 class=\"elementor-icon-box-title\">\n\t\t\t\t\t\t<span  >\n\t\t\t\t\t\t\tLinha direta: 17053\t\t\t\t\t\t<\/span>\n\t\t\t\t\t<\/h3>\n\t\t\t\t\n\t\t\t\t\n\t\t\t<\/div>\n\t\t\t\n\t\t<\/div>\n\t\t\t\t\t\t<\/div>\n\t\t\t\t\t<\/div>\r\n\t\t\t\t<\/div>\r\n\t\t\t\t\t<\/div>\r\n\t\t\t\t<\/section>\r\n\t\t\t\t<section class=\"elementor-section elementor-inner-section elementor-element elementor-element-5eac6ad elementor-section-boxed elementor-section-height-default elementor-section-height-default\" data-id=\"5eac6ad\" data-element_type=\"section\" data-settings=\"{&quot;jet_parallax_layout_list&quot;:[]}\">\r\n\t\t\r\n\t\t\t\t\t\t\t<div class=\"elementor-container elementor-column-gap-default\">\r\n\t\t\t\t\t\t\t\t\t\t\t<div class=\"elementor-column elementor-col-100 elementor-inner-column elementor-element elementor-element-3b7f112\" data-id=\"3b7f112\" data-element_type=\"column\">\r\n\t\t\t\t\t<div class=\"elementor-widget-wrap elementor-element-populated\">\r\n\t\t\t\t\t\t\t\t<div class=\"elementor-element elementor-element-c9c6266 elementor-position-left elementor-view-default elementor-mobile-position-top elementor-widget elementor-widget-icon-box\" data-id=\"c9c6266\" data-element_type=\"widget\" data-widget_type=\"icon-box.default\">\n\t\t\t\t\t\t\t<div class=\"elementor-icon-box-wrapper\">\n\n\t\t\t\t\t\t<div class=\"elementor-icon-box-icon\">\n\t\t\t\t<span  class=\"elementor-icon\">\n\t\t\t\t<i aria-hidden=\"true\" class=\"material-icons md-email\" data-md-icon=\"email\"><\/i>\t\t\t\t<\/span>\n\t\t\t<\/div>\n\t\t\t\n\t\t\t\t\t\t<div class=\"elementor-icon-box-content\">\n\n\t\t\t\t\t\t\t\t\t<h3 class=\"elementor-icon-box-title\">\n\t\t\t\t\t\t<span  >\n\t\t\t\t\t\t\tPV@zeta-pharma.com\t\t\t\t\t\t<\/span>\n\t\t\t\t\t<\/h3>\n\t\t\t\t\n\t\t\t\t\n\t\t\t<\/div>\n\t\t\t\n\t\t<\/div>\n\t\t\t\t\t\t<\/div>\n\t\t\t\t\t<\/div>\r\n\t\t\t\t<\/div>\r\n\t\t\t\t\t<\/div>\r\n\t\t\t\t<\/section>\r\n\t\t\t\t<section class=\"elementor-section elementor-inner-section elementor-element elementor-element-1223627 elementor-section-boxed elementor-section-height-default elementor-section-height-default\" data-id=\"1223627\" data-element_type=\"section\" data-settings=\"{&quot;jet_parallax_layout_list&quot;:[]}\">\r\n\t\t\r\n\t\t\t\t\t\t\t<div class=\"elementor-container elementor-column-gap-default\">\r\n\t\t\t\t\t\t\t\t\t\t\t<div class=\"elementor-column elementor-col-100 elementor-inner-column elementor-element elementor-element-6fdf1ab0\" data-id=\"6fdf1ab0\" data-element_type=\"column\">\r\n\t\t\t\t\t<div class=\"elementor-widget-wrap elementor-element-populated\">\r\n\t\t\t\t\t\t\t\t<div class=\"elementor-element elementor-element-35f2629 elementor-widget elementor-widget-porto_ultimate_heading\" data-id=\"35f2629\" data-element_type=\"widget\" data-widget_type=\"porto_ultimate_heading.default\">\n\t\t\t\t\t<div class=\"porto-u-heading  porto-u-ad87e2eaf3f9c495180fe0156ddf3eb0\"><div class=\"porto-u-main-heading\"><h2    style=\"margin-bottom: 16px;\">Adverse Events (AE)<\/h2><\/div><div class=\"porto-u-sub-heading\" style=\"\"><p>An AE is any untoward medical occurrence in a patient administered an Zeta product and which is not necessarily caused by the Zeta product. An AE can therefore be any unfavorable and unintended sign (e.g., an abnormal laboratory finding), symptom, or disease temporally associated with the use of a medicinal product, combination product, or medical device, whether or not considered related to the product. This includes:<\/p><ul><li>Any clinically significant worsening of a pre-existing condition; or<\/li><li>An AE that has been associated with the discontinuation of the use of a product.<\/li><\/ul><\/div><style>.porto-u-ad87e2eaf3f9c495180fe0156ddf3eb0.porto-u-heading{text-align:left}<\/style><\/div>\t\t\t\t<\/div>\n\t\t\t\t\t<\/div>\r\n\t\t\t\t<\/div>\r\n\t\t\t\t\t<\/div>\r\n\t\t\t\t<\/section>\r\n\t\t\t\t\t<\/div>\r\n\t\t\t\t<\/div>\r\n\t\t\t\t<div class=\"elementor-column elementor-col-50 elementor-top-column elementor-element elementor-element-77f76394\" data-id=\"77f76394\" data-element_type=\"column\" data-settings=\"{&quot;background_background&quot;:&quot;classic&quot;}\">\r\n\t\t\t\t\t<div class=\"elementor-widget-wrap elementor-element-populated\">\r\n\t\t\t\t\t\t\t\t<section class=\"elementor-section elementor-inner-section elementor-element elementor-element-9249e3f elementor-section-content-top elementor-section-full_width elementor-section-height-default elementor-section-height-default\" data-id=\"9249e3f\" data-element_type=\"section\" data-settings=\"{&quot;jet_parallax_layout_list&quot;:[]}\">\r\n\t\t\r\n\t\t\t\t\t\t\t<div class=\"elementor-container elementor-column-gap-no\">\r\n\t\t\t\t\t\t\t\t\t\t\t<div class=\"elementor-column elementor-col-100 elementor-inner-column elementor-element elementor-element-5428fba\" data-id=\"5428fba\" data-element_type=\"column\">\r\n\t\t\t\t\t<div class=\"elementor-widget-wrap\">\r\n\t\t\t\t\t\t\t\t\t<\/div>\r\n\t\t\t\t<\/div>\r\n\t\t\t\t\t<\/div>\r\n\t\t\t\t<\/section>\r\n\t\t\t\t\t<\/div>\r\n\t\t\t\t<\/div>\r\n\t\t\t\t\t<\/div>\r\n\t\t\t\t<\/section>\r\n\t\t\t\t<\/div>\n\t\t","protected":false},"excerpt":{"rendered":"<p>P\u00e1gina oficial &gt; Parte da miss\u00e3o da Zeta de atender os pacientes inclui coletar, revisar e relatar todas as informa\u00e7\u00f5es de Eventos Adversos (EAs), Outras Descobertas de Seguran\u00e7a (OSFs) e Reclama\u00e7\u00f5es de Produtos (PCs) associadas ao uso de produtos sob investiga\u00e7\u00e3o e comercializados da Zeta. \u00c9 pol\u00edtica da Zeta cumprir todas as regulamenta\u00e7\u00f5es e leis [&hellip;]<\/p>\n","protected":false},"author":2,"featured_media":0,"parent":0,"menu_order":0,"comment_status":"closed","ping_status":"closed","template":"elementor_theme","meta":{"content-type":"","footnotes":""},"class_list":["post-11480","page","type-page","status-publish","hentry"],"acf":[],"yoast_head":"<!-- This site is optimized with the Yoast SEO plugin v25.6 - https:\/\/yoast.com\/wordpress\/plugins\/seo\/ -->\n<title>Relat\u00f3rio de eventos adversos - Zeta Pharma<\/title>\n<meta name=\"robots\" content=\"index, follow, max-snippet:-1, max-image-preview:large, max-video-preview:-1\" \/>\n<link rel=\"canonical\" href=\"https:\/\/zetapharma.net\/pt-pt\/relatorio-de-eventos-adversos\/\" \/>\n<meta property=\"og:locale\" content=\"pt_PT\" \/>\n<meta property=\"og:type\" content=\"article\" \/>\n<meta property=\"og:title\" content=\"Relat\u00f3rio de eventos adversos - Zeta Pharma\" \/>\n<meta property=\"og:description\" content=\"P\u00e1gina oficial &gt; Parte da miss\u00e3o da Zeta de atender os pacientes inclui coletar, revisar e relatar todas as informa\u00e7\u00f5es de Eventos Adversos (EAs), Outras Descobertas de Seguran\u00e7a (OSFs) e Reclama\u00e7\u00f5es de Produtos (PCs) associadas ao uso de produtos sob investiga\u00e7\u00e3o e comercializados da Zeta. \u00c9 pol\u00edtica da Zeta cumprir todas as regulamenta\u00e7\u00f5es e leis [&hellip;]\" \/>\n<meta property=\"og:url\" content=\"https:\/\/zetapharma.net\/pt-pt\/relatorio-de-eventos-adversos\/\" \/>\n<meta property=\"og:site_name\" content=\"Zeta Pharma\" \/>\n<meta property=\"article:publisher\" content=\"https:\/\/www.facebook.com\/Zetapharma2010\/\" \/>\n<meta property=\"article:modified_time\" content=\"2022-10-30T23:56:57+00:00\" \/>\n<meta name=\"twitter:card\" content=\"summary_large_image\" \/>\n<meta name=\"twitter:label1\" content=\"Tempo estimado de leitura\" \/>\n\t<meta name=\"twitter:data1\" content=\"4 minutos\" \/>\n<script type=\"application\/ld+json\" class=\"yoast-schema-graph\">{\"@context\":\"https:\/\/schema.org\",\"@graph\":[{\"@type\":\"WebPage\",\"@id\":\"https:\/\/zetapharma.net\/pt-pt\/relatorio-de-eventos-adversos\/\",\"url\":\"https:\/\/zetapharma.net\/pt-pt\/relatorio-de-eventos-adversos\/\",\"name\":\"Relat\u00f3rio de eventos adversos - Zeta Pharma\",\"isPartOf\":{\"@id\":\"https:\/\/zetapharma.net\/ar\/#website\"},\"datePublished\":\"2022-07-21T09:51:46+00:00\",\"dateModified\":\"2022-10-30T23:56:57+00:00\",\"breadcrumb\":{\"@id\":\"https:\/\/zetapharma.net\/pt-pt\/relatorio-de-eventos-adversos\/#breadcrumb\"},\"inLanguage\":\"pt-PT\",\"potentialAction\":[{\"@type\":\"ReadAction\",\"target\":[\"https:\/\/zetapharma.net\/pt-pt\/relatorio-de-eventos-adversos\/\"]}]},{\"@type\":\"BreadcrumbList\",\"@id\":\"https:\/\/zetapharma.net\/pt-pt\/relatorio-de-eventos-adversos\/#breadcrumb\",\"itemListElement\":[{\"@type\":\"ListItem\",\"position\":1,\"name\":\"Home\",\"item\":\"https:\/\/zetapharma.net\/pt-pt\/\"},{\"@type\":\"ListItem\",\"position\":2,\"name\":\"Relat\u00f3rio de eventos adversos\"}]},{\"@type\":\"WebSite\",\"@id\":\"https:\/\/zetapharma.net\/ar\/#website\",\"url\":\"https:\/\/zetapharma.net\/ar\/\",\"name\":\"Zeta Pharma\",\"description\":\"Zeta Pharma\",\"publisher\":{\"@id\":\"https:\/\/zetapharma.net\/ar\/#organization\"},\"potentialAction\":[{\"@type\":\"SearchAction\",\"target\":{\"@type\":\"EntryPoint\",\"urlTemplate\":\"https:\/\/zetapharma.net\/ar\/?s={search_term_string}\"},\"query-input\":{\"@type\":\"PropertyValueSpecification\",\"valueRequired\":true,\"valueName\":\"search_term_string\"}}],\"inLanguage\":\"pt-PT\"},{\"@type\":\"Organization\",\"@id\":\"https:\/\/zetapharma.net\/ar\/#organization\",\"name\":\"Zeta Pharma\",\"url\":\"https:\/\/zetapharma.net\/ar\/\",\"logo\":{\"@type\":\"ImageObject\",\"inLanguage\":\"pt-PT\",\"@id\":\"https:\/\/zetapharma.net\/ar\/#\/schema\/logo\/image\/\",\"url\":\"https:\/\/zetapharma.net\/wp-content\/uploads\/2022\/07\/zeta-logo.png\",\"contentUrl\":\"https:\/\/zetapharma.net\/wp-content\/uploads\/2022\/07\/zeta-logo.png\",\"width\":274,\"height\":127,\"caption\":\"Zeta Pharma\"},\"image\":{\"@id\":\"https:\/\/zetapharma.net\/ar\/#\/schema\/logo\/image\/\"},\"sameAs\":[\"https:\/\/www.facebook.com\/Zetapharma2010\/\",\"https:\/\/www.youtube.com\/channel\/UCVfxGFbd3PIIMHroJ6NSWjw\/videos\",\"https:\/\/www.linkedin.com\/company\/10077588\",\"https:\/\/www.cphi-online.com\/zeta-pharma-comp282422.html\"]}]}<\/script>\n<!-- \/ Yoast SEO plugin. -->","yoast_head_json":{"title":"Relat\u00f3rio de eventos adversos - Zeta Pharma","robots":{"index":"index","follow":"follow","max-snippet":"max-snippet:-1","max-image-preview":"max-image-preview:large","max-video-preview":"max-video-preview:-1"},"canonical":"https:\/\/zetapharma.net\/pt-pt\/relatorio-de-eventos-adversos\/","og_locale":"pt_PT","og_type":"article","og_title":"Relat\u00f3rio de eventos adversos - Zeta Pharma","og_description":"P\u00e1gina oficial &gt; Parte da miss\u00e3o da Zeta de atender os pacientes inclui coletar, revisar e relatar todas as informa\u00e7\u00f5es de Eventos Adversos (EAs), Outras Descobertas de Seguran\u00e7a (OSFs) e Reclama\u00e7\u00f5es de Produtos (PCs) associadas ao uso de produtos sob investiga\u00e7\u00e3o e comercializados da Zeta. \u00c9 pol\u00edtica da Zeta cumprir todas as regulamenta\u00e7\u00f5es e leis [&hellip;]","og_url":"https:\/\/zetapharma.net\/pt-pt\/relatorio-de-eventos-adversos\/","og_site_name":"Zeta Pharma","article_publisher":"https:\/\/www.facebook.com\/Zetapharma2010\/","article_modified_time":"2022-10-30T23:56:57+00:00","twitter_card":"summary_large_image","twitter_misc":{"Tempo estimado de leitura":"4 minutos"},"schema":{"@context":"https:\/\/schema.org","@graph":[{"@type":"WebPage","@id":"https:\/\/zetapharma.net\/pt-pt\/relatorio-de-eventos-adversos\/","url":"https:\/\/zetapharma.net\/pt-pt\/relatorio-de-eventos-adversos\/","name":"Relat\u00f3rio de eventos adversos - Zeta Pharma","isPartOf":{"@id":"https:\/\/zetapharma.net\/ar\/#website"},"datePublished":"2022-07-21T09:51:46+00:00","dateModified":"2022-10-30T23:56:57+00:00","breadcrumb":{"@id":"https:\/\/zetapharma.net\/pt-pt\/relatorio-de-eventos-adversos\/#breadcrumb"},"inLanguage":"pt-PT","potentialAction":[{"@type":"ReadAction","target":["https:\/\/zetapharma.net\/pt-pt\/relatorio-de-eventos-adversos\/"]}]},{"@type":"BreadcrumbList","@id":"https:\/\/zetapharma.net\/pt-pt\/relatorio-de-eventos-adversos\/#breadcrumb","itemListElement":[{"@type":"ListItem","position":1,"name":"Home","item":"https:\/\/zetapharma.net\/pt-pt\/"},{"@type":"ListItem","position":2,"name":"Relat\u00f3rio de eventos adversos"}]},{"@type":"WebSite","@id":"https:\/\/zetapharma.net\/ar\/#website","url":"https:\/\/zetapharma.net\/ar\/","name":"Zeta Pharma","description":"Zeta Pharma","publisher":{"@id":"https:\/\/zetapharma.net\/ar\/#organization"},"potentialAction":[{"@type":"SearchAction","target":{"@type":"EntryPoint","urlTemplate":"https:\/\/zetapharma.net\/ar\/?s={search_term_string}"},"query-input":{"@type":"PropertyValueSpecification","valueRequired":true,"valueName":"search_term_string"}}],"inLanguage":"pt-PT"},{"@type":"Organization","@id":"https:\/\/zetapharma.net\/ar\/#organization","name":"Zeta Pharma","url":"https:\/\/zetapharma.net\/ar\/","logo":{"@type":"ImageObject","inLanguage":"pt-PT","@id":"https:\/\/zetapharma.net\/ar\/#\/schema\/logo\/image\/","url":"https:\/\/zetapharma.net\/wp-content\/uploads\/2022\/07\/zeta-logo.png","contentUrl":"https:\/\/zetapharma.net\/wp-content\/uploads\/2022\/07\/zeta-logo.png","width":274,"height":127,"caption":"Zeta Pharma"},"image":{"@id":"https:\/\/zetapharma.net\/ar\/#\/schema\/logo\/image\/"},"sameAs":["https:\/\/www.facebook.com\/Zetapharma2010\/","https:\/\/www.youtube.com\/channel\/UCVfxGFbd3PIIMHroJ6NSWjw\/videos","https:\/\/www.linkedin.com\/company\/10077588","https:\/\/www.cphi-online.com\/zeta-pharma-comp282422.html"]}]}},"_links":{"self":[{"href":"https:\/\/zetapharma.net\/pt-pt\/wp-json\/wp\/v2\/pages\/11480","targetHints":{"allow":["GET"]}}],"collection":[{"href":"https:\/\/zetapharma.net\/pt-pt\/wp-json\/wp\/v2\/pages"}],"about":[{"href":"https:\/\/zetapharma.net\/pt-pt\/wp-json\/wp\/v2\/types\/page"}],"author":[{"embeddable":true,"href":"https:\/\/zetapharma.net\/pt-pt\/wp-json\/wp\/v2\/users\/2"}],"replies":[{"embeddable":true,"href":"https:\/\/zetapharma.net\/pt-pt\/wp-json\/wp\/v2\/comments?post=11480"}],"version-history":[{"count":5,"href":"https:\/\/zetapharma.net\/pt-pt\/wp-json\/wp\/v2\/pages\/11480\/revisions"}],"predecessor-version":[{"id":11492,"href":"https:\/\/zetapharma.net\/pt-pt\/wp-json\/wp\/v2\/pages\/11480\/revisions\/11492"}],"wp:attachment":[{"href":"https:\/\/zetapharma.net\/pt-pt\/wp-json\/wp\/v2\/media?parent=11480"}],"curies":[{"name":"wp","href":"https:\/\/api.w.org\/{rel}","templated":true}]}}